{"id":8923,"date":"2023-03-14T14:31:16","date_gmt":"2023-03-14T13:31:16","guid":{"rendered":"https:\/\/demoweb.artmotion.net\/?page_id=8923"},"modified":"2025-11-25T09:34:35","modified_gmt":"2025-11-25T08:34:35","slug":"tv","status":"publish","type":"page","link":"https:\/\/artmotion.net\/en\/tv\/","title":{"rendered":"TV"},"content":{"rendered":"<p>Tv ne Artmotion: Kino 1, Kino 2, Kino 3, Doku 1, Doku 2, Sport 1, Sport 2, Sport 3, Sport 4, Sport 5, Sport 6, Prime, Beat TV, Prince Kids, Gurmania. <\/p>\n\n\n\n<p>Artmotion eshte nje nga operatoret kabllore me modern ne Kosove si dhe shperndares i sh\u00ebrbimeve medial audiovizual dhe t\u00eb internetit. Artmotion \u00ebsht\u00eb pronar dhe zot\u00ebrues me t\u00eb drejta t\u00eb plota t\u00eb 18 TV Kanaleve me kontent te ndryshem (permbajtje programore) dhe pikerisht ketu fillon te behet ndryshimi ne tregun e Kosoves duke ofruar sherbimin me te mire, programe me vlere dhe me internet te shpejte. E tere kjo u permbledhe ne nje slogan te vetem: TJET\u00cbR NIVEL, me te cilin Artmotion filloj rrugetimin drejt majave te sukseseve.<\/p>\n\n\n\n<p>Mos kqyr repriza te 2003, po merr Surpriza te 2023 vetem ne Artmotion.<\/p>\n\n\n\n<p><a href=\"https:\/\/www.youtube.com\/watch?v=HSDDlzcC_uQ\">Mos kqyr repriza t\u00eb 2003, po merr Surpriza t\u00eb 2023 | Artmotion &#8211; YouTube<\/a><\/p>\n\n\n\n<p><\/p>","protected":false},"excerpt":{"rendered":"<p>Tv ne Artmotion: Kino 1, Kino 2, Kino 3, Doku 1, Doku 2, Sport 1, Sport 2, Sport 3, Sport 4, Sport 5, Sport 6, Prime, Beat TV, Prince Kids, Gurmania. Artmotion eshte nje nga operatoret kabllore me modern ne Kosove si dhe shperndares i sh\u00ebrbimeve medial audiovizual dhe t\u00eb&hellip;<\/p>","protected":false},"author":1,"featured_media":11027,"parent":0,"menu_order":0,"comment_status":"closed","ping_status":"closed","template":"template-parts\/content-tv.php","meta":{"inline_featured_image":false,"footnotes":""},"class_list":["post-8923","page","type-page","status-publish","has-post-thumbnail","hentry"],"acf":[],"yoast_head":"<!-- This site is optimized with the Yoast SEO plugin v26.1 - https:\/\/yoast.com\/wordpress\/plugins\/seo\/ -->\n<title>Lajme, Arg\u00ebtim, Sport dhe Filma | Artmotion<\/title>\n<meta name=\"description\" content=\"Shiko TV kudo me aplikacionin e Artmotion! Kanale live, sport, filma &amp; VOD n\u00eb Android, iOS &amp; Smart TV. Rikthe programet deri n\u00eb 7 dit\u00eb. Abonohu tani dhe shijo!\" \/>\n<meta name=\"robots\" content=\"index, follow, max-snippet:-1, max-image-preview:large, max-video-preview:-1\" \/>\n<link rel=\"canonical\" href=\"https:\/\/artmotion.net\/en\/tv\/\" \/>\n<meta property=\"og:locale\" content=\"en_US\" \/>\n<meta property=\"og:type\" content=\"article\" \/>\n<meta property=\"og:title\" content=\"Lajme, Arg\u00ebtim, Sport dhe Filma | Artmotion\" \/>\n<meta property=\"og:description\" content=\"Shiko TV kudo me aplikacionin e Artmotion! Kanale live, sport, filma &amp; VOD n\u00eb Android, iOS &amp; Smart TV. Rikthe programet deri n\u00eb 7 dit\u00eb. Abonohu tani dhe shijo!\" \/>\n<meta property=\"og:url\" content=\"https:\/\/artmotion.net\/en\/tv\/\" \/>\n<meta property=\"og:site_name\" content=\"Artmotion\" \/>\n<meta property=\"article:publisher\" content=\"https:\/\/www.facebook.com\/artmotion.net\" \/>\n<meta property=\"article:modified_time\" content=\"2025-11-25T08:34:35+00:00\" \/>\n<meta property=\"og:image\" content=\"https:\/\/artmotion.net\/wp-content\/uploads\/2023\/04\/og_img-1.jpg\" \/>\n\t<meta property=\"og:image:width\" content=\"1200\" \/>\n\t<meta property=\"og:image:height\" content=\"630\" \/>\n\t<meta property=\"og:image:type\" content=\"image\/jpeg\" \/>\n<meta name=\"twitter:card\" content=\"summary_large_image\" \/>\n<meta name=\"twitter:label1\" content=\"Est. reading time\" \/>\n\t<meta name=\"twitter:data1\" content=\"1 minute\" \/>\n<script type=\"application\/ld+json\" class=\"yoast-schema-graph\">{\"@context\":\"https:\/\/schema.org\",\"@graph\":[{\"@type\":\"WebPage\",\"@id\":\"https:\/\/artmotion.net\/tv\/\",\"url\":\"https:\/\/artmotion.net\/tv\/\",\"name\":\"Lajme, Arg\u00ebtim, Sport dhe Filma | Artmotion\",\"isPartOf\":{\"@id\":\"https:\/\/artmotion.net\/#website\"},\"primaryImageOfPage\":{\"@id\":\"https:\/\/artmotion.net\/tv\/#primaryimage\"},\"image\":{\"@id\":\"https:\/\/artmotion.net\/tv\/#primaryimage\"},\"thumbnailUrl\":\"https:\/\/artmotion.net\/wp-content\/uploads\/2023\/04\/og_img-1.jpg\",\"datePublished\":\"2023-03-14T13:31:16+00:00\",\"dateModified\":\"2025-11-25T08:34:35+00:00\",\"description\":\"Shiko TV kudo me aplikacionin e Artmotion! Kanale live, sport, filma & VOD n\u00eb Android, iOS & Smart TV. Rikthe programet deri n\u00eb 7 dit\u00eb. Abonohu tani dhe shijo!\",\"breadcrumb\":{\"@id\":\"https:\/\/artmotion.net\/tv\/#breadcrumb\"},\"inLanguage\":\"en-US\",\"potentialAction\":[{\"@type\":\"ReadAction\",\"target\":[\"https:\/\/artmotion.net\/tv\/\"]}]},{\"@type\":\"ImageObject\",\"inLanguage\":\"en-US\",\"@id\":\"https:\/\/artmotion.net\/tv\/#primaryimage\",\"url\":\"https:\/\/artmotion.net\/wp-content\/uploads\/2023\/04\/og_img-1.jpg\",\"contentUrl\":\"https:\/\/artmotion.net\/wp-content\/uploads\/2023\/04\/og_img-1.jpg\",\"width\":1200,\"height\":630,\"caption\":\"Artmotion - Tjeter nivel\"},{\"@type\":\"BreadcrumbList\",\"@id\":\"https:\/\/artmotion.net\/tv\/#breadcrumb\",\"itemListElement\":[{\"@type\":\"ListItem\",\"position\":1,\"name\":\"Home\",\"item\":\"https:\/\/artmotion.net\/\"},{\"@type\":\"ListItem\",\"position\":2,\"name\":\"TV\"}]},{\"@type\":\"WebSite\",\"@id\":\"https:\/\/artmotion.net\/#website\",\"url\":\"https:\/\/artmotion.net\/\",\"name\":\"Artmotion\",\"description\":\"Broadband &amp; Telecom\",\"publisher\":{\"@id\":\"https:\/\/artmotion.net\/#organization\"},\"potentialAction\":[{\"@type\":\"SearchAction\",\"target\":{\"@type\":\"EntryPoint\",\"urlTemplate\":\"https:\/\/artmotion.net\/?s={search_term_string}\"},\"query-input\":{\"@type\":\"PropertyValueSpecification\",\"valueRequired\":true,\"valueName\":\"search_term_string\"}}],\"inLanguage\":\"en-US\"},{\"@type\":\"Organization\",\"@id\":\"https:\/\/artmotion.net\/#organization\",\"name\":\"Artmotion\",\"url\":\"https:\/\/artmotion.net\/\",\"logo\":{\"@type\":\"ImageObject\",\"inLanguage\":\"en-US\",\"@id\":\"https:\/\/artmotion.net\/#\/schema\/logo\/image\/\",\"url\":\"https:\/\/artmotion.net\/wp-content\/uploads\/2023\/03\/Asset-1.png\",\"contentUrl\":\"https:\/\/artmotion.net\/wp-content\/uploads\/2023\/03\/Asset-1.png\",\"width\":409,\"height\":196,\"caption\":\"Artmotion\"},\"image\":{\"@id\":\"https:\/\/artmotion.net\/#\/schema\/logo\/image\/\"},\"sameAs\":[\"https:\/\/www.facebook.com\/artmotion.net\",\"https:\/\/www.instagram.com\/artmotionnet\/?hl=en\",\"https:\/\/www.linkedin.com\/company\/artmotionnet\/\",\"https:\/\/www.youtube.com\/channel\/UCn92HPrJzmSibnIAP1n-umA\"]}]}<\/script>\n<!-- \/ Yoast SEO plugin. -->","yoast_head_json":{"title":"Lajme, Arg\u00ebtim, Sport dhe Filma | Artmotion","description":"Shiko TV kudo me aplikacionin e Artmotion! Kanale live, sport, filma & VOD n\u00eb Android, iOS & Smart TV. Rikthe programet deri n\u00eb 7 dit\u00eb. Abonohu tani dhe shijo!","robots":{"index":"index","follow":"follow","max-snippet":"max-snippet:-1","max-image-preview":"max-image-preview:large","max-video-preview":"max-video-preview:-1"},"canonical":"https:\/\/artmotion.net\/en\/tv\/","og_locale":"en_US","og_type":"article","og_title":"Lajme, Arg\u00ebtim, Sport dhe Filma | Artmotion","og_description":"Shiko TV kudo me aplikacionin e Artmotion! Kanale live, sport, filma & VOD n\u00eb Android, iOS & Smart TV. Rikthe programet deri n\u00eb 7 dit\u00eb. Abonohu tani dhe shijo!","og_url":"https:\/\/artmotion.net\/en\/tv\/","og_site_name":"Artmotion","article_publisher":"https:\/\/www.facebook.com\/artmotion.net","article_modified_time":"2025-11-25T08:34:35+00:00","og_image":[{"width":1200,"height":630,"url":"https:\/\/artmotion.net\/wp-content\/uploads\/2023\/04\/og_img-1.jpg","type":"image\/jpeg"}],"twitter_card":"summary_large_image","twitter_misc":{"Est. reading time":"1 minute"},"schema":{"@context":"https:\/\/schema.org","@graph":[{"@type":"WebPage","@id":"https:\/\/artmotion.net\/tv\/","url":"https:\/\/artmotion.net\/tv\/","name":"Lajme, Arg\u00ebtim, Sport dhe Filma | Artmotion","isPartOf":{"@id":"https:\/\/artmotion.net\/#website"},"primaryImageOfPage":{"@id":"https:\/\/artmotion.net\/tv\/#primaryimage"},"image":{"@id":"https:\/\/artmotion.net\/tv\/#primaryimage"},"thumbnailUrl":"https:\/\/artmotion.net\/wp-content\/uploads\/2023\/04\/og_img-1.jpg","datePublished":"2023-03-14T13:31:16+00:00","dateModified":"2025-11-25T08:34:35+00:00","description":"Shiko TV kudo me aplikacionin e Artmotion! Kanale live, sport, filma & VOD n\u00eb Android, iOS & Smart TV. Rikthe programet deri n\u00eb 7 dit\u00eb. Abonohu tani dhe shijo!","breadcrumb":{"@id":"https:\/\/artmotion.net\/tv\/#breadcrumb"},"inLanguage":"en-US","potentialAction":[{"@type":"ReadAction","target":["https:\/\/artmotion.net\/tv\/"]}]},{"@type":"ImageObject","inLanguage":"en-US","@id":"https:\/\/artmotion.net\/tv\/#primaryimage","url":"https:\/\/artmotion.net\/wp-content\/uploads\/2023\/04\/og_img-1.jpg","contentUrl":"https:\/\/artmotion.net\/wp-content\/uploads\/2023\/04\/og_img-1.jpg","width":1200,"height":630,"caption":"Artmotion - Tjeter nivel"},{"@type":"BreadcrumbList","@id":"https:\/\/artmotion.net\/tv\/#breadcrumb","itemListElement":[{"@type":"ListItem","position":1,"name":"Home","item":"https:\/\/artmotion.net\/"},{"@type":"ListItem","position":2,"name":"TV"}]},{"@type":"WebSite","@id":"https:\/\/artmotion.net\/#website","url":"https:\/\/artmotion.net\/","name":"Artmotion","description":"Broadband &amp; Telecom","publisher":{"@id":"https:\/\/artmotion.net\/#organization"},"potentialAction":[{"@type":"SearchAction","target":{"@type":"EntryPoint","urlTemplate":"https:\/\/artmotion.net\/?s={search_term_string}"},"query-input":{"@type":"PropertyValueSpecification","valueRequired":true,"valueName":"search_term_string"}}],"inLanguage":"en-US"},{"@type":"Organization","@id":"https:\/\/artmotion.net\/#organization","name":"Artmotion","url":"https:\/\/artmotion.net\/","logo":{"@type":"ImageObject","inLanguage":"en-US","@id":"https:\/\/artmotion.net\/#\/schema\/logo\/image\/","url":"https:\/\/artmotion.net\/wp-content\/uploads\/2023\/03\/Asset-1.png","contentUrl":"https:\/\/artmotion.net\/wp-content\/uploads\/2023\/03\/Asset-1.png","width":409,"height":196,"caption":"Artmotion"},"image":{"@id":"https:\/\/artmotion.net\/#\/schema\/logo\/image\/"},"sameAs":["https:\/\/www.facebook.com\/artmotion.net","https:\/\/www.instagram.com\/artmotionnet\/?hl=en","https:\/\/www.linkedin.com\/company\/artmotionnet\/","https:\/\/www.youtube.com\/channel\/UCn92HPrJzmSibnIAP1n-umA"]}]}},"_links":{"self":[{"href":"https:\/\/artmotion.net\/en\/wp-json\/wp\/v2\/pages\/8923","targetHints":{"allow":["GET"]}}],"collection":[{"href":"https:\/\/artmotion.net\/en\/wp-json\/wp\/v2\/pages"}],"about":[{"href":"https:\/\/artmotion.net\/en\/wp-json\/wp\/v2\/types\/page"}],"author":[{"embeddable":true,"href":"https:\/\/artmotion.net\/en\/wp-json\/wp\/v2\/users\/1"}],"replies":[{"embeddable":true,"href":"https:\/\/artmotion.net\/en\/wp-json\/wp\/v2\/comments?post=8923"}],"version-history":[{"count":85,"href":"https:\/\/artmotion.net\/en\/wp-json\/wp\/v2\/pages\/8923\/revisions"}],"predecessor-version":[{"id":14557,"href":"https:\/\/artmotion.net\/en\/wp-json\/wp\/v2\/pages\/8923\/revisions\/14557"}],"wp:featuredmedia":[{"embeddable":true,"href":"https:\/\/artmotion.net\/en\/wp-json\/wp\/v2\/media\/11027"}],"wp:attachment":[{"href":"https:\/\/artmotion.net\/en\/wp-json\/wp\/v2\/media?parent=8923"}],"curies":[{"name":"wp","href":"https:\/\/api.w.org\/{rel}","templated":true}]}}