{"id":78,"date":"2019-01-09T11:07:51","date_gmt":"2019-01-09T10:07:51","guid":{"rendered":"https:\/\/demoweb.artmotion.net\/?page_id=78"},"modified":"2024-11-08T15:33:41","modified_gmt":"2024-11-08T14:33:41","slug":"politikat-e-privatesise","status":"publish","type":"page","link":"https:\/\/artmotion.net\/en\/politikat-e-privatesise\/","title":{"rendered":"Privacy Policy"},"content":{"rendered":"<div data-elementor-type=\"wp-post\" data-elementor-id=\"78\" class=\"elementor elementor-78\">\n\t\t\t\t\t\t<section class=\"elementor-section elementor-top-section elementor-element elementor-element-5d198717 elementor-section-boxed elementor-section-height-default elementor-section-height-default\" data-id=\"5d198717\" data-element_type=\"section\">\n\t\t\t\t\t\t<div class=\"elementor-container elementor-column-gap-extended\">\n\t\t\t\t\t<div class=\"elementor-column elementor-col-100 elementor-top-column elementor-element elementor-element-21c5a828 sc_inner_width_none sc_layouts_column_icons_position_left\" data-id=\"21c5a828\" data-element_type=\"column\">\n\t\t\t<div class=\"elementor-widget-wrap elementor-element-populated\">\n\t\t\t\t\t\t<div class=\"elementor-element elementor-element-56189cbc sc_fly_static elementor-widget elementor-widget-text-editor\" data-id=\"56189cbc\" data-element_type=\"widget\" data-widget_type=\"text-editor.default\">\n\t\t\t\t<div class=\"elementor-widget-container\">\n\t\t\t\t\t\t\t\t\t<h5><b>Mbrojtja e t\u00eb dh\u00ebnave personale n\u00eb \u201cArtmotion\u201d Sh.p.k\u00a0<\/b><\/h5><p>\u201cArtmotion\u201d Sh.p.k me adres\u00eb n\u00eb Prishtin\u00eb, Lidhja e Pej\u00ebs, Zona Industriale, \u00ebsht\u00eb e themeluar n\u00eb vitin 2003 dhe nga viti 2008 ka filluar me ofrimin e sh\u00ebrbimeve t\u00eb Internetit n\u00eb Kosov\u00eb, kurse nga vitit 2011 ofron edhe sh\u00ebrbime t\u00eb televizionit kabllor.<\/p><p>Bazuar n\u00eb Ligjin Nr.06\/L-082 \u201cP\u00ebr Mbrojtjen e t\u00eb dh\u00ebnave Personale\u201d Artmotion p\u00ebrpunon t\u00eb dh\u00ebnat personale t\u00eb p\u00ebrdoruesve t\u00eb sh\u00ebrbimeve t\u00eb saj t\u00eb komunikimeve elektronike. P\u00ebrpunimi n\u00ebnkupton marrjen e t\u00eb dh\u00ebnave personale si dhe p\u00ebrdorimin e tyre p\u00ebr nevojat e zbatimit t\u00eb marr\u00ebveshjes p\u00ebr ofrimin e sh\u00ebrbimit t\u00eb zgjedhur nga p\u00ebrdoruesi.<\/p><p>T\u00eb gjitha t\u00eb dh\u00ebnat personale q\u00eb Artmotion mbledh nga p\u00ebrdoruesit e sh\u00ebrbimeve t\u00eb saj, p\u00ebrdoren dhe p\u00ebrpunohen n\u00eb m\u00ebnyr\u00eb t\u00eb ndershme, t\u00eb drejt\u00eb dhe gjithmon\u00eb n\u00eb p\u00ebrputhje t\u00eb plot\u00eb me legjislacionin n\u00eb fuqi.<\/p><h5><b>Konform Ligjit \u201cArtmotion\u201d mbledh t\u00eb dh\u00ebnat personale si:<\/b><\/h5><ul><li aria-level=\"1\">Emri, mbiemri, numri personal, adresa, e-mail adresa, numri kontaktues;<\/li><li aria-level=\"1\">T\u00eb dh\u00ebnat q\u00eb nd\u00ebrlidhen me sh\u00ebrbimin e internetit, si\u00e7 mund t\u00eb jen\u00eb e-mail adresa, username, IP adresa, lokacioni p\u00ebr Ip adres\u00eb;<\/li><li aria-level=\"1\">T\u00eb dh\u00ebnat q\u00eb nd\u00ebrlidhen me sh\u00ebrbimin e televizionit DTV si dhe MY.ARTMOTION;<\/li><li aria-level=\"1\">T\u00eb dh\u00ebnat q\u00eb nd\u00ebrlidhen me aplikacionet e Artmotion p\u00ebr blerje t\u00eb sh\u00ebrbimeve online si dhe n\u00eb web faqen zyrtare t\u00eb Artmotion.<\/li><li aria-level=\"1\">Thirrjet drejtuar Qendr\u00ebs s\u00eb thirrjeve t\u00eb Artmotion me rastin e parashtrimit t\u00eb Ankesave\/K\u00ebrkesave.<\/li><\/ul><h5><b>Bazuar n\u00eb dh\u00ebnien e p\u00eblqimit sipas Ligjit<\/b>\u00a0<b>Nr.06\/L-082 \u201cP\u00ebr Mbrojtjen e t\u00eb Dh\u00ebnave Personale\u201d<\/b>\u00a0p\u00ebrpunimi do t\u00eb kryhet;<\/h5><ul><li aria-level=\"1\">P\u00ebr t\u00eb p\u00ebrmbushur detyrimet kontraktuale dhe p\u00ebr t\u00eb mbrojtur interesat e ligjshme t\u00eb kompanis\u00eb ose t\u00eb pal\u00ebve t\u00eb treta.<\/li><li aria-level=\"1\">P\u00ebr t\u00eb p\u00ebrmbushim detyrimet ligjore.<\/li><li aria-level=\"1\">P\u00ebr t\u00eb p\u00ebrmbushur interesat tona legjitime, p\u00ebr shembull p\u00ebr t\u00eb kuptuar se si i p\u00ebrdorni sh\u00ebrbimet tona t\u00eb produkteve e cila na lejon t\u00eb zhvillojm\u00eb produkte dhe sh\u00ebrbime t\u00eb reja dhe t\u00eb personalizojm\u00eb sh\u00ebrbimin p\u00ebr ju.<\/li><li aria-level=\"1\">Informacion t\u00eb personalizuar p\u00ebr ofertat e Artmotion<\/li><li aria-level=\"1\">P\u00ebr marketingun e sh\u00ebrbimeve tona.<\/li><li aria-level=\"1\">Adresa e protokollit t\u00eb internetit (IP adresa),<\/li><li aria-level=\"1\">T\u00eb gjitha t\u00eb dh\u00ebnat dhe informatat e tjera t\u00eb ngjashme q\u00eb mund t\u00eb p\u00ebrdoren n\u00eb rast t\u00eb sulmeve ndaj sistemeve tona t\u00eb teknologjis\u00eb s\u00eb informacionit.<\/li><\/ul><h5><b>Cookies\u00a0<\/b><\/h5><p>P\u00ebrmes p\u00ebrdorimit t\u00eb cookies n\u00eb web faqen\u00a0 zyrtare\u00a0\u00a0<a href=\"http:\/\/demoweb.artmotion.net\/\">https:\/\/artmotion.net\/<\/a>\u00a0 mund t\u2019u ofroj\u00eb p\u00ebrdoruesve t\u00eb k\u00ebsaj faqeje t\u00eb internetit sh\u00ebrbime m\u00eb t\u00eb lehta p\u00ebr p\u00ebrdoruesit e q\u00eb nuk do t\u00eb ishin t\u00eb mundshme pa vendosjen e cookies. Me an\u00eb t\u00eb nj\u00eb cookie, informacioni dhe ofertat n\u00eb faqen ton\u00eb t\u00eb internetit mund t\u00eb optimizohen duke pasur n\u00eb mendje p\u00ebrdoruesin. Cookies na lejojn\u00eb, t\u00eb njohim p\u00ebrdoruesit e faqes ton\u00eb. Q\u00ebllimi i k\u00ebsaj njohje \u00ebsht\u00eb q\u00eb t\u2019ua leht\u00ebsoj\u00eb p\u00ebrdoruesve shfryt\u00ebzimin e faqes ton\u00eb t\u00eb internetit. P\u00ebrdoruesi i faqes q\u00eb p\u00ebrdor cookies, p.sh. nuk duhet t\u00eb sh\u00ebnoj t\u00eb dh\u00ebnat p\u00ebr qasje sa her\u00eb q\u00eb qaset n\u00eb faqen e internetit, sepse kjo b\u00ebhet nga faqja e internetit, dhe cookie \u00ebsht\u00eb ruajtur n\u00eb sistemin e kompjuterit t\u00eb p\u00ebrdoruesit. Subjekti i t\u00eb dh\u00ebnave mundet n\u00eb \u00e7do koh\u00eb t\u00eb parandaloj\u00eb vendosjen e cookies n\u00ebp\u00ebrmjet faqes son\u00eb t\u00eb internetit me an\u00eb t\u00eb nj\u00eb aranzhimi korresponduese t\u00eb shfletuesit t\u00eb internetit dhe k\u00ebshtu mund t\u00eb mohoj\u00eb p\u00ebrgjithmon\u00eb vendosjen e cookies. P\u00ebr m\u00eb tep\u00ebr, cookies tashm\u00eb t\u00eb vendosura mund t\u00eb fshihen n\u00eb \u00e7do koh\u00eb n\u00ebp\u00ebrmjet shfletuesit t\u00eb internetit ose programeve t\u00eb tjera softuerike. Kjo \u00ebsht\u00eb e mundur n\u00eb t\u00eb gjith\u00eb shfletuesit e internetit. N\u00ebse subjekti i t\u00eb dh\u00ebnave deaktivizon vendosjen e cookies n\u00eb shfletuesin e Internetit, jo t\u00eb gjitha funksionet e faqes son\u00eb t\u00eb internetit mund t\u00eb jen\u00eb plot\u00ebsisht t\u00eb p\u00ebrdorshme.<\/p><h5><b>Ruajtja e t\u00eb dh\u00ebnave nga Artmotion<\/b><\/h5><p>Artmotion ruan t\u00eb dh\u00ebnat personale vet\u00ebm p\u00ebr aq koh\u00eb sa \u00ebsht\u00eb e nevojshme p\u00ebr arritjen e q\u00ebllimit, p\u00ebr t\u00eb cilin jan\u00eb grumbulluar ose p\u00ebrpunuar m\u00eb tutje. Me rastin e p\u00ebrmbushjes s\u00eb q\u00ebllimit t\u00eb p\u00ebrpunimit,\u00a0 ne mund t\u00eb ruajm\u00eb t\u00eb dh\u00ebnat tuaja personale edhe pas mbylljes s\u00eb llogaris\u00eb tuaj p\u00ebr t\u00eb parandaluar mashtrimin, p\u00ebr t\u00eb mbledhur ndonj\u00eb borxh t\u00eb papaguar, zgjidhjen e kontesteve, p\u00ebr t\u00eb zbatuar marr\u00ebveshjen ton\u00eb p\u00ebr Kushtet e P\u00ebrdorimit, p\u00ebr t\u00eb ndihmuar \u00e7do hetim, dhe t\u00eb nd\u00ebrmarr\u00eb veprime t\u00eb tjera t\u00eb lejuara ose t\u00eb k\u00ebrkuara me ligjet e aplikueshme, pastaj t\u00eb dh\u00ebnat personale asgj\u00ebsohen, fshihen, shkat\u00ebrrohen, bllokohen ose b\u00ebhen anonime, p\u00ebrve\u00e7 n\u00ebse \u00ebsht\u00eb parapar\u00eb ndryshe me ndonj\u00eb ligj tjet\u00ebr p\u00ebrkat\u00ebs.<\/p><h5><b>Zbulimi i t\u00eb dh\u00ebnave tek Agjencit\u00eb dhe Organet e zbatimit t\u00eb ligjit<\/b><\/h5><p>Artmotion mund t\u00eb zbuloj\u00eb informacionin tuaj p\u00ebr organet e zbatimit t\u00eb ligjit, agjencit\u00eb qeveritare ose pal\u00ebt e treta t\u00eb autorizuara, n\u00eb p\u00ebrgjigje t\u00eb nj\u00eb k\u00ebrkese t\u00eb verifikuar n\u00eb lidhje me veprimet terroriste, hetimet penale ose aktivitetet e pretenduara t\u00eb paligjshme ose ndonj\u00eb aktivitet tjet\u00ebr q\u00eb mund t\u00eb na ekspozoj\u00eb, ose ndonj\u00eb p\u00ebrdorues tjet\u00ebr\u00a0 para ndonj\u00eb p\u00ebrgjegj\u00ebsie ligjore. Artmotion \u00ebsht\u00eb e detyruar q\u00eb n\u00eb mb\u00ebshtetje t\u00eb kuadrit ligjor apo n\u00eb zbatim t\u00eb urdhrit t\u00eb prokuroris\u00eb apo gjykat\u00ebs kompetente, t\u2019i p\u00ebrcjell\u00eb t\u00eb dh\u00ebnat tuaja personale n\u00ebse k\u00ebrkohet organeve t\u00eb specializuara t\u00eb shtetit vet\u00ebm n\u00eb rast t\u00eb nj\u00eb hetimi penal.<\/p><h5><b>Kontakti<\/b><\/h5><p>\u00c7far\u00ebdo pyetje q\u00eb keni n\u00eb lidhje me politik\u00ebn e privat\u00ebsis\u00eb ju lutem t\u00eb mos hezitoni t\u00eb na\u00a0kontaktoni, n\u00ebse keni pyetje, v\u00ebrejtje, k\u00ebrkesa apo ankesa n\u00eb lidhje me p\u00ebrdorimin e t\u00eb dh\u00ebnave p\u00ebr q\u00ebllimin e m\u00ebsip\u00ebrm, ju lutemi t\u00eb na kontaktoni me shkrim n\u00eb adres\u00ebn \u00a0<a href=\"mailto:info@demoweb.artmotion.net\"><b>info@artmotion.net<\/b><\/a><\/p>\t\t\t\t\t\t\t\t<\/div>\n\t\t\t\t<\/div>\n\t\t\t\t\t<\/div>\n\t\t<\/div>\n\t\t\t\t\t<\/div>\n\t\t<\/section>\n\t\t\t\t<\/div>","protected":false},"excerpt":{"rendered":"<p>Mbrojtja e t\u00eb dh\u00ebnave personale n\u00eb \u201cArtmotion\u201d Sh.p.k\u00a0 \u201cArtmotion\u201d Sh.p.k me adres\u00eb n\u00eb Prishtin\u00eb, Lidhja e Pej\u00ebs, Zona Industriale, \u00ebsht\u00eb e themeluar n\u00eb vitin 2003 dhe nga viti 2008 ka filluar me ofrimin e sh\u00ebrbimeve t\u00eb Internetit n\u00eb Kosov\u00eb, kurse nga vitit 2011 ofron edhe sh\u00ebrbime t\u00eb televizionit kabllor. Bazuar&hellip;<\/p>","protected":false},"author":1,"featured_media":0,"parent":0,"menu_order":0,"comment_status":"closed","ping_status":"closed","template":"","meta":{"inline_featured_image":false,"footnotes":""},"class_list":["post-78","page","type-page","status-publish","hentry"],"acf":[],"yoast_head":"<!-- This site is optimized with the Yoast SEO plugin v26.1 - https:\/\/yoast.com\/wordpress\/plugins\/seo\/ -->\n<title>Privacy Policy - Artmotion<\/title>\n<meta name=\"description\" content=\"Zbulo politikat tona t\u00eb privat\u00ebsis\u00eb dhe si mbledhim dhe p\u00ebrdorim informacionet tuaja, duke respektuar plot\u00ebsisht ligjin. M\u00ebsoni m\u00eb shum\u00eb rreth siguris\u00eb dhe mund\u00ebsive p\u00ebr t\u00eb menaxhuar t\u00eb dh\u00ebnat tuaja.\" \/>\n<meta name=\"robots\" content=\"index, follow, max-snippet:-1, max-image-preview:large, max-video-preview:-1\" \/>\n<link rel=\"canonical\" href=\"https:\/\/artmotion.net\/en\/politikat-e-privatesise\/\" \/>\n<meta property=\"og:locale\" content=\"en_US\" \/>\n<meta property=\"og:type\" content=\"article\" \/>\n<meta property=\"og:title\" content=\"Privacy Policy - Artmotion\" \/>\n<meta property=\"og:description\" content=\"Zbulo politikat tona t\u00eb privat\u00ebsis\u00eb dhe si mbledhim dhe p\u00ebrdorim informacionet tuaja, duke respektuar plot\u00ebsisht ligjin. M\u00ebsoni m\u00eb shum\u00eb rreth siguris\u00eb dhe mund\u00ebsive p\u00ebr t\u00eb menaxhuar t\u00eb dh\u00ebnat tuaja.\" \/>\n<meta property=\"og:url\" content=\"https:\/\/artmotion.net\/en\/politikat-e-privatesise\/\" \/>\n<meta property=\"og:site_name\" content=\"Artmotion\" \/>\n<meta property=\"article:publisher\" content=\"https:\/\/www.facebook.com\/artmotion.net\" \/>\n<meta property=\"article:modified_time\" content=\"2024-11-08T14:33:41+00:00\" \/>\n<meta name=\"twitter:card\" content=\"summary_large_image\" \/>\n<meta name=\"twitter:label1\" content=\"Est. reading time\" \/>\n\t<meta name=\"twitter:data1\" content=\"4 minutes\" \/>\n<script type=\"application\/ld+json\" class=\"yoast-schema-graph\">{\"@context\":\"https:\/\/schema.org\",\"@graph\":[{\"@type\":\"WebPage\",\"@id\":\"https:\/\/artmotion.net\/politikat-e-privatesise\/\",\"url\":\"https:\/\/artmotion.net\/politikat-e-privatesise\/\",\"name\":\"Privacy Policy - Artmotion\",\"isPartOf\":{\"@id\":\"https:\/\/artmotion.net\/#website\"},\"datePublished\":\"2019-01-09T10:07:51+00:00\",\"dateModified\":\"2024-11-08T14:33:41+00:00\",\"description\":\"Zbulo politikat tona t\u00eb privat\u00ebsis\u00eb dhe si mbledhim dhe p\u00ebrdorim informacionet tuaja, duke respektuar plot\u00ebsisht ligjin. M\u00ebsoni m\u00eb shum\u00eb rreth siguris\u00eb dhe mund\u00ebsive p\u00ebr t\u00eb menaxhuar t\u00eb dh\u00ebnat tuaja.\",\"breadcrumb\":{\"@id\":\"https:\/\/artmotion.net\/politikat-e-privatesise\/#breadcrumb\"},\"inLanguage\":\"en-US\",\"potentialAction\":[{\"@type\":\"ReadAction\",\"target\":[\"https:\/\/artmotion.net\/politikat-e-privatesise\/\"]}]},{\"@type\":\"BreadcrumbList\",\"@id\":\"https:\/\/artmotion.net\/politikat-e-privatesise\/#breadcrumb\",\"itemListElement\":[{\"@type\":\"ListItem\",\"position\":1,\"name\":\"Home\",\"item\":\"https:\/\/artmotion.net\/\"},{\"@type\":\"ListItem\",\"position\":2,\"name\":\"Privacy Policy\"}]},{\"@type\":\"WebSite\",\"@id\":\"https:\/\/artmotion.net\/#website\",\"url\":\"https:\/\/artmotion.net\/\",\"name\":\"Artmotion\",\"description\":\"Broadband &amp; Telecom\",\"publisher\":{\"@id\":\"https:\/\/artmotion.net\/#organization\"},\"potentialAction\":[{\"@type\":\"SearchAction\",\"target\":{\"@type\":\"EntryPoint\",\"urlTemplate\":\"https:\/\/artmotion.net\/?s={search_term_string}\"},\"query-input\":{\"@type\":\"PropertyValueSpecification\",\"valueRequired\":true,\"valueName\":\"search_term_string\"}}],\"inLanguage\":\"en-US\"},{\"@type\":\"Organization\",\"@id\":\"https:\/\/artmotion.net\/#organization\",\"name\":\"Artmotion\",\"url\":\"https:\/\/artmotion.net\/\",\"logo\":{\"@type\":\"ImageObject\",\"inLanguage\":\"en-US\",\"@id\":\"https:\/\/artmotion.net\/#\/schema\/logo\/image\/\",\"url\":\"https:\/\/artmotion.net\/wp-content\/uploads\/2023\/03\/Asset-1.png\",\"contentUrl\":\"https:\/\/artmotion.net\/wp-content\/uploads\/2023\/03\/Asset-1.png\",\"width\":409,\"height\":196,\"caption\":\"Artmotion\"},\"image\":{\"@id\":\"https:\/\/artmotion.net\/#\/schema\/logo\/image\/\"},\"sameAs\":[\"https:\/\/www.facebook.com\/artmotion.net\",\"https:\/\/www.instagram.com\/artmotionnet\/?hl=en\",\"https:\/\/www.linkedin.com\/company\/artmotionnet\/\",\"https:\/\/www.youtube.com\/channel\/UCn92HPrJzmSibnIAP1n-umA\"]}]}<\/script>\n<!-- \/ Yoast SEO plugin. -->","yoast_head_json":{"title":"Privacy Policy - Artmotion","description":"Zbulo politikat tona t\u00eb privat\u00ebsis\u00eb dhe si mbledhim dhe p\u00ebrdorim informacionet tuaja, duke respektuar plot\u00ebsisht ligjin. M\u00ebsoni m\u00eb shum\u00eb rreth siguris\u00eb dhe mund\u00ebsive p\u00ebr t\u00eb menaxhuar t\u00eb dh\u00ebnat tuaja.","robots":{"index":"index","follow":"follow","max-snippet":"max-snippet:-1","max-image-preview":"max-image-preview:large","max-video-preview":"max-video-preview:-1"},"canonical":"https:\/\/artmotion.net\/en\/politikat-e-privatesise\/","og_locale":"en_US","og_type":"article","og_title":"Privacy Policy - Artmotion","og_description":"Zbulo politikat tona t\u00eb privat\u00ebsis\u00eb dhe si mbledhim dhe p\u00ebrdorim informacionet tuaja, duke respektuar plot\u00ebsisht ligjin. M\u00ebsoni m\u00eb shum\u00eb rreth siguris\u00eb dhe mund\u00ebsive p\u00ebr t\u00eb menaxhuar t\u00eb dh\u00ebnat tuaja.","og_url":"https:\/\/artmotion.net\/en\/politikat-e-privatesise\/","og_site_name":"Artmotion","article_publisher":"https:\/\/www.facebook.com\/artmotion.net","article_modified_time":"2024-11-08T14:33:41+00:00","twitter_card":"summary_large_image","twitter_misc":{"Est. reading time":"4 minutes"},"schema":{"@context":"https:\/\/schema.org","@graph":[{"@type":"WebPage","@id":"https:\/\/artmotion.net\/politikat-e-privatesise\/","url":"https:\/\/artmotion.net\/politikat-e-privatesise\/","name":"Privacy Policy - Artmotion","isPartOf":{"@id":"https:\/\/artmotion.net\/#website"},"datePublished":"2019-01-09T10:07:51+00:00","dateModified":"2024-11-08T14:33:41+00:00","description":"Zbulo politikat tona t\u00eb privat\u00ebsis\u00eb dhe si mbledhim dhe p\u00ebrdorim informacionet tuaja, duke respektuar plot\u00ebsisht ligjin. M\u00ebsoni m\u00eb shum\u00eb rreth siguris\u00eb dhe mund\u00ebsive p\u00ebr t\u00eb menaxhuar t\u00eb dh\u00ebnat tuaja.","breadcrumb":{"@id":"https:\/\/artmotion.net\/politikat-e-privatesise\/#breadcrumb"},"inLanguage":"en-US","potentialAction":[{"@type":"ReadAction","target":["https:\/\/artmotion.net\/politikat-e-privatesise\/"]}]},{"@type":"BreadcrumbList","@id":"https:\/\/artmotion.net\/politikat-e-privatesise\/#breadcrumb","itemListElement":[{"@type":"ListItem","position":1,"name":"Home","item":"https:\/\/artmotion.net\/"},{"@type":"ListItem","position":2,"name":"Privacy Policy"}]},{"@type":"WebSite","@id":"https:\/\/artmotion.net\/#website","url":"https:\/\/artmotion.net\/","name":"Artmotion","description":"Broadband &amp; Telecom","publisher":{"@id":"https:\/\/artmotion.net\/#organization"},"potentialAction":[{"@type":"SearchAction","target":{"@type":"EntryPoint","urlTemplate":"https:\/\/artmotion.net\/?s={search_term_string}"},"query-input":{"@type":"PropertyValueSpecification","valueRequired":true,"valueName":"search_term_string"}}],"inLanguage":"en-US"},{"@type":"Organization","@id":"https:\/\/artmotion.net\/#organization","name":"Artmotion","url":"https:\/\/artmotion.net\/","logo":{"@type":"ImageObject","inLanguage":"en-US","@id":"https:\/\/artmotion.net\/#\/schema\/logo\/image\/","url":"https:\/\/artmotion.net\/wp-content\/uploads\/2023\/03\/Asset-1.png","contentUrl":"https:\/\/artmotion.net\/wp-content\/uploads\/2023\/03\/Asset-1.png","width":409,"height":196,"caption":"Artmotion"},"image":{"@id":"https:\/\/artmotion.net\/#\/schema\/logo\/image\/"},"sameAs":["https:\/\/www.facebook.com\/artmotion.net","https:\/\/www.instagram.com\/artmotionnet\/?hl=en","https:\/\/www.linkedin.com\/company\/artmotionnet\/","https:\/\/www.youtube.com\/channel\/UCn92HPrJzmSibnIAP1n-umA"]}]}},"_links":{"self":[{"href":"https:\/\/artmotion.net\/en\/wp-json\/wp\/v2\/pages\/78","targetHints":{"allow":["GET"]}}],"collection":[{"href":"https:\/\/artmotion.net\/en\/wp-json\/wp\/v2\/pages"}],"about":[{"href":"https:\/\/artmotion.net\/en\/wp-json\/wp\/v2\/types\/page"}],"author":[{"embeddable":true,"href":"https:\/\/artmotion.net\/en\/wp-json\/wp\/v2\/users\/1"}],"replies":[{"embeddable":true,"href":"https:\/\/artmotion.net\/en\/wp-json\/wp\/v2\/comments?post=78"}],"version-history":[{"count":13,"href":"https:\/\/artmotion.net\/en\/wp-json\/wp\/v2\/pages\/78\/revisions"}],"predecessor-version":[{"id":6821,"href":"https:\/\/artmotion.net\/en\/wp-json\/wp\/v2\/pages\/78\/revisions\/6821"}],"wp:attachment":[{"href":"https:\/\/artmotion.net\/en\/wp-json\/wp\/v2\/media?parent=78"}],"curies":[{"name":"wp","href":"https:\/\/api.w.org\/{rel}","templated":true}]}}