{"id":6374,"date":"2023-01-25T10:46:39","date_gmt":"2023-01-25T09:46:39","guid":{"rendered":"https:\/\/demoweb.artmotion.net\/?page_id=6374"},"modified":"2025-03-25T12:02:22","modified_gmt":"2025-03-25T11:02:22","slug":"marketing","status":"publish","type":"page","link":"https:\/\/artmotion.net\/en\/marketing\/","title":{"rendered":"Advertisement"},"content":{"rendered":"<div data-elementor-type=\"wp-page\" data-elementor-id=\"6374\" class=\"elementor elementor-6374\">\n\t\t\t\t\t\t<section class=\"elementor-section elementor-top-section elementor-element elementor-element-22860fb elementor-section-boxed elementor-section-height-default elementor-section-height-default\" data-id=\"22860fb\" data-element_type=\"section\">\n\t\t\t\t\t\t<div class=\"elementor-container elementor-column-gap-extended\">\n\t\t\t\t\t<div class=\"elementor-column elementor-col-100 elementor-top-column elementor-element elementor-element-f860334 sc_inner_width_none sc_layouts_column_icons_position_left\" data-id=\"f860334\" data-element_type=\"column\">\n\t\t\t<div class=\"elementor-widget-wrap elementor-element-populated\">\n\t\t\t\t\t\t<div class=\"elementor-element elementor-element-2301865 sc_fly_static elementor-widget elementor-widget-spacer\" data-id=\"2301865\" data-element_type=\"widget\" data-widget_type=\"spacer.default\">\n\t\t\t\t<div class=\"elementor-widget-container\">\n\t\t\t\t\t\t\t<div class=\"elementor-spacer\">\n\t\t\t<div class=\"elementor-spacer-inner\"><\/div>\n\t\t<\/div>\n\t\t\t\t\t\t<\/div>\n\t\t\t\t<\/div>\n\t\t\t\t\t<\/div>\n\t\t<\/div>\n\t\t\t\t\t<\/div>\n\t\t<\/section>\n\t\t\t\t<section class=\"elementor-section elementor-top-section elementor-element elementor-element-493d8ad elementor-section-boxed elementor-section-height-default elementor-section-height-default\" data-id=\"493d8ad\" data-element_type=\"section\">\n\t\t\t\t\t\t<div class=\"elementor-container elementor-column-gap-extended\">\n\t\t\t\t\t<div class=\"elementor-column elementor-col-100 elementor-top-column elementor-element elementor-element-96063db sc_inner_width_none sc_layouts_column_icons_position_left\" data-id=\"96063db\" data-element_type=\"column\">\n\t\t\t<div class=\"elementor-widget-wrap elementor-element-populated\">\n\t\t\t\t\t\t<div class=\"elementor-element elementor-element-62f1f4f sc_fly_static elementor-widget elementor-widget-heading\" data-id=\"62f1f4f\" data-element_type=\"widget\" data-widget_type=\"heading.default\">\n\t\t\t\t<div class=\"elementor-widget-container\">\n\t\t\t\t\t<h1 class=\"elementor-heading-title elementor-size-default\">Pse t\u00eb reklamoni n\u00eb Artmotion<\/h1>\t\t\t\t<\/div>\n\t\t\t\t<\/div>\n\t\t\t\t<div class=\"elementor-element elementor-element-e831725 sc_fly_static elementor-widget elementor-widget-spacer\" data-id=\"e831725\" data-element_type=\"widget\" data-widget_type=\"spacer.default\">\n\t\t\t\t<div class=\"elementor-widget-container\">\n\t\t\t\t\t\t\t<div class=\"elementor-spacer\">\n\t\t\t<div class=\"elementor-spacer-inner\"><\/div>\n\t\t<\/div>\n\t\t\t\t\t\t<\/div>\n\t\t\t\t<\/div>\n\t\t\t\t<div class=\"elementor-element elementor-element-a2b4a42 sc_fly_static elementor-widget elementor-widget-text-editor\" data-id=\"a2b4a42\" data-element_type=\"widget\" data-widget_type=\"text-editor.default\">\n\t\t\t\t<div class=\"elementor-widget-container\">\n\t\t\t\t\t\t\t\t\t<p><span style=\"font-size: 16px;\">Artmotion, kompania lider n\u00eb treg, ju ofron mund\u00ebsi unike p\u00ebr t\u00eb promovuar biznesin tuaj n\u00eb platformat&nbsp;<\/span><span style=\"font-size: 16px;\">m\u00eb t\u00eb fuqishme n\u00eb vend. P\u00ebrfitoni nga k\u00ebto avantazhe t\u00eb jasht\u00ebzakonshme:<\/span><\/p>\n<p>\u2022 <b>Kontenti m\u00eb ekskluziv dhe i k\u00ebrkuar <\/b>\u2013 Lidhni biznesin tuaj me programet m\u00eb t\u00eb shikuara dhe t\u00eb&nbsp;<span style=\"font-size: 16px;\">p\u00eblqyera.<\/span><\/p>\n<p><b>\u2022 Ligat sportive m\u00eb t\u00eb ndjekura<\/b> \u2013 Reklamoni gjat\u00eb eventeve sportive t\u00eb nivelit m\u00eb t\u00eb lart\u00eb.<\/p>\n<p><b>\u2022 Hap\u00ebsira t\u00eb larmishme reklamuese <\/b>\u2013 Zgjidhni nga nj\u00eb gam\u00eb e gjer\u00eb opsionesh p\u00ebr t\u00eb vendosur&nbsp;<span style=\"font-size: 16px;\">mesazhin tuaj p\u00ebrpara audiencave m\u00eb t\u00eb m\u00ebdha.<\/span><\/p>\n<p><b>\u2022 Rritni dukshm\u00ebrin\u00eb e mark\u00ebs<\/b> \u2013 Nd\u00ebrtoni nj\u00eb lidhje t\u00eb fort\u00eb me klient\u00ebt duke qen\u00eb pjes\u00eb e platform\u00ebs&nbsp;<span style=\"font-size: 16px;\">m\u00eb t\u00eb shikuar n\u00eb vend.<\/span><\/p>\n<p><b>\u2022 Arrini n\u00eb nivelin tjet\u00ebr<\/b> \u2013 Me Artmotion, reklamat tuaja kan\u00eb potencialin t\u00eb \u00e7ojn\u00eb biznesin n\u00eb nj\u00eb tjet\u00ebr&nbsp;<span style=\"font-size: 16px;\">nivel t\u00eb suksesit.<\/span><\/p>\n<p><br><\/p>\n<p>Zgjidhni Artmotion p\u00ebr t\u00eb b\u00ebr\u00eb nj\u00eb hap p\u00ebrpara n\u00eb rritjen e ndikimit t\u00eb biznesit tuaj!<\/p>\t\t\t\t\t\t\t\t<\/div>\n\t\t\t\t<\/div>\n\t\t\t\t<div class=\"elementor-element elementor-element-47186b7 sc_fly_static elementor-widget elementor-widget-spacer\" data-id=\"47186b7\" data-element_type=\"widget\" data-widget_type=\"spacer.default\">\n\t\t\t\t<div class=\"elementor-widget-container\">\n\t\t\t\t\t\t\t<div class=\"elementor-spacer\">\n\t\t\t<div class=\"elementor-spacer-inner\"><\/div>\n\t\t<\/div>\n\t\t\t\t\t\t<\/div>\n\t\t\t\t<\/div>\n\t\t\t\t<div class=\"elementor-element elementor-element-6431601 sc_fly_static elementor-widget elementor-widget-spacer\" data-id=\"6431601\" data-element_type=\"widget\" data-widget_type=\"spacer.default\">\n\t\t\t\t<div class=\"elementor-widget-container\">\n\t\t\t\t\t\t\t<div class=\"elementor-spacer\">\n\t\t\t<div class=\"elementor-spacer-inner\"><\/div>\n\t\t<\/div>\n\t\t\t\t\t\t<\/div>\n\t\t\t\t<\/div>\n\t\t\t\t<div class=\"elementor-element elementor-element-7a7e8df sc_fly_static elementor-widget elementor-widget-heading\" data-id=\"7a7e8df\" data-element_type=\"widget\" data-widget_type=\"heading.default\">\n\t\t\t\t<div class=\"elementor-widget-container\">\n\t\t\t\t\t<h2 class=\"elementor-heading-title elementor-size-default\">Marketing Artmotion<\/h2>\t\t\t\t<\/div>\n\t\t\t\t<\/div>\n\t\t\t\t<div class=\"elementor-element elementor-element-9f9cce4 sc_fly_static elementor-widget elementor-widget-spacer\" data-id=\"9f9cce4\" data-element_type=\"widget\" data-widget_type=\"spacer.default\">\n\t\t\t\t<div class=\"elementor-widget-container\">\n\t\t\t\t\t\t\t<div class=\"elementor-spacer\">\n\t\t\t<div class=\"elementor-spacer-inner\"><\/div>\n\t\t<\/div>\n\t\t\t\t\t\t<\/div>\n\t\t\t\t<\/div>\n\t\t\t\t<div class=\"elementor-element elementor-element-760de67 makretingInfo sc_fly_static elementor-widget elementor-widget-text-editor\" data-id=\"760de67\" data-element_type=\"widget\" data-widget_type=\"text-editor.default\">\n\t\t\t\t<div class=\"elementor-widget-container\">\n\t\t\t\t\t\t\t\t\t<p>Email:<br \/><a href=\"mailto:marketing@artmotion.net\">marketing@artmotion.net<\/a><\/p><p>Adresa:<br \/><a href=\"https:\/\/www.google.com\/maps\/place\/Artmotion\/@42.6454995,21.1275977,17z\/data=!3m1!4b1!4m5!3m4!1s0x13549ff6cfdc336b:0x52d3103a21fe2903!8m2!3d42.6454956!4d21.1297864\">Rr. Lidhja e Pej\u00ebs, ish Amortizator\u00ebt, Prishtin\u00eb 10000, Kosov\u00eb.<\/a><\/p>\t\t\t\t\t\t\t\t<\/div>\n\t\t\t\t<\/div>\n\t\t\t\t<div class=\"elementor-element elementor-element-591564b sc_fly_static elementor-widget elementor-widget-image\" data-id=\"591564b\" data-element_type=\"widget\" data-widget_type=\"image.default\">\n\t\t\t\t<div class=\"elementor-widget-container\">\n\t\t\t\t\t\t\t\t\t\t\t\t\t\t\t<img fetchpriority=\"high\" decoding=\"async\" width=\"2048\" height=\"1209\" src=\"https:\/\/artmotion.net\/wp-content\/uploads\/2024\/10\/marketing-web-artmotion.png\" class=\"attachment-2048x2048 size-2048x2048 wp-image-12828\" alt=\"marketing web artmotion\" srcset=\"https:\/\/artmotion.net\/wp-content\/uploads\/2024\/10\/marketing-web-artmotion.png 2048w, https:\/\/artmotion.net\/wp-content\/uploads\/2024\/10\/marketing-web-artmotion-700x413.png 700w, https:\/\/artmotion.net\/wp-content\/uploads\/2024\/10\/marketing-web-artmotion-300x177.png 300w, https:\/\/artmotion.net\/wp-content\/uploads\/2024\/10\/marketing-web-artmotion-1024x605.png 1024w, https:\/\/artmotion.net\/wp-content\/uploads\/2024\/10\/marketing-web-artmotion-768x453.png 768w, https:\/\/artmotion.net\/wp-content\/uploads\/2024\/10\/marketing-web-artmotion-1536x907.png 1536w, https:\/\/artmotion.net\/wp-content\/uploads\/2024\/10\/marketing-web-artmotion-18x12.png 18w, https:\/\/artmotion.net\/wp-content\/uploads\/2024\/10\/marketing-web-artmotion-450x266.png 450w, https:\/\/artmotion.net\/wp-content\/uploads\/2024\/10\/marketing-web-artmotion-370x218.png 370w, https:\/\/artmotion.net\/wp-content\/uploads\/2024\/10\/marketing-web-artmotion-760x449.png 760w, https:\/\/artmotion.net\/wp-content\/uploads\/2024\/10\/marketing-web-artmotion-470x277.png 470w\" sizes=\"(max-width: 2048px) 100vw, 2048px\" \/>\t\t\t\t\t\t\t\t\t\t\t\t\t\t\t<\/div>\n\t\t\t\t<\/div>\n\t\t\t\t\t<\/div>\n\t\t<\/div>\n\t\t\t\t\t<\/div>\n\t\t<\/section>\n\t\t\t\t<\/div>","protected":false},"excerpt":{"rendered":"<p>Pse t\u00eb reklamoni n\u00eb Artmotion Artmotion, kompania lider n\u00eb treg, ju ofron mund\u00ebsi unike p\u00ebr t\u00eb promovuar biznesin tuaj n\u00eb platformat&nbsp;m\u00eb t\u00eb fuqishme n\u00eb vend. P\u00ebrfitoni nga k\u00ebto avantazhe t\u00eb jasht\u00ebzakonshme: \u2022 Kontenti m\u00eb ekskluziv dhe i k\u00ebrkuar \u2013 Lidhni biznesin tuaj me programet m\u00eb t\u00eb shikuara dhe t\u00eb&nbsp;p\u00eblqyera. \u2022&hellip;<\/p>","protected":false},"author":1,"featured_media":0,"parent":0,"menu_order":0,"comment_status":"closed","ping_status":"closed","template":"","meta":{"inline_featured_image":false,"footnotes":""},"class_list":["post-6374","page","type-page","status-publish","hentry"],"acf":[],"yoast_head":"<!-- This site is optimized with the Yoast SEO plugin v26.1 - https:\/\/yoast.com\/wordpress\/plugins\/seo\/ -->\n<title>Pse t\u00eb reklamoni n\u00eb Artmotion<\/title>\n<meta name=\"description\" content=\"Reklamoni me Artmotion dhe rrisni audienc\u00ebn tuaj! Zgjidhni nga hap\u00ebsira t\u00eb larmishme reklamuese gjat\u00eb ligave sportive &amp; eventeve ekskluzive. Kontakto tani!\" \/>\n<meta name=\"robots\" content=\"index, follow, max-snippet:-1, max-image-preview:large, max-video-preview:-1\" \/>\n<link rel=\"canonical\" href=\"https:\/\/artmotion.net\/en\/marketing\/\" \/>\n<meta property=\"og:locale\" content=\"en_US\" \/>\n<meta property=\"og:type\" content=\"article\" \/>\n<meta property=\"og:title\" content=\"Pse t\u00eb reklamoni n\u00eb Artmotion\" \/>\n<meta property=\"og:description\" content=\"Reklamoni me Artmotion dhe rrisni audienc\u00ebn tuaj! Zgjidhni nga hap\u00ebsira t\u00eb larmishme reklamuese gjat\u00eb ligave sportive &amp; eventeve ekskluzive. Kontakto tani!\" \/>\n<meta property=\"og:url\" content=\"https:\/\/artmotion.net\/en\/marketing\/\" \/>\n<meta property=\"og:site_name\" content=\"Artmotion\" \/>\n<meta property=\"article:publisher\" content=\"https:\/\/www.facebook.com\/artmotion.net\" \/>\n<meta property=\"article:modified_time\" content=\"2025-03-25T11:02:22+00:00\" \/>\n<meta property=\"og:image\" content=\"https:\/\/artmotion.net\/wp-content\/uploads\/2024\/10\/marketing-web-artmotion.png\" \/>\n\t<meta property=\"og:image:width\" content=\"2048\" \/>\n\t<meta property=\"og:image:height\" content=\"1209\" \/>\n\t<meta property=\"og:image:type\" content=\"image\/png\" \/>\n<meta name=\"twitter:card\" content=\"summary_large_image\" \/>\n<meta name=\"twitter:label1\" content=\"Est. reading time\" \/>\n\t<meta name=\"twitter:data1\" content=\"1 minute\" \/>\n<script type=\"application\/ld+json\" class=\"yoast-schema-graph\">{\"@context\":\"https:\/\/schema.org\",\"@graph\":[{\"@type\":\"WebPage\",\"@id\":\"https:\/\/artmotion.net\/marketing\/\",\"url\":\"https:\/\/artmotion.net\/marketing\/\",\"name\":\"Pse t\u00eb reklamoni n\u00eb Artmotion\",\"isPartOf\":{\"@id\":\"https:\/\/artmotion.net\/#website\"},\"primaryImageOfPage\":{\"@id\":\"https:\/\/artmotion.net\/marketing\/#primaryimage\"},\"image\":{\"@id\":\"https:\/\/artmotion.net\/marketing\/#primaryimage\"},\"thumbnailUrl\":\"https:\/\/artmotion.net\/wp-content\/uploads\/2024\/10\/marketing-web-artmotion.png\",\"datePublished\":\"2023-01-25T09:46:39+00:00\",\"dateModified\":\"2025-03-25T11:02:22+00:00\",\"description\":\"Reklamoni me Artmotion dhe rrisni audienc\u00ebn tuaj! Zgjidhni nga hap\u00ebsira t\u00eb larmishme reklamuese gjat\u00eb ligave sportive & eventeve ekskluzive. Kontakto tani!\",\"breadcrumb\":{\"@id\":\"https:\/\/artmotion.net\/marketing\/#breadcrumb\"},\"inLanguage\":\"en-US\",\"potentialAction\":[{\"@type\":\"ReadAction\",\"target\":[\"https:\/\/artmotion.net\/marketing\/\"]}]},{\"@type\":\"ImageObject\",\"inLanguage\":\"en-US\",\"@id\":\"https:\/\/artmotion.net\/marketing\/#primaryimage\",\"url\":\"https:\/\/artmotion.net\/wp-content\/uploads\/2024\/10\/marketing-web-artmotion.png\",\"contentUrl\":\"https:\/\/artmotion.net\/wp-content\/uploads\/2024\/10\/marketing-web-artmotion.png\"},{\"@type\":\"BreadcrumbList\",\"@id\":\"https:\/\/artmotion.net\/marketing\/#breadcrumb\",\"itemListElement\":[{\"@type\":\"ListItem\",\"position\":1,\"name\":\"Home\",\"item\":\"https:\/\/artmotion.net\/\"},{\"@type\":\"ListItem\",\"position\":2,\"name\":\"Marketing\"}]},{\"@type\":\"WebSite\",\"@id\":\"https:\/\/artmotion.net\/#website\",\"url\":\"https:\/\/artmotion.net\/\",\"name\":\"Artmotion\",\"description\":\"Broadband &amp; Telecom\",\"publisher\":{\"@id\":\"https:\/\/artmotion.net\/#organization\"},\"potentialAction\":[{\"@type\":\"SearchAction\",\"target\":{\"@type\":\"EntryPoint\",\"urlTemplate\":\"https:\/\/artmotion.net\/?s={search_term_string}\"},\"query-input\":{\"@type\":\"PropertyValueSpecification\",\"valueRequired\":true,\"valueName\":\"search_term_string\"}}],\"inLanguage\":\"en-US\"},{\"@type\":\"Organization\",\"@id\":\"https:\/\/artmotion.net\/#organization\",\"name\":\"Artmotion\",\"url\":\"https:\/\/artmotion.net\/\",\"logo\":{\"@type\":\"ImageObject\",\"inLanguage\":\"en-US\",\"@id\":\"https:\/\/artmotion.net\/#\/schema\/logo\/image\/\",\"url\":\"https:\/\/artmotion.net\/wp-content\/uploads\/2023\/03\/Asset-1.png\",\"contentUrl\":\"https:\/\/artmotion.net\/wp-content\/uploads\/2023\/03\/Asset-1.png\",\"width\":409,\"height\":196,\"caption\":\"Artmotion\"},\"image\":{\"@id\":\"https:\/\/artmotion.net\/#\/schema\/logo\/image\/\"},\"sameAs\":[\"https:\/\/www.facebook.com\/artmotion.net\",\"https:\/\/www.instagram.com\/artmotionnet\/?hl=en\",\"https:\/\/www.linkedin.com\/company\/artmotionnet\/\",\"https:\/\/www.youtube.com\/channel\/UCn92HPrJzmSibnIAP1n-umA\"]}]}<\/script>\n<!-- \/ Yoast SEO plugin. -->","yoast_head_json":{"title":"Pse t\u00eb reklamoni n\u00eb Artmotion","description":"Reklamoni me Artmotion dhe rrisni audienc\u00ebn tuaj! Zgjidhni nga hap\u00ebsira t\u00eb larmishme reklamuese gjat\u00eb ligave sportive & eventeve ekskluzive. Kontakto tani!","robots":{"index":"index","follow":"follow","max-snippet":"max-snippet:-1","max-image-preview":"max-image-preview:large","max-video-preview":"max-video-preview:-1"},"canonical":"https:\/\/artmotion.net\/en\/marketing\/","og_locale":"en_US","og_type":"article","og_title":"Pse t\u00eb reklamoni n\u00eb Artmotion","og_description":"Reklamoni me Artmotion dhe rrisni audienc\u00ebn tuaj! Zgjidhni nga hap\u00ebsira t\u00eb larmishme reklamuese gjat\u00eb ligave sportive & eventeve ekskluzive. Kontakto tani!","og_url":"https:\/\/artmotion.net\/en\/marketing\/","og_site_name":"Artmotion","article_publisher":"https:\/\/www.facebook.com\/artmotion.net","article_modified_time":"2025-03-25T11:02:22+00:00","og_image":[{"width":2048,"height":1209,"url":"https:\/\/artmotion.net\/wp-content\/uploads\/2024\/10\/marketing-web-artmotion.png","type":"image\/png"}],"twitter_card":"summary_large_image","twitter_misc":{"Est. reading time":"1 minute"},"schema":{"@context":"https:\/\/schema.org","@graph":[{"@type":"WebPage","@id":"https:\/\/artmotion.net\/marketing\/","url":"https:\/\/artmotion.net\/marketing\/","name":"Pse t\u00eb reklamoni n\u00eb Artmotion","isPartOf":{"@id":"https:\/\/artmotion.net\/#website"},"primaryImageOfPage":{"@id":"https:\/\/artmotion.net\/marketing\/#primaryimage"},"image":{"@id":"https:\/\/artmotion.net\/marketing\/#primaryimage"},"thumbnailUrl":"https:\/\/artmotion.net\/wp-content\/uploads\/2024\/10\/marketing-web-artmotion.png","datePublished":"2023-01-25T09:46:39+00:00","dateModified":"2025-03-25T11:02:22+00:00","description":"Reklamoni me Artmotion dhe rrisni audienc\u00ebn tuaj! Zgjidhni nga hap\u00ebsira t\u00eb larmishme reklamuese gjat\u00eb ligave sportive & eventeve ekskluzive. Kontakto tani!","breadcrumb":{"@id":"https:\/\/artmotion.net\/marketing\/#breadcrumb"},"inLanguage":"en-US","potentialAction":[{"@type":"ReadAction","target":["https:\/\/artmotion.net\/marketing\/"]}]},{"@type":"ImageObject","inLanguage":"en-US","@id":"https:\/\/artmotion.net\/marketing\/#primaryimage","url":"https:\/\/artmotion.net\/wp-content\/uploads\/2024\/10\/marketing-web-artmotion.png","contentUrl":"https:\/\/artmotion.net\/wp-content\/uploads\/2024\/10\/marketing-web-artmotion.png"},{"@type":"BreadcrumbList","@id":"https:\/\/artmotion.net\/marketing\/#breadcrumb","itemListElement":[{"@type":"ListItem","position":1,"name":"Home","item":"https:\/\/artmotion.net\/"},{"@type":"ListItem","position":2,"name":"Marketing"}]},{"@type":"WebSite","@id":"https:\/\/artmotion.net\/#website","url":"https:\/\/artmotion.net\/","name":"Artmotion","description":"Broadband &amp; Telecom","publisher":{"@id":"https:\/\/artmotion.net\/#organization"},"potentialAction":[{"@type":"SearchAction","target":{"@type":"EntryPoint","urlTemplate":"https:\/\/artmotion.net\/?s={search_term_string}"},"query-input":{"@type":"PropertyValueSpecification","valueRequired":true,"valueName":"search_term_string"}}],"inLanguage":"en-US"},{"@type":"Organization","@id":"https:\/\/artmotion.net\/#organization","name":"Artmotion","url":"https:\/\/artmotion.net\/","logo":{"@type":"ImageObject","inLanguage":"en-US","@id":"https:\/\/artmotion.net\/#\/schema\/logo\/image\/","url":"https:\/\/artmotion.net\/wp-content\/uploads\/2023\/03\/Asset-1.png","contentUrl":"https:\/\/artmotion.net\/wp-content\/uploads\/2023\/03\/Asset-1.png","width":409,"height":196,"caption":"Artmotion"},"image":{"@id":"https:\/\/artmotion.net\/#\/schema\/logo\/image\/"},"sameAs":["https:\/\/www.facebook.com\/artmotion.net","https:\/\/www.instagram.com\/artmotionnet\/?hl=en","https:\/\/www.linkedin.com\/company\/artmotionnet\/","https:\/\/www.youtube.com\/channel\/UCn92HPrJzmSibnIAP1n-umA"]}]}},"_links":{"self":[{"href":"https:\/\/artmotion.net\/en\/wp-json\/wp\/v2\/pages\/6374","targetHints":{"allow":["GET"]}}],"collection":[{"href":"https:\/\/artmotion.net\/en\/wp-json\/wp\/v2\/pages"}],"about":[{"href":"https:\/\/artmotion.net\/en\/wp-json\/wp\/v2\/types\/page"}],"author":[{"embeddable":true,"href":"https:\/\/artmotion.net\/en\/wp-json\/wp\/v2\/users\/1"}],"replies":[{"embeddable":true,"href":"https:\/\/artmotion.net\/en\/wp-json\/wp\/v2\/comments?post=6374"}],"version-history":[{"count":130,"href":"https:\/\/artmotion.net\/en\/wp-json\/wp\/v2\/pages\/6374\/revisions"}],"predecessor-version":[{"id":14196,"href":"https:\/\/artmotion.net\/en\/wp-json\/wp\/v2\/pages\/6374\/revisions\/14196"}],"wp:attachment":[{"href":"https:\/\/artmotion.net\/en\/wp-json\/wp\/v2\/media?parent=6374"}],"curies":[{"name":"wp","href":"https:\/\/api.w.org\/{rel}","templated":true}]}}