{"id":6372,"date":"2023-01-25T10:46:23","date_gmt":"2023-01-25T09:46:23","guid":{"rendered":"https:\/\/demoweb.artmotion.net\/?page_id=6372"},"modified":"2025-09-04T14:36:27","modified_gmt":"2025-09-04T13:36:27","slug":"sport","status":"publish","type":"page","link":"https:\/\/artmotion.net\/en\/sport\/","title":{"rendered":"Sport"},"content":{"rendered":"<p>Art Sport n\u00eb Artmotion, platform\u00ebn m\u00eb t\u00eb pasur, m\u00eb atraktive dhe m\u00eb ekskluzive sportive n\u00eb Shqiptari ju ofron 25 kanale sportive me mbi 120 kompeticione e gara (kampionate, liga, kupa, ngjarje) t\u00eb mbi 80 deg\u00ebve sportive dhe mbi 40 llojeve t\u00eb sporteve m\u00eb prestigjioze n\u00eb Bot\u00eb: UEFA Liga e Kampion\u00ebve, Europa League, Conference League, La Liga, Coppa Italia, Ligue 1, Superliga e Turqis\u00eb, Zvicr\u00ebs, Belgjik\u00ebs e Skocis\u00eb, NBA, Formula 1, 2, 3 dhe Moto GP e shum\u00eb e shum\u00eb ngjarje t\u00eb tjera.<\/p>\n\n\n\n<p>Poashtu, ngjarjet m\u00eb ekskluzive t\u00eb sporteve vendore: Superliga e Kosov\u00ebs n\u00eb Futboll, ndeshjet nd\u00ebrkomb\u00ebtare t\u00eb klubeve Kosovare dhe komplet basketbollin e Kosov\u00ebs s\u00eb bashku me Lig\u00ebn Unike dhe garat e klubeve dhe reprezentacioneve tona n\u00eb FIBA. Jo pa arsye themi se&nbsp;Artmotion&nbsp;\u00ebsht\u00eb kozmos sportiv i cili ju qon n\u00eb krejt tjet\u00ebr dimension.<\/p>","protected":false},"excerpt":{"rendered":"<p>Art Sport n\u00eb Artmotion, platform\u00ebn m\u00eb t\u00eb pasur, m\u00eb atraktive dhe m\u00eb ekskluzive sportive n\u00eb Shqiptari ju ofron 25 kanale sportive me mbi 120 kompeticione e gara (kampionate, liga, kupa, ngjarje) t\u00eb mbi 80 deg\u00ebve sportive dhe mbi 40 llojeve t\u00eb sporteve m\u00eb prestigjioze n\u00eb Bot\u00eb: UEFA Liga e Kampion\u00ebve,&hellip;<\/p>","protected":false},"author":1,"featured_media":11027,"parent":0,"menu_order":0,"comment_status":"closed","ping_status":"closed","template":"template-parts\/content-sport.php","meta":{"inline_featured_image":false,"footnotes":""},"class_list":["post-6372","page","type-page","status-publish","has-post-thumbnail","hentry"],"acf":[],"yoast_head":"<!-- This site is optimized with the Yoast SEO plugin v26.1 - https:\/\/yoast.com\/wordpress\/plugins\/seo\/ -->\n<title>Kanale Sportive | Artmotion<\/title>\n<meta name=\"description\" content=\"Ndiq kanale sportive me Artmotion! 25 kanale sportive dhe mbulim ekskluziv t\u00eb 120+ ligave, shiko Champions League, Serie A, NBA &amp; m\u00eb shum\u00eb. Abonohu tani!\" \/>\n<meta name=\"robots\" content=\"index, follow, max-snippet:-1, max-image-preview:large, max-video-preview:-1\" \/>\n<link rel=\"canonical\" href=\"https:\/\/artmotion.net\/en\/sport\/\" \/>\n<meta property=\"og:locale\" content=\"en_US\" \/>\n<meta property=\"og:type\" content=\"article\" \/>\n<meta property=\"og:title\" content=\"Kanale Sportive | Artmotion\" \/>\n<meta property=\"og:description\" content=\"Ndiq kanale sportive me Artmotion! 25 kanale sportive dhe mbulim ekskluziv t\u00eb 120+ ligave, shiko Champions League, Serie A, NBA &amp; m\u00eb shum\u00eb. Abonohu tani!\" \/>\n<meta property=\"og:url\" content=\"https:\/\/artmotion.net\/en\/sport\/\" \/>\n<meta property=\"og:site_name\" content=\"Artmotion\" \/>\n<meta property=\"article:publisher\" content=\"https:\/\/www.facebook.com\/artmotion.net\" \/>\n<meta property=\"article:modified_time\" content=\"2025-09-04T13:36:27+00:00\" \/>\n<meta property=\"og:image\" content=\"https:\/\/artmotion.net\/wp-content\/uploads\/2023\/04\/og_img-1.jpg\" \/>\n\t<meta property=\"og:image:width\" content=\"1200\" \/>\n\t<meta property=\"og:image:height\" content=\"630\" \/>\n\t<meta property=\"og:image:type\" content=\"image\/jpeg\" \/>\n<meta name=\"twitter:card\" content=\"summary_large_image\" \/>\n<meta name=\"twitter:label1\" content=\"Est. reading time\" \/>\n\t<meta name=\"twitter:data1\" content=\"1 minute\" \/>\n<script type=\"application\/ld+json\" class=\"yoast-schema-graph\">{\"@context\":\"https:\/\/schema.org\",\"@graph\":[{\"@type\":\"WebPage\",\"@id\":\"https:\/\/artmotion.net\/sport\/\",\"url\":\"https:\/\/artmotion.net\/sport\/\",\"name\":\"Kanale Sportive | Artmotion\",\"isPartOf\":{\"@id\":\"https:\/\/artmotion.net\/#website\"},\"primaryImageOfPage\":{\"@id\":\"https:\/\/artmotion.net\/sport\/#primaryimage\"},\"image\":{\"@id\":\"https:\/\/artmotion.net\/sport\/#primaryimage\"},\"thumbnailUrl\":\"https:\/\/artmotion.net\/wp-content\/uploads\/2023\/04\/og_img-1.jpg\",\"datePublished\":\"2023-01-25T09:46:23+00:00\",\"dateModified\":\"2025-09-04T13:36:27+00:00\",\"description\":\"Ndiq kanale sportive me Artmotion! 25 kanale sportive dhe mbulim ekskluziv t\u00eb 120+ ligave, shiko Champions League, Serie A, NBA & m\u00eb shum\u00eb. Abonohu tani!\",\"breadcrumb\":{\"@id\":\"https:\/\/artmotion.net\/sport\/#breadcrumb\"},\"inLanguage\":\"en-US\",\"potentialAction\":[{\"@type\":\"ReadAction\",\"target\":[\"https:\/\/artmotion.net\/sport\/\"]}]},{\"@type\":\"ImageObject\",\"inLanguage\":\"en-US\",\"@id\":\"https:\/\/artmotion.net\/sport\/#primaryimage\",\"url\":\"https:\/\/artmotion.net\/wp-content\/uploads\/2023\/04\/og_img-1.jpg\",\"contentUrl\":\"https:\/\/artmotion.net\/wp-content\/uploads\/2023\/04\/og_img-1.jpg\",\"width\":1200,\"height\":630,\"caption\":\"Artmotion - Tjeter nivel\"},{\"@type\":\"BreadcrumbList\",\"@id\":\"https:\/\/artmotion.net\/sport\/#breadcrumb\",\"itemListElement\":[{\"@type\":\"ListItem\",\"position\":1,\"name\":\"Home\",\"item\":\"https:\/\/artmotion.net\/\"},{\"@type\":\"ListItem\",\"position\":2,\"name\":\"Sport\"}]},{\"@type\":\"WebSite\",\"@id\":\"https:\/\/artmotion.net\/#website\",\"url\":\"https:\/\/artmotion.net\/\",\"name\":\"Artmotion\",\"description\":\"Broadband &amp; Telecom\",\"publisher\":{\"@id\":\"https:\/\/artmotion.net\/#organization\"},\"potentialAction\":[{\"@type\":\"SearchAction\",\"target\":{\"@type\":\"EntryPoint\",\"urlTemplate\":\"https:\/\/artmotion.net\/?s={search_term_string}\"},\"query-input\":{\"@type\":\"PropertyValueSpecification\",\"valueRequired\":true,\"valueName\":\"search_term_string\"}}],\"inLanguage\":\"en-US\"},{\"@type\":\"Organization\",\"@id\":\"https:\/\/artmotion.net\/#organization\",\"name\":\"Artmotion\",\"url\":\"https:\/\/artmotion.net\/\",\"logo\":{\"@type\":\"ImageObject\",\"inLanguage\":\"en-US\",\"@id\":\"https:\/\/artmotion.net\/#\/schema\/logo\/image\/\",\"url\":\"https:\/\/artmotion.net\/wp-content\/uploads\/2023\/03\/Asset-1.png\",\"contentUrl\":\"https:\/\/artmotion.net\/wp-content\/uploads\/2023\/03\/Asset-1.png\",\"width\":409,\"height\":196,\"caption\":\"Artmotion\"},\"image\":{\"@id\":\"https:\/\/artmotion.net\/#\/schema\/logo\/image\/\"},\"sameAs\":[\"https:\/\/www.facebook.com\/artmotion.net\",\"https:\/\/www.instagram.com\/artmotionnet\/?hl=en\",\"https:\/\/www.linkedin.com\/company\/artmotionnet\/\",\"https:\/\/www.youtube.com\/channel\/UCn92HPrJzmSibnIAP1n-umA\"]}]}<\/script>\n<!-- \/ Yoast SEO plugin. -->","yoast_head_json":{"title":"Kanale Sportive | Artmotion","description":"Ndiq kanale sportive me Artmotion! 25 kanale sportive dhe mbulim ekskluziv t\u00eb 120+ ligave, shiko Champions League, Serie A, NBA & m\u00eb shum\u00eb. Abonohu tani!","robots":{"index":"index","follow":"follow","max-snippet":"max-snippet:-1","max-image-preview":"max-image-preview:large","max-video-preview":"max-video-preview:-1"},"canonical":"https:\/\/artmotion.net\/en\/sport\/","og_locale":"en_US","og_type":"article","og_title":"Kanale Sportive | Artmotion","og_description":"Ndiq kanale sportive me Artmotion! 25 kanale sportive dhe mbulim ekskluziv t\u00eb 120+ ligave, shiko Champions League, Serie A, NBA & m\u00eb shum\u00eb. Abonohu tani!","og_url":"https:\/\/artmotion.net\/en\/sport\/","og_site_name":"Artmotion","article_publisher":"https:\/\/www.facebook.com\/artmotion.net","article_modified_time":"2025-09-04T13:36:27+00:00","og_image":[{"width":1200,"height":630,"url":"https:\/\/artmotion.net\/wp-content\/uploads\/2023\/04\/og_img-1.jpg","type":"image\/jpeg"}],"twitter_card":"summary_large_image","twitter_misc":{"Est. reading time":"1 minute"},"schema":{"@context":"https:\/\/schema.org","@graph":[{"@type":"WebPage","@id":"https:\/\/artmotion.net\/sport\/","url":"https:\/\/artmotion.net\/sport\/","name":"Kanale Sportive | Artmotion","isPartOf":{"@id":"https:\/\/artmotion.net\/#website"},"primaryImageOfPage":{"@id":"https:\/\/artmotion.net\/sport\/#primaryimage"},"image":{"@id":"https:\/\/artmotion.net\/sport\/#primaryimage"},"thumbnailUrl":"https:\/\/artmotion.net\/wp-content\/uploads\/2023\/04\/og_img-1.jpg","datePublished":"2023-01-25T09:46:23+00:00","dateModified":"2025-09-04T13:36:27+00:00","description":"Ndiq kanale sportive me Artmotion! 25 kanale sportive dhe mbulim ekskluziv t\u00eb 120+ ligave, shiko Champions League, Serie A, NBA & m\u00eb shum\u00eb. Abonohu tani!","breadcrumb":{"@id":"https:\/\/artmotion.net\/sport\/#breadcrumb"},"inLanguage":"en-US","potentialAction":[{"@type":"ReadAction","target":["https:\/\/artmotion.net\/sport\/"]}]},{"@type":"ImageObject","inLanguage":"en-US","@id":"https:\/\/artmotion.net\/sport\/#primaryimage","url":"https:\/\/artmotion.net\/wp-content\/uploads\/2023\/04\/og_img-1.jpg","contentUrl":"https:\/\/artmotion.net\/wp-content\/uploads\/2023\/04\/og_img-1.jpg","width":1200,"height":630,"caption":"Artmotion - Tjeter nivel"},{"@type":"BreadcrumbList","@id":"https:\/\/artmotion.net\/sport\/#breadcrumb","itemListElement":[{"@type":"ListItem","position":1,"name":"Home","item":"https:\/\/artmotion.net\/"},{"@type":"ListItem","position":2,"name":"Sport"}]},{"@type":"WebSite","@id":"https:\/\/artmotion.net\/#website","url":"https:\/\/artmotion.net\/","name":"Artmotion","description":"Broadband &amp; Telecom","publisher":{"@id":"https:\/\/artmotion.net\/#organization"},"potentialAction":[{"@type":"SearchAction","target":{"@type":"EntryPoint","urlTemplate":"https:\/\/artmotion.net\/?s={search_term_string}"},"query-input":{"@type":"PropertyValueSpecification","valueRequired":true,"valueName":"search_term_string"}}],"inLanguage":"en-US"},{"@type":"Organization","@id":"https:\/\/artmotion.net\/#organization","name":"Artmotion","url":"https:\/\/artmotion.net\/","logo":{"@type":"ImageObject","inLanguage":"en-US","@id":"https:\/\/artmotion.net\/#\/schema\/logo\/image\/","url":"https:\/\/artmotion.net\/wp-content\/uploads\/2023\/03\/Asset-1.png","contentUrl":"https:\/\/artmotion.net\/wp-content\/uploads\/2023\/03\/Asset-1.png","width":409,"height":196,"caption":"Artmotion"},"image":{"@id":"https:\/\/artmotion.net\/#\/schema\/logo\/image\/"},"sameAs":["https:\/\/www.facebook.com\/artmotion.net","https:\/\/www.instagram.com\/artmotionnet\/?hl=en","https:\/\/www.linkedin.com\/company\/artmotionnet\/","https:\/\/www.youtube.com\/channel\/UCn92HPrJzmSibnIAP1n-umA"]}]}},"_links":{"self":[{"href":"https:\/\/artmotion.net\/en\/wp-json\/wp\/v2\/pages\/6372","targetHints":{"allow":["GET"]}}],"collection":[{"href":"https:\/\/artmotion.net\/en\/wp-json\/wp\/v2\/pages"}],"about":[{"href":"https:\/\/artmotion.net\/en\/wp-json\/wp\/v2\/types\/page"}],"author":[{"embeddable":true,"href":"https:\/\/artmotion.net\/en\/wp-json\/wp\/v2\/users\/1"}],"replies":[{"embeddable":true,"href":"https:\/\/artmotion.net\/en\/wp-json\/wp\/v2\/comments?post=6372"}],"version-history":[{"count":142,"href":"https:\/\/artmotion.net\/en\/wp-json\/wp\/v2\/pages\/6372\/revisions"}],"predecessor-version":[{"id":14455,"href":"https:\/\/artmotion.net\/en\/wp-json\/wp\/v2\/pages\/6372\/revisions\/14455"}],"wp:featuredmedia":[{"embeddable":true,"href":"https:\/\/artmotion.net\/en\/wp-json\/wp\/v2\/media\/11027"}],"wp:attachment":[{"href":"https:\/\/artmotion.net\/en\/wp-json\/wp\/v2\/media?parent=6372"}],"curies":[{"name":"wp","href":"https:\/\/api.w.org\/{rel}","templated":true}]}}