{"id":13484,"date":"2025-01-06T12:23:08","date_gmt":"2025-01-06T11:23:08","guid":{"rendered":"https:\/\/artmotion.net\/?page_id=13484"},"modified":"2026-04-04T18:11:37","modified_gmt":"2026-04-04T17:11:37","slug":"tv-aplikacioni","status":"publish","type":"page","link":"https:\/\/artmotion.net\/en\/tv-aplikacioni\/","title":{"rendered":"TV Aplikacioni"},"content":{"rendered":"<div data-elementor-type=\"wp-page\" data-elementor-id=\"13484\" class=\"elementor elementor-13484\">\n\t\t\t\t\t\t<section class=\"elementor-section elementor-top-section elementor-element elementor-element-7522076 elementor-section-boxed elementor-section-height-default elementor-section-height-default\" data-id=\"7522076\" data-element_type=\"section\">\n\t\t\t\t\t\t<div class=\"elementor-container elementor-column-gap-extended\">\n\t\t\t\t\t<div class=\"elementor-column elementor-col-100 elementor-top-column elementor-element elementor-element-99b2d32 sc_inner_width_none sc_layouts_column_icons_position_left\" data-id=\"99b2d32\" data-element_type=\"column\">\n\t\t\t<div class=\"elementor-widget-wrap elementor-element-populated\">\n\t\t\t\t\t\t<section class=\"elementor-section elementor-inner-section elementor-element elementor-element-13f88b0 elementor-section-boxed elementor-section-height-default elementor-section-height-default\" data-id=\"13f88b0\" data-element_type=\"section\">\n\t\t\t\t\t\t<div class=\"elementor-container elementor-column-gap-extended\">\n\t\t\t\t\t<div class=\"elementor-column elementor-col-100 elementor-inner-column elementor-element elementor-element-fed956a sc_inner_width_none sc_layouts_column_icons_position_left\" data-id=\"fed956a\" data-element_type=\"column\">\n\t\t\t<div class=\"elementor-widget-wrap\">\n\t\t\t\t\t\t\t<\/div>\n\t\t<\/div>\n\t\t\t\t\t<\/div>\n\t\t<\/section>\n\t\t\t\t<div class=\"elementor-element elementor-element-f906b3d sc_fly_static elementor-widget elementor-widget-heading\" data-id=\"f906b3d\" data-element_type=\"widget\" data-widget_type=\"heading.default\">\n\t\t\t\t<div class=\"elementor-widget-container\">\n\t\t\t\t\t<h2 class=\"elementor-heading-title elementor-size-default\">TV Aplikacioni \u2013 Shiko Kanale Shqip Live n\u00eb \u00c7do Pajisje, Kudo dhe N\u00eb \u00c7do Koh\u00eb! <\/h2>\t\t\t\t<\/div>\n\t\t\t\t<\/div>\n\t\t\t\t\t<\/div>\n\t\t<\/div>\n\t\t\t\t\t<\/div>\n\t\t<\/section>\n\t\t\t\t<section class=\"elementor-section elementor-top-section elementor-element elementor-element-c27557d elementor-section-boxed elementor-section-height-default elementor-section-height-default\" data-id=\"c27557d\" data-element_type=\"section\">\n\t\t\t\t\t\t<div class=\"elementor-container elementor-column-gap-extended\">\n\t\t\t\t\t<div class=\"elementor-column elementor-col-50 elementor-top-column elementor-element elementor-element-d2bd49e sc_inner_width_none sc_layouts_column_icons_position_left\" data-id=\"d2bd49e\" data-element_type=\"column\">\n\t\t\t<div class=\"elementor-widget-wrap elementor-element-populated\">\n\t\t\t\t\t\t<div class=\"elementor-element elementor-element-7bd5dea elementor-widget__width-initial sc_fly_static elementor-widget elementor-widget-text-editor\" data-id=\"7bd5dea\" data-element_type=\"widget\" data-widget_type=\"text-editor.default\">\n\t\t\t\t<div class=\"elementor-widget-container\">\n\t\t\t\t\t\t\t\t\t<p><span style=\"font-weight: 400;\">\u00c7far\u00eb ofron aplikacioni i Artmotion? <\/span><span style=\"font-weight: 400;\">Aplikaciioni i Artmotion (OTT) \u00ebsht\u00eb nj\u00eb platform\u00eb inovative OTT q\u00eb ju mund\u00ebson t\u00eb ndiqni t\u00eb gjitha <\/span><a href=\"https:\/\/artmotion.net\/en\/tv\/\" target=\"_blank\" rel=\"noopener\"><span style=\"font-weight: 400;\">kanalet<\/span><\/a><span style=\"font-weight: 400;\"> dhe p\u00ebrmbajtjen tuaj t\u00eb preferuar nga \u00e7do pajisje smart, pa pasur nevoj\u00eb p\u00ebr nj\u00eb resiver shtes\u00eb. P\u00ebrdoruesit mund t\u00eb shijojn\u00eb nj\u00eb p\u00ebrvoj\u00eb t\u00eb plot\u00eb dhe t\u00eb leht\u00eb p\u00ebr t\u00eb ndjekur kanalet e preferuara duke shkarkuar aplikacionin n\u00eb Android, iOS, Smart TV apo web. Me aplikacionin e Artmotion mund t\u00eb ndiqni <\/span><a href=\"https:\/\/artmotion.net\/en\/sport\/\" target=\"_blank\" rel=\"noopener\"><span style=\"font-weight: 400;\">kanalet sportive<\/span><\/a><span style=\"font-weight: 400;\"> live, filma, seriale dhe programe arg\u00ebtuese, kudo dhe n\u00eb \u00e7do koh\u00eb!<\/span><\/p><p><span style=\"font-weight: 400;\">T\u00eb gjitha kanalet q\u00eb jan\u00eb n\u00eb <\/span><a href=\"https:\/\/artmotion.net\/en\/ofertat\/pako-supreme\/\"><span style=\"font-weight: 400;\">pakon Supreme<\/span><\/a><span style=\"font-weight: 400;\"> mund t\u2019i shikoni edhe p\u00ebrmes aplikacionit OTT, duke ju ofruar akses t\u00eb plot\u00eb n\u00eb p\u00ebrmbajtjen m\u00eb t\u00eb pasur televizive nga \u00e7do pajisje!<\/span><\/p><p><span style=\"font-weight: 400;\">\u00a0<\/span><\/p>\t\t\t\t\t\t\t\t<\/div>\n\t\t\t\t<\/div>\n\t\t\t\t<div class=\"elementor-element elementor-element-f48e2af sc_fly_static elementor-widget elementor-widget-heading\" data-id=\"f48e2af\" data-element_type=\"widget\" data-widget_type=\"heading.default\">\n\t\t\t\t<div class=\"elementor-widget-container\">\n\t\t\t\t\t<h2 class=\"elementor-heading-title elementor-size-default\">\u00c7far\u00eb ofron aplikacioni i Artmotion?<\/h2>\t\t\t\t<\/div>\n\t\t\t\t<\/div>\n\t\t\t\t<div class=\"elementor-element elementor-element-9b0fec0 elementor-widget__width-initial sc_fly_static elementor-widget elementor-widget-text-editor\" data-id=\"9b0fec0\" data-element_type=\"widget\" data-widget_type=\"text-editor.default\">\n\t\t\t\t<div class=\"elementor-widget-container\">\n\t\t\t\t\t\t\t\t\t<ul><li style=\"font-weight: 400;\" aria-level=\"1\"><span style=\"font-weight: 400;\">Ndjekje e t\u00eb gjitha kanaleve live<\/span><\/li><li style=\"font-weight: 400;\" aria-level=\"1\"><span style=\"font-weight: 400;\">Catch-up TV \u2013 Rikthim i programeve t\u00eb kaluara deri n\u00eb 7 dit\u00eb<\/span><\/li><li style=\"font-weight: 400;\" aria-level=\"1\"><span style=\"font-weight: 400;\">Video on Demand (VOD) \u2013 Filma dhe seriale t\u00eb p\u00ebrzgjedhura<\/span><\/li><li style=\"font-weight: 400;\" aria-level=\"1\"><span style=\"font-weight: 400;\">Multi-Device Access \u2013 Shiko TV shqip n\u00eb telefon, tablet, Smart TV<\/span><\/li><li style=\"font-weight: 400;\" aria-level=\"1\"><span style=\"font-weight: 400;\">Parental Control \u2013 Opsion p\u00ebr t\u00eb bllokuar p\u00ebrmbajtje t\u00eb pap\u00ebrshtatshme p\u00ebr f\u00ebmij\u00ebt<\/span><\/li><li style=\"font-weight: 400;\" aria-level=\"1\"><span style=\"font-weight: 400;\">Funksion K\u00ebrkimi t\u00eb Avancuar \u2013 Gjeni shpejt programet dhe eventet sportive live q\u00eb d\u00ebshironi<\/span><\/li><li style=\"font-weight: 400;\" aria-level=\"1\"><span style=\"font-weight: 400;\">Nd\u00ebrfaqe e personalizueshme sipas preferencave tuaja<\/span><\/li><\/ul>\t\t\t\t\t\t\t\t<\/div>\n\t\t\t\t<\/div>\n\t\t\t\t<div class=\"elementor-element elementor-element-50a6752 sc_fly_static elementor-widget elementor-widget-heading\" data-id=\"50a6752\" data-element_type=\"widget\" data-widget_type=\"heading.default\">\n\t\t\t\t<div class=\"elementor-widget-container\">\n\t\t\t\t\t<h3 class=\"elementor-heading-title elementor-size-default\">Shkarko dhe shiko n\u00eb k\u00ebto pajisje<\/h3>\t\t\t\t<\/div>\n\t\t\t\t<\/div>\n\t\t\t\t<div class=\"elementor-element elementor-element-6afab01 scheme_default buttonsApp elementor-widget__width-initial sc_fly_static elementor-widget elementor-widget-trx_sc_button\" data-id=\"6afab01\" data-element_type=\"widget\" data-widget_type=\"trx_sc_button.default\">\n\t\t\t\t<div class=\"elementor-widget-container\">\n\t\t\t\t\t<div id=\"trx_sc_button_768969800\"\tclass=\"sc_item_button sc_button_wrap\"><a href=\"https:\/\/apps.apple.com\/us\/app\/artmotion\/id1451951450\" class=\"sc_button sc_button_bordered ottButton sc_button_size_small sc_button_with_icon sc_button_icon_left color_style_link3\"><span class=\"sc_button_icon\"><span class=\"icon-apple\"><\/span><\/span><span class=\"sc_button_text\"><span class=\"sc_button_title\">iOS<\/span><\/span><!-- \/.sc_button_text --><\/a><!-- \/.sc_button --><a href=\"https:\/\/play.google.com\/store\/apps\/details?id=com.artmo.android&#038;hl=en&#038;gl=US\" class=\"sc_button sc_button_bordered ottButton sc_button_size_small sc_button_with_icon sc_button_icon_left color_style_link3\" target=\"_blank\"><span class=\"sc_button_icon\"><span class=\"icon-play-store\"><\/span><\/span><span class=\"sc_button_text\"><span class=\"sc_button_title\">Android<\/span><\/span><!-- \/.sc_button_text --><\/a><!-- \/.sc_button --><a href=\"https:\/\/www.artmotion.net\/artmotion_windows.exe\" class=\"sc_button sc_button_bordered ottButton sc_button_size_small sc_button_with_icon sc_button_icon_left color_style_link3\"><span class=\"sc_button_icon\"><span class=\"icon-apple\"><\/span><\/span><span class=\"sc_button_text\"><span class=\"sc_button_title\">Mac Os<\/span><\/span><!-- \/.sc_button_text --><\/a><!-- \/.sc_button --><a href=\"https:\/\/www.artmotion.net\/artmotion.exe\" class=\"sc_button sc_button_bordered ottButton sc_button_size_small sc_button_with_icon sc_button_icon_left color_style_link3\"><span class=\"sc_button_icon\"><span class=\"icon-windows\"><\/span><\/span><span class=\"sc_button_text\"><span class=\"sc_button_title\">Windows <\/span><\/span><!-- \/.sc_button_text --><\/a><!-- \/.sc_button --><\/div><!-- \/.sc_item_button -->\t\t\t\t<\/div>\n\t\t\t\t<\/div>\n\t\t\t\t<div class=\"elementor-element elementor-element-4829ed7 elementor-widget__width-initial pako-page-new sc_fly_static elementor-widget elementor-widget-text-editor\" data-id=\"4829ed7\" data-element_type=\"widget\" data-widget_type=\"text-editor.default\">\n\t\t\t\t<div class=\"elementor-widget-container\">\n\t\t\t\t\t\t\t\t\t<div  class=\"pako-buttons-abonohu sg-popup-id-6945\">Connect<\/div>\t\t\t\t\t\t\t\t<\/div>\n\t\t\t\t<\/div>\n\t\t\t\t\t<\/div>\n\t\t<\/div>\n\t\t\t\t<div class=\"elementor-column elementor-col-50 elementor-top-column elementor-element elementor-element-22abf5c sc_inner_width_1_1 sc_layouts_column sc_layouts_column_align_center sc_layouts_column_icons_position_left\" data-id=\"22abf5c\" data-element_type=\"column\" data-settings=\"{&quot;background_background&quot;:&quot;slideshow&quot;,&quot;background_slideshow_gallery&quot;:[],&quot;background_slideshow_loop&quot;:&quot;yes&quot;,&quot;background_slideshow_slide_duration&quot;:5000,&quot;background_slideshow_slide_transition&quot;:&quot;fade&quot;,&quot;background_slideshow_transition_duration&quot;:500}\">\n\t\t\t<div class=\"elementor-widget-wrap elementor-element-populated\">\n\t\t\t\t\t\t<div class=\"elementor-element elementor-element-3df4b43 elementor-widget__width-initial sc_fly_static elementor-widget elementor-widget-image\" data-id=\"3df4b43\" data-element_type=\"widget\" data-widget_type=\"image.default\">\n\t\t\t\t<div class=\"elementor-widget-container\">\n\t\t\t\t\t\t\t\t\t\t\t\t\t\t\t<img fetchpriority=\"high\" decoding=\"async\" width=\"1259\" height=\"1259\" src=\"https:\/\/artmotion.net\/wp-content\/uploads\/2025\/01\/web-art-01.png\" class=\"attachment-1536x1536 size-1536x1536 wp-image-13425\" alt=\"\" srcset=\"https:\/\/artmotion.net\/wp-content\/uploads\/2025\/01\/web-art-01.png 1259w, https:\/\/artmotion.net\/wp-content\/uploads\/2025\/01\/web-art-01-300x300.png 300w, https:\/\/artmotion.net\/wp-content\/uploads\/2025\/01\/web-art-01-1024x1024.png 1024w, https:\/\/artmotion.net\/wp-content\/uploads\/2025\/01\/web-art-01-150x150.png 150w, https:\/\/artmotion.net\/wp-content\/uploads\/2025\/01\/web-art-01-768x768.png 768w, https:\/\/artmotion.net\/wp-content\/uploads\/2025\/01\/web-art-01-12x12.png 12w, https:\/\/artmotion.net\/wp-content\/uploads\/2025\/01\/web-art-01-450x450.png 450w, https:\/\/artmotion.net\/wp-content\/uploads\/2025\/01\/web-art-01-370x370.png 370w, https:\/\/artmotion.net\/wp-content\/uploads\/2025\/01\/web-art-01-90x90.png 90w, https:\/\/artmotion.net\/wp-content\/uploads\/2025\/01\/web-art-01-760x760.png 760w, https:\/\/artmotion.net\/wp-content\/uploads\/2025\/01\/web-art-01-470x470.png 470w, https:\/\/artmotion.net\/wp-content\/uploads\/2025\/01\/web-art-01-256x256.png 256w, https:\/\/artmotion.net\/wp-content\/uploads\/2025\/01\/web-art-01-700x700.png 700w\" sizes=\"(max-width: 1259px) 100vw, 1259px\" \/>\t\t\t\t\t\t\t\t\t\t\t\t\t\t\t<\/div>\n\t\t\t\t<\/div>\n\t\t\t\t\t<\/div>\n\t\t<\/div>\n\t\t\t\t\t<\/div>\n\t\t<\/section>\n\t\t\t\t<\/div>","protected":false},"excerpt":{"rendered":"<p>TV Aplikacioni \u2013 Shiko Kanale Shqip Live n\u00eb \u00c7do Pajisje, Kudo dhe N\u00eb \u00c7do Koh\u00eb! \u00c7far\u00eb ofron aplikacioni i Artmotion? Aplikaciioni i Artmotion (OTT) \u00ebsht\u00eb nj\u00eb platform\u00eb inovative OTT q\u00eb ju mund\u00ebson t\u00eb ndiqni t\u00eb gjitha kanalet dhe p\u00ebrmbajtjen tuaj t\u00eb preferuar nga \u00e7do pajisje smart, pa pasur nevoj\u00eb p\u00ebr&hellip;<\/p>","protected":false},"author":1,"featured_media":0,"parent":0,"menu_order":0,"comment_status":"closed","ping_status":"closed","template":"","meta":{"inline_featured_image":false,"footnotes":""},"class_list":["post-13484","page","type-page","status-publish","hentry"],"acf":[],"yoast_head":"<!-- This site is optimized with the Yoast SEO plugin v26.1 - https:\/\/yoast.com\/wordpress\/plugins\/seo\/ -->\n<title>TV Aplikacioni \u2013 Shiko Kanale Shqip Live | Artmotion<\/title>\n<meta name=\"description\" content=\"Shiko TV kudo dhe kurdo me aplikacionin e Artmotion! Kanale live, sport, filma &amp; VOD n\u00eb Android, iOS &amp; Smart TV. Abonohu tani dhe fillo aventuren!\" \/>\n<meta name=\"robots\" content=\"index, follow, max-snippet:-1, max-image-preview:large, max-video-preview:-1\" \/>\n<link rel=\"canonical\" href=\"https:\/\/artmotion.net\/en\/tv-aplikacioni\/\" \/>\n<meta property=\"og:locale\" content=\"en_US\" \/>\n<meta property=\"og:type\" content=\"article\" \/>\n<meta property=\"og:title\" content=\"TV Aplikacioni \u2013 Shiko Kanale Shqip Live | Artmotion\" \/>\n<meta property=\"og:description\" content=\"Shiko TV kudo dhe kurdo me aplikacionin e Artmotion! Kanale live, sport, filma &amp; VOD n\u00eb Android, iOS &amp; Smart TV. Abonohu tani dhe fillo aventuren!\" \/>\n<meta property=\"og:url\" content=\"https:\/\/artmotion.net\/en\/tv-aplikacioni\/\" \/>\n<meta property=\"og:site_name\" content=\"Artmotion\" \/>\n<meta property=\"article:publisher\" content=\"https:\/\/www.facebook.com\/artmotion.net\" \/>\n<meta property=\"article:modified_time\" content=\"2026-04-04T17:11:37+00:00\" \/>\n<meta property=\"og:image\" content=\"https:\/\/artmotion.net\/wp-content\/uploads\/2025\/01\/web-art-01.png\" \/>\n\t<meta property=\"og:image:width\" content=\"1259\" \/>\n\t<meta property=\"og:image:height\" content=\"1259\" \/>\n\t<meta property=\"og:image:type\" content=\"image\/png\" \/>\n<meta name=\"twitter:card\" content=\"summary_large_image\" \/>\n<meta name=\"twitter:label1\" content=\"Est. reading time\" \/>\n\t<meta name=\"twitter:data1\" content=\"2 minutes\" \/>\n<script type=\"application\/ld+json\" class=\"yoast-schema-graph\">{\"@context\":\"https:\/\/schema.org\",\"@graph\":[{\"@type\":\"WebPage\",\"@id\":\"https:\/\/artmotion.net\/tv-aplikacioni\/\",\"url\":\"https:\/\/artmotion.net\/tv-aplikacioni\/\",\"name\":\"TV Aplikacioni \u2013 Shiko Kanale Shqip Live | Artmotion\",\"isPartOf\":{\"@id\":\"https:\/\/artmotion.net\/#website\"},\"primaryImageOfPage\":{\"@id\":\"https:\/\/artmotion.net\/tv-aplikacioni\/#primaryimage\"},\"image\":{\"@id\":\"https:\/\/artmotion.net\/tv-aplikacioni\/#primaryimage\"},\"thumbnailUrl\":\"https:\/\/artmotion.net\/wp-content\/uploads\/2025\/01\/web-art-01.png\",\"datePublished\":\"2025-01-06T11:23:08+00:00\",\"dateModified\":\"2026-04-04T17:11:37+00:00\",\"description\":\"Shiko TV kudo dhe kurdo me aplikacionin e Artmotion! Kanale live, sport, filma & VOD n\u00eb Android, iOS & Smart TV. Abonohu tani dhe fillo aventuren!\",\"breadcrumb\":{\"@id\":\"https:\/\/artmotion.net\/tv-aplikacioni\/#breadcrumb\"},\"inLanguage\":\"en-US\",\"potentialAction\":[{\"@type\":\"ReadAction\",\"target\":[\"https:\/\/artmotion.net\/tv-aplikacioni\/\"]}]},{\"@type\":\"ImageObject\",\"inLanguage\":\"en-US\",\"@id\":\"https:\/\/artmotion.net\/tv-aplikacioni\/#primaryimage\",\"url\":\"https:\/\/artmotion.net\/wp-content\/uploads\/2025\/01\/web-art-01.png\",\"contentUrl\":\"https:\/\/artmotion.net\/wp-content\/uploads\/2025\/01\/web-art-01.png\"},{\"@type\":\"BreadcrumbList\",\"@id\":\"https:\/\/artmotion.net\/tv-aplikacioni\/#breadcrumb\",\"itemListElement\":[{\"@type\":\"ListItem\",\"position\":1,\"name\":\"Home\",\"item\":\"https:\/\/artmotion.net\/\"},{\"@type\":\"ListItem\",\"position\":2,\"name\":\"TV Aplikacioni\"}]},{\"@type\":\"WebSite\",\"@id\":\"https:\/\/artmotion.net\/#website\",\"url\":\"https:\/\/artmotion.net\/\",\"name\":\"Artmotion\",\"description\":\"Broadband &amp; Telecom\",\"publisher\":{\"@id\":\"https:\/\/artmotion.net\/#organization\"},\"potentialAction\":[{\"@type\":\"SearchAction\",\"target\":{\"@type\":\"EntryPoint\",\"urlTemplate\":\"https:\/\/artmotion.net\/?s={search_term_string}\"},\"query-input\":{\"@type\":\"PropertyValueSpecification\",\"valueRequired\":true,\"valueName\":\"search_term_string\"}}],\"inLanguage\":\"en-US\"},{\"@type\":\"Organization\",\"@id\":\"https:\/\/artmotion.net\/#organization\",\"name\":\"Artmotion\",\"url\":\"https:\/\/artmotion.net\/\",\"logo\":{\"@type\":\"ImageObject\",\"inLanguage\":\"en-US\",\"@id\":\"https:\/\/artmotion.net\/#\/schema\/logo\/image\/\",\"url\":\"https:\/\/artmotion.net\/wp-content\/uploads\/2023\/03\/Asset-1.png\",\"contentUrl\":\"https:\/\/artmotion.net\/wp-content\/uploads\/2023\/03\/Asset-1.png\",\"width\":409,\"height\":196,\"caption\":\"Artmotion\"},\"image\":{\"@id\":\"https:\/\/artmotion.net\/#\/schema\/logo\/image\/\"},\"sameAs\":[\"https:\/\/www.facebook.com\/artmotion.net\",\"https:\/\/www.instagram.com\/artmotionnet\/?hl=en\",\"https:\/\/www.linkedin.com\/company\/artmotionnet\/\",\"https:\/\/www.youtube.com\/channel\/UCn92HPrJzmSibnIAP1n-umA\"]}]}<\/script>\n<!-- \/ Yoast SEO plugin. -->","yoast_head_json":{"title":"TV Aplikacioni \u2013 Shiko Kanale Shqip Live | Artmotion","description":"Shiko TV kudo dhe kurdo me aplikacionin e Artmotion! Kanale live, sport, filma & VOD n\u00eb Android, iOS & Smart TV. Abonohu tani dhe fillo aventuren!","robots":{"index":"index","follow":"follow","max-snippet":"max-snippet:-1","max-image-preview":"max-image-preview:large","max-video-preview":"max-video-preview:-1"},"canonical":"https:\/\/artmotion.net\/en\/tv-aplikacioni\/","og_locale":"en_US","og_type":"article","og_title":"TV Aplikacioni \u2013 Shiko Kanale Shqip Live | Artmotion","og_description":"Shiko TV kudo dhe kurdo me aplikacionin e Artmotion! Kanale live, sport, filma & VOD n\u00eb Android, iOS & Smart TV. Abonohu tani dhe fillo aventuren!","og_url":"https:\/\/artmotion.net\/en\/tv-aplikacioni\/","og_site_name":"Artmotion","article_publisher":"https:\/\/www.facebook.com\/artmotion.net","article_modified_time":"2026-04-04T17:11:37+00:00","og_image":[{"width":1259,"height":1259,"url":"https:\/\/artmotion.net\/wp-content\/uploads\/2025\/01\/web-art-01.png","type":"image\/png"}],"twitter_card":"summary_large_image","twitter_misc":{"Est. reading time":"2 minutes"},"schema":{"@context":"https:\/\/schema.org","@graph":[{"@type":"WebPage","@id":"https:\/\/artmotion.net\/tv-aplikacioni\/","url":"https:\/\/artmotion.net\/tv-aplikacioni\/","name":"TV Aplikacioni \u2013 Shiko Kanale Shqip Live | Artmotion","isPartOf":{"@id":"https:\/\/artmotion.net\/#website"},"primaryImageOfPage":{"@id":"https:\/\/artmotion.net\/tv-aplikacioni\/#primaryimage"},"image":{"@id":"https:\/\/artmotion.net\/tv-aplikacioni\/#primaryimage"},"thumbnailUrl":"https:\/\/artmotion.net\/wp-content\/uploads\/2025\/01\/web-art-01.png","datePublished":"2025-01-06T11:23:08+00:00","dateModified":"2026-04-04T17:11:37+00:00","description":"Shiko TV kudo dhe kurdo me aplikacionin e Artmotion! Kanale live, sport, filma & VOD n\u00eb Android, iOS & Smart TV. Abonohu tani dhe fillo aventuren!","breadcrumb":{"@id":"https:\/\/artmotion.net\/tv-aplikacioni\/#breadcrumb"},"inLanguage":"en-US","potentialAction":[{"@type":"ReadAction","target":["https:\/\/artmotion.net\/tv-aplikacioni\/"]}]},{"@type":"ImageObject","inLanguage":"en-US","@id":"https:\/\/artmotion.net\/tv-aplikacioni\/#primaryimage","url":"https:\/\/artmotion.net\/wp-content\/uploads\/2025\/01\/web-art-01.png","contentUrl":"https:\/\/artmotion.net\/wp-content\/uploads\/2025\/01\/web-art-01.png"},{"@type":"BreadcrumbList","@id":"https:\/\/artmotion.net\/tv-aplikacioni\/#breadcrumb","itemListElement":[{"@type":"ListItem","position":1,"name":"Home","item":"https:\/\/artmotion.net\/"},{"@type":"ListItem","position":2,"name":"TV Aplikacioni"}]},{"@type":"WebSite","@id":"https:\/\/artmotion.net\/#website","url":"https:\/\/artmotion.net\/","name":"Artmotion","description":"Broadband &amp; Telecom","publisher":{"@id":"https:\/\/artmotion.net\/#organization"},"potentialAction":[{"@type":"SearchAction","target":{"@type":"EntryPoint","urlTemplate":"https:\/\/artmotion.net\/?s={search_term_string}"},"query-input":{"@type":"PropertyValueSpecification","valueRequired":true,"valueName":"search_term_string"}}],"inLanguage":"en-US"},{"@type":"Organization","@id":"https:\/\/artmotion.net\/#organization","name":"Artmotion","url":"https:\/\/artmotion.net\/","logo":{"@type":"ImageObject","inLanguage":"en-US","@id":"https:\/\/artmotion.net\/#\/schema\/logo\/image\/","url":"https:\/\/artmotion.net\/wp-content\/uploads\/2023\/03\/Asset-1.png","contentUrl":"https:\/\/artmotion.net\/wp-content\/uploads\/2023\/03\/Asset-1.png","width":409,"height":196,"caption":"Artmotion"},"image":{"@id":"https:\/\/artmotion.net\/#\/schema\/logo\/image\/"},"sameAs":["https:\/\/www.facebook.com\/artmotion.net","https:\/\/www.instagram.com\/artmotionnet\/?hl=en","https:\/\/www.linkedin.com\/company\/artmotionnet\/","https:\/\/www.youtube.com\/channel\/UCn92HPrJzmSibnIAP1n-umA"]}]}},"_links":{"self":[{"href":"https:\/\/artmotion.net\/en\/wp-json\/wp\/v2\/pages\/13484","targetHints":{"allow":["GET"]}}],"collection":[{"href":"https:\/\/artmotion.net\/en\/wp-json\/wp\/v2\/pages"}],"about":[{"href":"https:\/\/artmotion.net\/en\/wp-json\/wp\/v2\/types\/page"}],"author":[{"embeddable":true,"href":"https:\/\/artmotion.net\/en\/wp-json\/wp\/v2\/users\/1"}],"replies":[{"embeddable":true,"href":"https:\/\/artmotion.net\/en\/wp-json\/wp\/v2\/comments?post=13484"}],"version-history":[{"count":46,"href":"https:\/\/artmotion.net\/en\/wp-json\/wp\/v2\/pages\/13484\/revisions"}],"predecessor-version":[{"id":14652,"href":"https:\/\/artmotion.net\/en\/wp-json\/wp\/v2\/pages\/13484\/revisions\/14652"}],"wp:attachment":[{"href":"https:\/\/artmotion.net\/en\/wp-json\/wp\/v2\/media?parent=13484"}],"curies":[{"name":"wp","href":"https:\/\/api.w.org\/{rel}","templated":true}]}}