{"id":13473,"date":"2025-01-06T12:15:54","date_gmt":"2025-01-06T11:15:54","guid":{"rendered":"https:\/\/artmotion.net\/?page_id=13473"},"modified":"2025-03-14T14:51:53","modified_gmt":"2025-03-14T13:51:53","slug":"oferta-sme","status":"publish","type":"page","link":"https:\/\/artmotion.net\/en\/biznes\/oferta-sme\/","title":{"rendered":"Oferta SME"},"content":{"rendered":"<div data-elementor-type=\"wp-page\" data-elementor-id=\"13473\" class=\"elementor elementor-13473\">\n\t\t\t\t\t\t<section class=\"elementor-section elementor-top-section elementor-element elementor-element-d0b4568 elementor-section-boxed elementor-section-height-default elementor-section-height-default\" data-id=\"d0b4568\" data-element_type=\"section\">\n\t\t\t\t\t\t<div class=\"elementor-container elementor-column-gap-extended\">\n\t\t\t\t\t<div class=\"elementor-column elementor-col-50 elementor-top-column elementor-element elementor-element-2da03ec sc_inner_width_none sc_layouts_column_icons_position_left\" data-id=\"2da03ec\" data-element_type=\"column\">\n\t\t\t<div class=\"elementor-widget-wrap elementor-element-populated\">\n\t\t\t\t\t\t<div class=\"elementor-element elementor-element-c749a67 sc_fly_static elementor-widget elementor-widget-heading\" data-id=\"c749a67\" data-element_type=\"widget\" data-widget_type=\"heading.default\">\n\t\t\t\t<div class=\"elementor-widget-container\">\n\t\t\t\t\t<h2 class=\"elementor-heading-title elementor-size-default\">Oferta SME<\/h2>\t\t\t\t<\/div>\n\t\t\t\t<\/div>\n\t\t\t\t<div class=\"elementor-element elementor-element-c4b16e5 elementor-widget__width-initial sc_fly_static elementor-widget elementor-widget-text-editor\" data-id=\"c4b16e5\" data-element_type=\"widget\" data-widget_type=\"text-editor.default\">\n\t\t\t\t<div class=\"elementor-widget-container\">\n\t\t\t\t\t\t\t\t\t<p>P\u00ebrfitoni nga Oferta SME e dizajnuar posa\u00e7\u00ebrisht p\u00ebr bizneset q\u00eb k\u00ebrkojn\u00eb zgjidhje t\u00eb besueshme dhe efikase. Paketa p\u00ebrfshin internet t\u00eb dedikuar me shpejt\u00ebsi maksimale, kombinimin ideal t\u00eb internetit dhe DTV, sh\u00ebrbimin fleksib\u00ebl t\u00eb VPN sipas k\u00ebrkes\u00ebs tuaj, akses n\u00eb nj\u00eb IP reale, si dhe p\u00ebrkrahje teknike 24\/7 p\u00ebr funksionim pa nd\u00ebrprerje. Zgjidhni t\u00eb punoni pa kufizime:<\/p>\t\t\t\t\t\t\t\t<\/div>\n\t\t\t\t<\/div>\n\t\t\t\t<div class=\"elementor-element elementor-element-365dee6 elementor-icon-list--layout-traditional elementor-list-item-link-full_width sc_fly_static elementor-widget elementor-widget-icon-list\" data-id=\"365dee6\" data-element_type=\"widget\" data-widget_type=\"icon-list.default\">\n\t\t\t\t<div class=\"elementor-widget-container\">\n\t\t\t\t\t\t\t<ul class=\"elementor-icon-list-items\">\n\t\t\t\t\t\t\t<li class=\"elementor-icon-list-item\">\n\t\t\t\t\t\t\t\t\t\t\t<span class=\"elementor-icon-list-icon\">\n\t\t\t\t\t\t\t<i aria-hidden=\"true\" class=\"fas fa-circle\"><\/i>\t\t\t\t\t\t<\/span>\n\t\t\t\t\t\t\t\t\t\t<span class=\"elementor-icon-list-text\"> Internet t\u00eb dedikuar<\/span>\n\t\t\t\t\t\t\t\t\t<\/li>\n\t\t\t\t\t\t\t\t<li class=\"elementor-icon-list-item\">\n\t\t\t\t\t\t\t\t\t\t\t<span class=\"elementor-icon-list-icon\">\n\t\t\t\t\t\t\t<i aria-hidden=\"true\" class=\"fas fa-circle\"><\/i>\t\t\t\t\t\t<\/span>\n\t\t\t\t\t\t\t\t\t\t<span class=\"elementor-icon-list-text\"> Internet + DTV<\/span>\n\t\t\t\t\t\t\t\t\t<\/li>\n\t\t\t\t\t\t\t\t<li class=\"elementor-icon-list-item\">\n\t\t\t\t\t\t\t\t\t\t\t<span class=\"elementor-icon-list-icon\">\n\t\t\t\t\t\t\t<i aria-hidden=\"true\" class=\"fas fa-circle\"><\/i>\t\t\t\t\t\t<\/span>\n\t\t\t\t\t\t\t\t\t\t<span class=\"elementor-icon-list-text\"> VPN sipas k\u00ebrkes\u00ebs tuaj<\/span>\n\t\t\t\t\t\t\t\t\t<\/li>\n\t\t\t\t\t\t\t\t<li class=\"elementor-icon-list-item\">\n\t\t\t\t\t\t\t\t\t\t\t<span class=\"elementor-icon-list-icon\">\n\t\t\t\t\t\t\t<i aria-hidden=\"true\" class=\"fas fa-circle\"><\/i>\t\t\t\t\t\t<\/span>\n\t\t\t\t\t\t\t\t\t\t<span class=\"elementor-icon-list-text\"> Ip Reale<\/span>\n\t\t\t\t\t\t\t\t\t<\/li>\n\t\t\t\t\t\t\t\t<li class=\"elementor-icon-list-item\">\n\t\t\t\t\t\t\t\t\t\t\t<span class=\"elementor-icon-list-icon\">\n\t\t\t\t\t\t\t<i aria-hidden=\"true\" class=\"fas fa-circle\"><\/i>\t\t\t\t\t\t<\/span>\n\t\t\t\t\t\t\t\t\t\t<span class=\"elementor-icon-list-text\"> 24h P\u00ebrkrahje Teknike<\/span>\n\t\t\t\t\t\t\t\t\t<\/li>\n\t\t\t\t\t\t<\/ul>\n\t\t\t\t\t\t<\/div>\n\t\t\t\t<\/div>\n\t\t\t\t<div class=\"elementor-element elementor-element-2668f3a elementor-widget__width-initial pako-page-new sc_fly_static elementor-widget elementor-widget-text-editor\" data-id=\"2668f3a\" data-element_type=\"widget\" data-widget_type=\"text-editor.default\">\n\t\t\t\t<div class=\"elementor-widget-container\">\n\t\t\t\t\t\t\t\t\t<div  class=\"pako-buttons-abonohu sg-popup-id-6945\">Connect<\/div>\t\t\t\t\t\t\t\t<\/div>\n\t\t\t\t<\/div>\n\t\t\t\t\t<\/div>\n\t\t<\/div>\n\t\t\t\t<div class=\"elementor-column elementor-col-50 elementor-top-column elementor-element elementor-element-5dd5129 sc_inner_width_none sc_layouts_column_icons_position_left\" data-id=\"5dd5129\" data-element_type=\"column\" data-settings=\"{&quot;background_background&quot;:&quot;slideshow&quot;,&quot;background_slideshow_gallery&quot;:[{&quot;id&quot;:13426,&quot;url&quot;:&quot;https:\\\/\\\/artmotion.net\\\/wp-content\\\/uploads\\\/2025\\\/01\\\/OFERTA-SME.png&quot;}],&quot;background_slideshow_loop&quot;:&quot;yes&quot;,&quot;background_slideshow_slide_duration&quot;:5000,&quot;background_slideshow_slide_transition&quot;:&quot;fade&quot;,&quot;background_slideshow_transition_duration&quot;:500}\">\n\t\t\t<div class=\"elementor-widget-wrap\">\n\t\t\t\t\t\t\t<\/div>\n\t\t<\/div>\n\t\t\t\t\t<\/div>\n\t\t<\/section>\n\t\t\t\t<\/div>","protected":false},"excerpt":{"rendered":"<p>Oferta SME P\u00ebrfitoni nga Oferta SME e dizajnuar posa\u00e7\u00ebrisht p\u00ebr bizneset q\u00eb k\u00ebrkojn\u00eb zgjidhje t\u00eb besueshme dhe efikase. Paketa p\u00ebrfshin internet t\u00eb dedikuar me shpejt\u00ebsi maksimale, kombinimin ideal t\u00eb internetit dhe DTV, sh\u00ebrbimin fleksib\u00ebl t\u00eb VPN sipas k\u00ebrkes\u00ebs tuaj, akses n\u00eb nj\u00eb IP reale, si dhe p\u00ebrkrahje teknike 24\/7 p\u00ebr&hellip;<\/p>","protected":false},"author":1,"featured_media":0,"parent":6366,"menu_order":0,"comment_status":"closed","ping_status":"closed","template":"","meta":{"inline_featured_image":false,"footnotes":""},"class_list":["post-13473","page","type-page","status-publish","hentry"],"acf":[],"yoast_head":"<!-- This site is optimized with the Yoast SEO plugin v26.1 - https:\/\/yoast.com\/wordpress\/plugins\/seo\/ -->\n<title>Oferta SME - Artmotion<\/title>\n<meta name=\"description\" content=\"Oferta SME \u2013 Internet i dedikuar, DTV, IP reale &amp; VPN fleksib\u00ebl p\u00ebr biznesin tuaj. Artmotion ofron sh\u00ebrbim 24\/7 p\u00ebr lidhje t\u00eb pand\u00ebrprer\u00eb. Lidhu sot!\" \/>\n<meta name=\"robots\" content=\"index, follow, max-snippet:-1, max-image-preview:large, max-video-preview:-1\" \/>\n<link rel=\"canonical\" href=\"https:\/\/artmotion.net\/en\/biznes\/oferta-sme\/\" \/>\n<meta property=\"og:locale\" content=\"en_US\" \/>\n<meta property=\"og:type\" content=\"article\" \/>\n<meta property=\"og:title\" content=\"Oferta SME - Artmotion\" \/>\n<meta property=\"og:description\" content=\"Oferta SME \u2013 Internet i dedikuar, DTV, IP reale &amp; VPN fleksib\u00ebl p\u00ebr biznesin tuaj. Artmotion ofron sh\u00ebrbim 24\/7 p\u00ebr lidhje t\u00eb pand\u00ebrprer\u00eb. Lidhu sot!\" \/>\n<meta property=\"og:url\" content=\"https:\/\/artmotion.net\/en\/biznes\/oferta-sme\/\" \/>\n<meta property=\"og:site_name\" content=\"Artmotion\" \/>\n<meta property=\"article:publisher\" content=\"https:\/\/www.facebook.com\/artmotion.net\" \/>\n<meta property=\"article:modified_time\" content=\"2025-03-14T13:51:53+00:00\" \/>\n<meta name=\"twitter:card\" content=\"summary_large_image\" \/>\n<meta name=\"twitter:label1\" content=\"Est. reading time\" \/>\n\t<meta name=\"twitter:data1\" content=\"1 minute\" \/>\n<script type=\"application\/ld+json\" class=\"yoast-schema-graph\">{\"@context\":\"https:\/\/schema.org\",\"@graph\":[{\"@type\":\"WebPage\",\"@id\":\"https:\/\/artmotion.net\/biznes\/oferta-sme\/\",\"url\":\"https:\/\/artmotion.net\/biznes\/oferta-sme\/\",\"name\":\"Oferta SME - Artmotion\",\"isPartOf\":{\"@id\":\"https:\/\/artmotion.net\/#website\"},\"datePublished\":\"2025-01-06T11:15:54+00:00\",\"dateModified\":\"2025-03-14T13:51:53+00:00\",\"description\":\"Oferta SME \u2013 Internet i dedikuar, DTV, IP reale & VPN fleksib\u00ebl p\u00ebr biznesin tuaj. Artmotion ofron sh\u00ebrbim 24\/7 p\u00ebr lidhje t\u00eb pand\u00ebrprer\u00eb. Lidhu sot!\",\"breadcrumb\":{\"@id\":\"https:\/\/artmotion.net\/biznes\/oferta-sme\/#breadcrumb\"},\"inLanguage\":\"en-US\",\"potentialAction\":[{\"@type\":\"ReadAction\",\"target\":[\"https:\/\/artmotion.net\/biznes\/oferta-sme\/\"]}]},{\"@type\":\"BreadcrumbList\",\"@id\":\"https:\/\/artmotion.net\/biznes\/oferta-sme\/#breadcrumb\",\"itemListElement\":[{\"@type\":\"ListItem\",\"position\":1,\"name\":\"Home\",\"item\":\"https:\/\/artmotion.net\/\"},{\"@type\":\"ListItem\",\"position\":2,\"name\":\"P\u00ebr biznes\",\"item\":\"https:\/\/artmotion.net\/biznes\/\"},{\"@type\":\"ListItem\",\"position\":3,\"name\":\"Oferta SME\"}]},{\"@type\":\"WebSite\",\"@id\":\"https:\/\/artmotion.net\/#website\",\"url\":\"https:\/\/artmotion.net\/\",\"name\":\"Artmotion\",\"description\":\"Broadband &amp; Telecom\",\"publisher\":{\"@id\":\"https:\/\/artmotion.net\/#organization\"},\"potentialAction\":[{\"@type\":\"SearchAction\",\"target\":{\"@type\":\"EntryPoint\",\"urlTemplate\":\"https:\/\/artmotion.net\/?s={search_term_string}\"},\"query-input\":{\"@type\":\"PropertyValueSpecification\",\"valueRequired\":true,\"valueName\":\"search_term_string\"}}],\"inLanguage\":\"en-US\"},{\"@type\":\"Organization\",\"@id\":\"https:\/\/artmotion.net\/#organization\",\"name\":\"Artmotion\",\"url\":\"https:\/\/artmotion.net\/\",\"logo\":{\"@type\":\"ImageObject\",\"inLanguage\":\"en-US\",\"@id\":\"https:\/\/artmotion.net\/#\/schema\/logo\/image\/\",\"url\":\"https:\/\/artmotion.net\/wp-content\/uploads\/2023\/03\/Asset-1.png\",\"contentUrl\":\"https:\/\/artmotion.net\/wp-content\/uploads\/2023\/03\/Asset-1.png\",\"width\":409,\"height\":196,\"caption\":\"Artmotion\"},\"image\":{\"@id\":\"https:\/\/artmotion.net\/#\/schema\/logo\/image\/\"},\"sameAs\":[\"https:\/\/www.facebook.com\/artmotion.net\",\"https:\/\/www.instagram.com\/artmotionnet\/?hl=en\",\"https:\/\/www.linkedin.com\/company\/artmotionnet\/\",\"https:\/\/www.youtube.com\/channel\/UCn92HPrJzmSibnIAP1n-umA\"]}]}<\/script>\n<!-- \/ Yoast SEO plugin. -->","yoast_head_json":{"title":"Oferta SME - Artmotion","description":"Oferta SME \u2013 Internet i dedikuar, DTV, IP reale & VPN fleksib\u00ebl p\u00ebr biznesin tuaj. Artmotion ofron sh\u00ebrbim 24\/7 p\u00ebr lidhje t\u00eb pand\u00ebrprer\u00eb. Lidhu sot!","robots":{"index":"index","follow":"follow","max-snippet":"max-snippet:-1","max-image-preview":"max-image-preview:large","max-video-preview":"max-video-preview:-1"},"canonical":"https:\/\/artmotion.net\/en\/biznes\/oferta-sme\/","og_locale":"en_US","og_type":"article","og_title":"Oferta SME - Artmotion","og_description":"Oferta SME \u2013 Internet i dedikuar, DTV, IP reale & VPN fleksib\u00ebl p\u00ebr biznesin tuaj. Artmotion ofron sh\u00ebrbim 24\/7 p\u00ebr lidhje t\u00eb pand\u00ebrprer\u00eb. Lidhu sot!","og_url":"https:\/\/artmotion.net\/en\/biznes\/oferta-sme\/","og_site_name":"Artmotion","article_publisher":"https:\/\/www.facebook.com\/artmotion.net","article_modified_time":"2025-03-14T13:51:53+00:00","twitter_card":"summary_large_image","twitter_misc":{"Est. reading time":"1 minute"},"schema":{"@context":"https:\/\/schema.org","@graph":[{"@type":"WebPage","@id":"https:\/\/artmotion.net\/biznes\/oferta-sme\/","url":"https:\/\/artmotion.net\/biznes\/oferta-sme\/","name":"Oferta SME - Artmotion","isPartOf":{"@id":"https:\/\/artmotion.net\/#website"},"datePublished":"2025-01-06T11:15:54+00:00","dateModified":"2025-03-14T13:51:53+00:00","description":"Oferta SME \u2013 Internet i dedikuar, DTV, IP reale & VPN fleksib\u00ebl p\u00ebr biznesin tuaj. Artmotion ofron sh\u00ebrbim 24\/7 p\u00ebr lidhje t\u00eb pand\u00ebrprer\u00eb. Lidhu sot!","breadcrumb":{"@id":"https:\/\/artmotion.net\/biznes\/oferta-sme\/#breadcrumb"},"inLanguage":"en-US","potentialAction":[{"@type":"ReadAction","target":["https:\/\/artmotion.net\/biznes\/oferta-sme\/"]}]},{"@type":"BreadcrumbList","@id":"https:\/\/artmotion.net\/biznes\/oferta-sme\/#breadcrumb","itemListElement":[{"@type":"ListItem","position":1,"name":"Home","item":"https:\/\/artmotion.net\/"},{"@type":"ListItem","position":2,"name":"P\u00ebr biznes","item":"https:\/\/artmotion.net\/biznes\/"},{"@type":"ListItem","position":3,"name":"Oferta SME"}]},{"@type":"WebSite","@id":"https:\/\/artmotion.net\/#website","url":"https:\/\/artmotion.net\/","name":"Artmotion","description":"Broadband &amp; Telecom","publisher":{"@id":"https:\/\/artmotion.net\/#organization"},"potentialAction":[{"@type":"SearchAction","target":{"@type":"EntryPoint","urlTemplate":"https:\/\/artmotion.net\/?s={search_term_string}"},"query-input":{"@type":"PropertyValueSpecification","valueRequired":true,"valueName":"search_term_string"}}],"inLanguage":"en-US"},{"@type":"Organization","@id":"https:\/\/artmotion.net\/#organization","name":"Artmotion","url":"https:\/\/artmotion.net\/","logo":{"@type":"ImageObject","inLanguage":"en-US","@id":"https:\/\/artmotion.net\/#\/schema\/logo\/image\/","url":"https:\/\/artmotion.net\/wp-content\/uploads\/2023\/03\/Asset-1.png","contentUrl":"https:\/\/artmotion.net\/wp-content\/uploads\/2023\/03\/Asset-1.png","width":409,"height":196,"caption":"Artmotion"},"image":{"@id":"https:\/\/artmotion.net\/#\/schema\/logo\/image\/"},"sameAs":["https:\/\/www.facebook.com\/artmotion.net","https:\/\/www.instagram.com\/artmotionnet\/?hl=en","https:\/\/www.linkedin.com\/company\/artmotionnet\/","https:\/\/www.youtube.com\/channel\/UCn92HPrJzmSibnIAP1n-umA"]}]}},"_links":{"self":[{"href":"https:\/\/artmotion.net\/en\/wp-json\/wp\/v2\/pages\/13473","targetHints":{"allow":["GET"]}}],"collection":[{"href":"https:\/\/artmotion.net\/en\/wp-json\/wp\/v2\/pages"}],"about":[{"href":"https:\/\/artmotion.net\/en\/wp-json\/wp\/v2\/types\/page"}],"author":[{"embeddable":true,"href":"https:\/\/artmotion.net\/en\/wp-json\/wp\/v2\/users\/1"}],"replies":[{"embeddable":true,"href":"https:\/\/artmotion.net\/en\/wp-json\/wp\/v2\/comments?post=13473"}],"version-history":[{"count":19,"href":"https:\/\/artmotion.net\/en\/wp-json\/wp\/v2\/pages\/13473\/revisions"}],"predecessor-version":[{"id":14142,"href":"https:\/\/artmotion.net\/en\/wp-json\/wp\/v2\/pages\/13473\/revisions\/14142"}],"up":[{"embeddable":true,"href":"https:\/\/artmotion.net\/en\/wp-json\/wp\/v2\/pages\/6366"}],"wp:attachment":[{"href":"https:\/\/artmotion.net\/en\/wp-json\/wp\/v2\/media?parent=13473"}],"curies":[{"name":"wp","href":"https:\/\/api.w.org\/{rel}","templated":true}]}}