{"id":13465,"date":"2025-01-06T12:14:04","date_gmt":"2025-01-06T11:14:04","guid":{"rendered":"https:\/\/artmotion.net\/?page_id=13465"},"modified":"2025-03-14T14:52:25","modified_gmt":"2025-03-14T13:52:25","slug":"pako-horeca","status":"publish","type":"page","link":"https:\/\/artmotion.net\/en\/biznes\/pako-horeca\/","title":{"rendered":"Pako Horeca"},"content":{"rendered":"<div data-elementor-type=\"wp-page\" data-elementor-id=\"13465\" class=\"elementor elementor-13465\">\n\t\t\t\t\t\t<section class=\"elementor-section elementor-top-section elementor-element elementor-element-4923c11 elementor-section-boxed elementor-section-height-default elementor-section-height-default\" data-id=\"4923c11\" data-element_type=\"section\">\n\t\t\t\t\t\t<div class=\"elementor-container elementor-column-gap-extended\">\n\t\t\t\t\t<div class=\"elementor-column elementor-col-50 elementor-top-column elementor-element elementor-element-3dd6f7d sc_inner_width_none sc_layouts_column_icons_position_left\" data-id=\"3dd6f7d\" data-element_type=\"column\">\n\t\t\t<div class=\"elementor-widget-wrap elementor-element-populated\">\n\t\t\t\t\t\t<div class=\"elementor-element elementor-element-e31c552 sc_fly_static elementor-widget elementor-widget-heading\" data-id=\"e31c552\" data-element_type=\"widget\" data-widget_type=\"heading.default\">\n\t\t\t\t<div class=\"elementor-widget-container\">\n\t\t\t\t\t<h2 class=\"elementor-heading-title elementor-size-default\">Pako Horeca<\/h2>\t\t\t\t<\/div>\n\t\t\t\t<\/div>\n\t\t\t\t<div class=\"elementor-element elementor-element-8bafcaa elementor-widget__width-initial sc_fly_static elementor-widget elementor-widget-text-editor\" data-id=\"8bafcaa\" data-element_type=\"widget\" data-widget_type=\"text-editor.default\">\n\t\t\t\t<div class=\"elementor-widget-container\">\n\t\t\t\t\t\t\t\t\t<p>Pako Horeca \u00ebsht\u00eb zgjidhja perfekte p\u00ebr bare, restorante dhe kafene, duke ofruar kombinimin ideal t\u00eb internetit dhe DTV p\u00ebr nj\u00eb p\u00ebrvoj\u00eb t\u00eb kompletuar. Me Wi-Fi routera t\u00eb dedikuar p\u00ebr \u00e7do lokal dhe sh\u00ebrbim teknik 24\/7, sigurojm\u00eb funksionim t\u00eb pand\u00ebrprer\u00eb dhe cil\u00ebsi t\u00eb lart\u00eb p\u00ebr k\u00ebnaq\u00ebsin\u00eb e klient\u00ebve tuaj<\/p><p>\u00a0<\/p>\t\t\t\t\t\t\t\t<\/div>\n\t\t\t\t<\/div>\n\t\t\t\t<div class=\"elementor-element elementor-element-b08d73b elementor-icon-list--layout-traditional elementor-list-item-link-full_width sc_fly_static elementor-widget elementor-widget-icon-list\" data-id=\"b08d73b\" data-element_type=\"widget\" data-widget_type=\"icon-list.default\">\n\t\t\t\t<div class=\"elementor-widget-container\">\n\t\t\t\t\t\t\t<ul class=\"elementor-icon-list-items\">\n\t\t\t\t\t\t\t<li class=\"elementor-icon-list-item\">\n\t\t\t\t\t\t\t\t\t\t\t<span class=\"elementor-icon-list-icon\">\n\t\t\t\t\t\t\t<i aria-hidden=\"true\" class=\"fas fa-circle\"><\/i>\t\t\t\t\t\t<\/span>\n\t\t\t\t\t\t\t\t\t\t<span class=\"elementor-icon-list-text\"> Internet dhe DTV<\/span>\n\t\t\t\t\t\t\t\t\t<\/li>\n\t\t\t\t\t\t\t\t<li class=\"elementor-icon-list-item\">\n\t\t\t\t\t\t\t\t\t\t\t<span class=\"elementor-icon-list-icon\">\n\t\t\t\t\t\t\t<i aria-hidden=\"true\" class=\"fas fa-circle\"><\/i>\t\t\t\t\t\t<\/span>\n\t\t\t\t\t\t\t\t\t\t<span class=\"elementor-icon-list-text\"> Wi \u2013 Fi routera p\u00ebr \u00e7do lokal<\/span>\n\t\t\t\t\t\t\t\t\t<\/li>\n\t\t\t\t\t\t\t\t<li class=\"elementor-icon-list-item\">\n\t\t\t\t\t\t\t\t\t\t\t<span class=\"elementor-icon-list-icon\">\n\t\t\t\t\t\t\t<i aria-hidden=\"true\" class=\"fas fa-circle\"><\/i>\t\t\t\t\t\t<\/span>\n\t\t\t\t\t\t\t\t\t\t<span class=\"elementor-icon-list-text\"> Sh\u00ebrbim Teknik 24h<\/span>\n\t\t\t\t\t\t\t\t\t<\/li>\n\t\t\t\t\t\t<\/ul>\n\t\t\t\t\t\t<\/div>\n\t\t\t\t<\/div>\n\t\t\t\t<div class=\"elementor-element elementor-element-0f5efc6 elementor-widget__width-initial pako-page-new sc_fly_static elementor-widget elementor-widget-text-editor\" data-id=\"0f5efc6\" data-element_type=\"widget\" data-widget_type=\"text-editor.default\">\n\t\t\t\t<div class=\"elementor-widget-container\">\n\t\t\t\t\t\t\t\t\t<div  class=\"pako-buttons-abonohu sg-popup-id-6945\">Connect<\/div>\t\t\t\t\t\t\t\t<\/div>\n\t\t\t\t<\/div>\n\t\t\t\t\t<\/div>\n\t\t<\/div>\n\t\t\t\t<div class=\"elementor-column elementor-col-50 elementor-top-column elementor-element elementor-element-77e7439 sc_inner_width_none sc_layouts_column_icons_position_left\" data-id=\"77e7439\" data-element_type=\"column\" data-settings=\"{&quot;background_background&quot;:&quot;slideshow&quot;,&quot;background_slideshow_gallery&quot;:[{&quot;id&quot;:13429,&quot;url&quot;:&quot;https:\\\/\\\/artmotion.net\\\/wp-content\\\/uploads\\\/2025\\\/01\\\/freecompress-PAKO-HORECA.jpg&quot;}],&quot;background_slideshow_loop&quot;:&quot;yes&quot;,&quot;background_slideshow_slide_duration&quot;:5000,&quot;background_slideshow_slide_transition&quot;:&quot;fade&quot;,&quot;background_slideshow_transition_duration&quot;:500}\">\n\t\t\t<div class=\"elementor-widget-wrap\">\n\t\t\t\t\t\t\t<\/div>\n\t\t<\/div>\n\t\t\t\t\t<\/div>\n\t\t<\/section>\n\t\t\t\t<\/div>","protected":false},"excerpt":{"rendered":"<p>Pako Horeca Pako Horeca \u00ebsht\u00eb zgjidhja perfekte p\u00ebr bare, restorante dhe kafene, duke ofruar kombinimin ideal t\u00eb internetit dhe DTV p\u00ebr nj\u00eb p\u00ebrvoj\u00eb t\u00eb kompletuar. Me Wi-Fi routera t\u00eb dedikuar p\u00ebr \u00e7do lokal dhe sh\u00ebrbim teknik 24\/7, sigurojm\u00eb funksionim t\u00eb pand\u00ebrprer\u00eb dhe cil\u00ebsi t\u00eb lart\u00eb p\u00ebr k\u00ebnaq\u00ebsin\u00eb e klient\u00ebve tuaj&hellip;<\/p>","protected":false},"author":1,"featured_media":0,"parent":6366,"menu_order":0,"comment_status":"closed","ping_status":"closed","template":"","meta":{"inline_featured_image":false,"footnotes":""},"class_list":["post-13465","page","type-page","status-publish","hentry"],"acf":[],"yoast_head":"<!-- This site is optimized with the Yoast SEO plugin v26.1 - https:\/\/yoast.com\/wordpress\/plugins\/seo\/ -->\n<title>Pako Horeca - Artmotion<\/title>\n<meta name=\"description\" content=\"Pako Horeca \u2013 Internet stabil &amp; DTV p\u00ebr bare, restorante dhe kafene. Wi-Fi router\u00eb t\u00eb dedikuar dhe mb\u00ebshtetje 24\/7 nga Artmotion. Zgjidh ofert\u00ebn tani!\" \/>\n<meta name=\"robots\" content=\"index, follow, max-snippet:-1, max-image-preview:large, max-video-preview:-1\" \/>\n<link rel=\"canonical\" href=\"https:\/\/artmotion.net\/en\/biznes\/pako-horeca\/\" \/>\n<meta property=\"og:locale\" content=\"en_US\" \/>\n<meta property=\"og:type\" content=\"article\" \/>\n<meta property=\"og:title\" content=\"Pako Horeca - Artmotion\" \/>\n<meta property=\"og:description\" content=\"Pako Horeca \u2013 Internet stabil &amp; DTV p\u00ebr bare, restorante dhe kafene. Wi-Fi router\u00eb t\u00eb dedikuar dhe mb\u00ebshtetje 24\/7 nga Artmotion. Zgjidh ofert\u00ebn tani!\" \/>\n<meta property=\"og:url\" content=\"https:\/\/artmotion.net\/en\/biznes\/pako-horeca\/\" \/>\n<meta property=\"og:site_name\" content=\"Artmotion\" \/>\n<meta property=\"article:publisher\" content=\"https:\/\/www.facebook.com\/artmotion.net\" \/>\n<meta property=\"article:modified_time\" content=\"2025-03-14T13:52:25+00:00\" \/>\n<meta name=\"twitter:card\" content=\"summary_large_image\" \/>\n<meta name=\"twitter:label1\" content=\"Est. reading time\" \/>\n\t<meta name=\"twitter:data1\" content=\"1 minute\" \/>\n<script type=\"application\/ld+json\" class=\"yoast-schema-graph\">{\"@context\":\"https:\/\/schema.org\",\"@graph\":[{\"@type\":\"WebPage\",\"@id\":\"https:\/\/artmotion.net\/biznes\/pako-horeca\/\",\"url\":\"https:\/\/artmotion.net\/biznes\/pako-horeca\/\",\"name\":\"Pako Horeca - Artmotion\",\"isPartOf\":{\"@id\":\"https:\/\/artmotion.net\/#website\"},\"datePublished\":\"2025-01-06T11:14:04+00:00\",\"dateModified\":\"2025-03-14T13:52:25+00:00\",\"description\":\"Pako Horeca \u2013 Internet stabil & DTV p\u00ebr bare, restorante dhe kafene. Wi-Fi router\u00eb t\u00eb dedikuar dhe mb\u00ebshtetje 24\/7 nga Artmotion. Zgjidh ofert\u00ebn tani!\",\"breadcrumb\":{\"@id\":\"https:\/\/artmotion.net\/biznes\/pako-horeca\/#breadcrumb\"},\"inLanguage\":\"en-US\",\"potentialAction\":[{\"@type\":\"ReadAction\",\"target\":[\"https:\/\/artmotion.net\/biznes\/pako-horeca\/\"]}]},{\"@type\":\"BreadcrumbList\",\"@id\":\"https:\/\/artmotion.net\/biznes\/pako-horeca\/#breadcrumb\",\"itemListElement\":[{\"@type\":\"ListItem\",\"position\":1,\"name\":\"Home\",\"item\":\"https:\/\/artmotion.net\/\"},{\"@type\":\"ListItem\",\"position\":2,\"name\":\"P\u00ebr biznes\",\"item\":\"https:\/\/artmotion.net\/biznes\/\"},{\"@type\":\"ListItem\",\"position\":3,\"name\":\"Pako Horeca\"}]},{\"@type\":\"WebSite\",\"@id\":\"https:\/\/artmotion.net\/#website\",\"url\":\"https:\/\/artmotion.net\/\",\"name\":\"Artmotion\",\"description\":\"Broadband &amp; Telecom\",\"publisher\":{\"@id\":\"https:\/\/artmotion.net\/#organization\"},\"potentialAction\":[{\"@type\":\"SearchAction\",\"target\":{\"@type\":\"EntryPoint\",\"urlTemplate\":\"https:\/\/artmotion.net\/?s={search_term_string}\"},\"query-input\":{\"@type\":\"PropertyValueSpecification\",\"valueRequired\":true,\"valueName\":\"search_term_string\"}}],\"inLanguage\":\"en-US\"},{\"@type\":\"Organization\",\"@id\":\"https:\/\/artmotion.net\/#organization\",\"name\":\"Artmotion\",\"url\":\"https:\/\/artmotion.net\/\",\"logo\":{\"@type\":\"ImageObject\",\"inLanguage\":\"en-US\",\"@id\":\"https:\/\/artmotion.net\/#\/schema\/logo\/image\/\",\"url\":\"https:\/\/artmotion.net\/wp-content\/uploads\/2023\/03\/Asset-1.png\",\"contentUrl\":\"https:\/\/artmotion.net\/wp-content\/uploads\/2023\/03\/Asset-1.png\",\"width\":409,\"height\":196,\"caption\":\"Artmotion\"},\"image\":{\"@id\":\"https:\/\/artmotion.net\/#\/schema\/logo\/image\/\"},\"sameAs\":[\"https:\/\/www.facebook.com\/artmotion.net\",\"https:\/\/www.instagram.com\/artmotionnet\/?hl=en\",\"https:\/\/www.linkedin.com\/company\/artmotionnet\/\",\"https:\/\/www.youtube.com\/channel\/UCn92HPrJzmSibnIAP1n-umA\"]}]}<\/script>\n<!-- \/ Yoast SEO plugin. -->","yoast_head_json":{"title":"Pako Horeca - Artmotion","description":"Pako Horeca \u2013 Internet stabil & DTV p\u00ebr bare, restorante dhe kafene. Wi-Fi router\u00eb t\u00eb dedikuar dhe mb\u00ebshtetje 24\/7 nga Artmotion. Zgjidh ofert\u00ebn tani!","robots":{"index":"index","follow":"follow","max-snippet":"max-snippet:-1","max-image-preview":"max-image-preview:large","max-video-preview":"max-video-preview:-1"},"canonical":"https:\/\/artmotion.net\/en\/biznes\/pako-horeca\/","og_locale":"en_US","og_type":"article","og_title":"Pako Horeca - Artmotion","og_description":"Pako Horeca \u2013 Internet stabil & DTV p\u00ebr bare, restorante dhe kafene. Wi-Fi router\u00eb t\u00eb dedikuar dhe mb\u00ebshtetje 24\/7 nga Artmotion. Zgjidh ofert\u00ebn tani!","og_url":"https:\/\/artmotion.net\/en\/biznes\/pako-horeca\/","og_site_name":"Artmotion","article_publisher":"https:\/\/www.facebook.com\/artmotion.net","article_modified_time":"2025-03-14T13:52:25+00:00","twitter_card":"summary_large_image","twitter_misc":{"Est. reading time":"1 minute"},"schema":{"@context":"https:\/\/schema.org","@graph":[{"@type":"WebPage","@id":"https:\/\/artmotion.net\/biznes\/pako-horeca\/","url":"https:\/\/artmotion.net\/biznes\/pako-horeca\/","name":"Pako Horeca - Artmotion","isPartOf":{"@id":"https:\/\/artmotion.net\/#website"},"datePublished":"2025-01-06T11:14:04+00:00","dateModified":"2025-03-14T13:52:25+00:00","description":"Pako Horeca \u2013 Internet stabil & DTV p\u00ebr bare, restorante dhe kafene. Wi-Fi router\u00eb t\u00eb dedikuar dhe mb\u00ebshtetje 24\/7 nga Artmotion. Zgjidh ofert\u00ebn tani!","breadcrumb":{"@id":"https:\/\/artmotion.net\/biznes\/pako-horeca\/#breadcrumb"},"inLanguage":"en-US","potentialAction":[{"@type":"ReadAction","target":["https:\/\/artmotion.net\/biznes\/pako-horeca\/"]}]},{"@type":"BreadcrumbList","@id":"https:\/\/artmotion.net\/biznes\/pako-horeca\/#breadcrumb","itemListElement":[{"@type":"ListItem","position":1,"name":"Home","item":"https:\/\/artmotion.net\/"},{"@type":"ListItem","position":2,"name":"P\u00ebr biznes","item":"https:\/\/artmotion.net\/biznes\/"},{"@type":"ListItem","position":3,"name":"Pako Horeca"}]},{"@type":"WebSite","@id":"https:\/\/artmotion.net\/#website","url":"https:\/\/artmotion.net\/","name":"Artmotion","description":"Broadband &amp; Telecom","publisher":{"@id":"https:\/\/artmotion.net\/#organization"},"potentialAction":[{"@type":"SearchAction","target":{"@type":"EntryPoint","urlTemplate":"https:\/\/artmotion.net\/?s={search_term_string}"},"query-input":{"@type":"PropertyValueSpecification","valueRequired":true,"valueName":"search_term_string"}}],"inLanguage":"en-US"},{"@type":"Organization","@id":"https:\/\/artmotion.net\/#organization","name":"Artmotion","url":"https:\/\/artmotion.net\/","logo":{"@type":"ImageObject","inLanguage":"en-US","@id":"https:\/\/artmotion.net\/#\/schema\/logo\/image\/","url":"https:\/\/artmotion.net\/wp-content\/uploads\/2023\/03\/Asset-1.png","contentUrl":"https:\/\/artmotion.net\/wp-content\/uploads\/2023\/03\/Asset-1.png","width":409,"height":196,"caption":"Artmotion"},"image":{"@id":"https:\/\/artmotion.net\/#\/schema\/logo\/image\/"},"sameAs":["https:\/\/www.facebook.com\/artmotion.net","https:\/\/www.instagram.com\/artmotionnet\/?hl=en","https:\/\/www.linkedin.com\/company\/artmotionnet\/","https:\/\/www.youtube.com\/channel\/UCn92HPrJzmSibnIAP1n-umA"]}]}},"_links":{"self":[{"href":"https:\/\/artmotion.net\/en\/wp-json\/wp\/v2\/pages\/13465","targetHints":{"allow":["GET"]}}],"collection":[{"href":"https:\/\/artmotion.net\/en\/wp-json\/wp\/v2\/pages"}],"about":[{"href":"https:\/\/artmotion.net\/en\/wp-json\/wp\/v2\/types\/page"}],"author":[{"embeddable":true,"href":"https:\/\/artmotion.net\/en\/wp-json\/wp\/v2\/users\/1"}],"replies":[{"embeddable":true,"href":"https:\/\/artmotion.net\/en\/wp-json\/wp\/v2\/comments?post=13465"}],"version-history":[{"count":19,"href":"https:\/\/artmotion.net\/en\/wp-json\/wp\/v2\/pages\/13465\/revisions"}],"predecessor-version":[{"id":14148,"href":"https:\/\/artmotion.net\/en\/wp-json\/wp\/v2\/pages\/13465\/revisions\/14148"}],"up":[{"embeddable":true,"href":"https:\/\/artmotion.net\/en\/wp-json\/wp\/v2\/pages\/6366"}],"wp:attachment":[{"href":"https:\/\/artmotion.net\/en\/wp-json\/wp\/v2\/media?parent=13465"}],"curies":[{"name":"wp","href":"https:\/\/api.w.org\/{rel}","templated":true}]}}