{"id":13457,"date":"2025-01-06T12:11:35","date_gmt":"2025-01-06T11:11:35","guid":{"rendered":"https:\/\/artmotion.net\/?page_id=13457"},"modified":"2025-03-14T14:52:45","modified_gmt":"2025-03-14T13:52:45","slug":"pako-hotele","status":"publish","type":"page","link":"https:\/\/artmotion.net\/en\/biznes\/pako-hotele\/","title":{"rendered":"Pako Hotele"},"content":{"rendered":"<div data-elementor-type=\"wp-page\" data-elementor-id=\"13457\" class=\"elementor elementor-13457\">\n\t\t\t\t\t\t<section class=\"elementor-section elementor-top-section elementor-element elementor-element-b6cb8c0 elementor-section-boxed elementor-section-height-default elementor-section-height-default\" data-id=\"b6cb8c0\" data-element_type=\"section\">\n\t\t\t\t\t\t<div class=\"elementor-container elementor-column-gap-extended\">\n\t\t\t\t\t<div class=\"elementor-column elementor-col-50 elementor-top-column elementor-element elementor-element-2ef7c75 sc_inner_width_none sc_layouts_column_icons_position_left\" data-id=\"2ef7c75\" data-element_type=\"column\">\n\t\t\t<div class=\"elementor-widget-wrap elementor-element-populated\">\n\t\t\t\t\t\t<div class=\"elementor-element elementor-element-dfaebc8 sc_fly_static elementor-widget elementor-widget-heading\" data-id=\"dfaebc8\" data-element_type=\"widget\" data-widget_type=\"heading.default\">\n\t\t\t\t<div class=\"elementor-widget-container\">\n\t\t\t\t\t<h2 class=\"elementor-heading-title elementor-size-default\">Pako Hotelet<\/h2>\t\t\t\t<\/div>\n\t\t\t\t<\/div>\n\t\t\t\t<div class=\"elementor-element elementor-element-e0978e2 elementor-widget__width-initial sc_fly_static elementor-widget elementor-widget-text-editor\" data-id=\"e0978e2\" data-element_type=\"widget\" data-widget_type=\"text-editor.default\">\n\t\t\t\t<div class=\"elementor-widget-container\">\n\t\t\t\t\t\t\t\t\t<p>Pako Hotele sjell zgjidhjen ideale p\u00ebr industrin\u00eb e mikpritjes, duke ofruar internet dhe DTV p\u00ebr \u00e7do dhom\u00eb, rrjet t\u00eb fuqish\u00ebm p\u00ebrmes Wi-Fi router\u00ebve, dhe sh\u00ebrbim t\u00eb garantuar me p\u00ebrkrahje teknike 24\/7. Me zgjedhje t\u00eb specializuara dhe nj\u00eb ekip personeli t\u00eb dedikuar, sigurojm\u00eb q\u00eb \u00e7do detaj teknologjik i hotelit tuaj t\u00eb jet\u00eb n\u00eb nivelin m\u00eb t\u00eb lart\u00eb p\u00ebr k\u00ebnaq\u00ebsin\u00eb e mysafir\u00ebve.<\/p><p>\u00a0<\/p>\t\t\t\t\t\t\t\t<\/div>\n\t\t\t\t<\/div>\n\t\t\t\t<div class=\"elementor-element elementor-element-0de9686 elementor-icon-list--layout-traditional elementor-list-item-link-full_width sc_fly_static elementor-widget elementor-widget-icon-list\" data-id=\"0de9686\" data-element_type=\"widget\" data-widget_type=\"icon-list.default\">\n\t\t\t\t<div class=\"elementor-widget-container\">\n\t\t\t\t\t\t\t<ul class=\"elementor-icon-list-items\">\n\t\t\t\t\t\t\t<li class=\"elementor-icon-list-item\">\n\t\t\t\t\t\t\t\t\t\t\t<span class=\"elementor-icon-list-icon\">\n\t\t\t\t\t\t\t<i aria-hidden=\"true\" class=\"fas fa-circle\"><\/i>\t\t\t\t\t\t<\/span>\n\t\t\t\t\t\t\t\t\t\t<span class=\"elementor-icon-list-text\"> Internet dhe DTV p\u00ebr \u00e7do dhom\u00eb<\/span>\n\t\t\t\t\t\t\t\t\t<\/li>\n\t\t\t\t\t\t\t\t<li class=\"elementor-icon-list-item\">\n\t\t\t\t\t\t\t\t\t\t\t<span class=\"elementor-icon-list-icon\">\n\t\t\t\t\t\t\t<i aria-hidden=\"true\" class=\"fas fa-circle\"><\/i>\t\t\t\t\t\t<\/span>\n\t\t\t\t\t\t\t\t\t\t<span class=\"elementor-icon-list-text\"> Wi \u2013 Fi routera<\/span>\n\t\t\t\t\t\t\t\t\t<\/li>\n\t\t\t\t\t\t\t\t<li class=\"elementor-icon-list-item\">\n\t\t\t\t\t\t\t\t\t\t\t<span class=\"elementor-icon-list-icon\">\n\t\t\t\t\t\t\t<i aria-hidden=\"true\" class=\"fas fa-circle\"><\/i>\t\t\t\t\t\t<\/span>\n\t\t\t\t\t\t\t\t\t\t<span class=\"elementor-icon-list-text\"> Sh\u00ebrbim Teknik 24h<\/span>\n\t\t\t\t\t\t\t\t\t<\/li>\n\t\t\t\t\t\t\t\t<li class=\"elementor-icon-list-item\">\n\t\t\t\t\t\t\t\t\t\t\t<span class=\"elementor-icon-list-icon\">\n\t\t\t\t\t\t\t<i aria-hidden=\"true\" class=\"fas fa-circle\"><\/i>\t\t\t\t\t\t<\/span>\n\t\t\t\t\t\t\t\t\t\t<span class=\"elementor-icon-list-text\"> Zgjedhje t\u00eb specializuara<\/span>\n\t\t\t\t\t\t\t\t\t<\/li>\n\t\t\t\t\t\t\t\t<li class=\"elementor-icon-list-item\">\n\t\t\t\t\t\t\t\t\t\t\t<span class=\"elementor-icon-list-icon\">\n\t\t\t\t\t\t\t<i aria-hidden=\"true\" class=\"fas fa-circle\"><\/i>\t\t\t\t\t\t<\/span>\n\t\t\t\t\t\t\t\t\t\t<span class=\"elementor-icon-list-text\"> Personel t\u00eb dedikuar<\/span>\n\t\t\t\t\t\t\t\t\t<\/li>\n\t\t\t\t\t\t<\/ul>\n\t\t\t\t\t\t<\/div>\n\t\t\t\t<\/div>\n\t\t\t\t<div class=\"elementor-element elementor-element-57850b7 elementor-widget__width-initial pako-page-new sc_fly_static elementor-widget elementor-widget-text-editor\" data-id=\"57850b7\" data-element_type=\"widget\" data-widget_type=\"text-editor.default\">\n\t\t\t\t<div class=\"elementor-widget-container\">\n\t\t\t\t\t\t\t\t\t<div  class=\"pako-buttons-abonohu sg-popup-id-6945\">Connect<\/div>\t\t\t\t\t\t\t\t<\/div>\n\t\t\t\t<\/div>\n\t\t\t\t\t<\/div>\n\t\t<\/div>\n\t\t\t\t<div class=\"elementor-column elementor-col-50 elementor-top-column elementor-element elementor-element-f7eebd5 sc_inner_width_none sc_layouts_column_icons_position_left\" data-id=\"f7eebd5\" data-element_type=\"column\" data-settings=\"{&quot;background_background&quot;:&quot;slideshow&quot;,&quot;background_slideshow_gallery&quot;:[{&quot;id&quot;:13430,&quot;url&quot;:&quot;https:\\\/\\\/artmotion.net\\\/wp-content\\\/uploads\\\/2025\\\/01\\\/freecompress-PAKO-HOTELE.jpg&quot;}],&quot;background_slideshow_loop&quot;:&quot;yes&quot;,&quot;background_slideshow_slide_duration&quot;:5000,&quot;background_slideshow_slide_transition&quot;:&quot;fade&quot;,&quot;background_slideshow_transition_duration&quot;:500}\">\n\t\t\t<div class=\"elementor-widget-wrap\">\n\t\t\t\t\t\t\t<\/div>\n\t\t<\/div>\n\t\t\t\t\t<\/div>\n\t\t<\/section>\n\t\t\t\t<\/div>","protected":false},"excerpt":{"rendered":"<p>Pako Hotelet Pako Hotele sjell zgjidhjen ideale p\u00ebr industrin\u00eb e mikpritjes, duke ofruar internet dhe DTV p\u00ebr \u00e7do dhom\u00eb, rrjet t\u00eb fuqish\u00ebm p\u00ebrmes Wi-Fi router\u00ebve, dhe sh\u00ebrbim t\u00eb garantuar me p\u00ebrkrahje teknike 24\/7. Me zgjedhje t\u00eb specializuara dhe nj\u00eb ekip personeli t\u00eb dedikuar, sigurojm\u00eb q\u00eb \u00e7do detaj teknologjik i hotelit&hellip;<\/p>","protected":false},"author":1,"featured_media":0,"parent":6366,"menu_order":0,"comment_status":"closed","ping_status":"closed","template":"","meta":{"inline_featured_image":false,"footnotes":""},"class_list":["post-13457","page","type-page","status-publish","hentry"],"acf":[],"yoast_head":"<!-- This site is optimized with the Yoast SEO plugin v26.1 - https:\/\/yoast.com\/wordpress\/plugins\/seo\/ -->\n<title>Pako Hotele - Artmotion<\/title>\n<meta name=\"description\" content=\"Pako Hotele \u2013 Internet i fuqish\u00ebm, DTV &amp; Wi-Fi router\u00eb p\u00ebr \u00e7do dhom\u00eb. Artmotion siguron mb\u00ebshtetje 24\/7 p\u00ebr sh\u00ebrbim t\u00eb pand\u00ebrprer\u00eb. Abonohu tani!\" \/>\n<meta name=\"robots\" content=\"index, follow, max-snippet:-1, max-image-preview:large, max-video-preview:-1\" \/>\n<link rel=\"canonical\" href=\"https:\/\/artmotion.net\/en\/biznes\/pako-hotele\/\" \/>\n<meta property=\"og:locale\" content=\"en_US\" \/>\n<meta property=\"og:type\" content=\"article\" \/>\n<meta property=\"og:title\" content=\"Pako Hotele - Artmotion\" \/>\n<meta property=\"og:description\" content=\"Pako Hotele \u2013 Internet i fuqish\u00ebm, DTV &amp; Wi-Fi router\u00eb p\u00ebr \u00e7do dhom\u00eb. Artmotion siguron mb\u00ebshtetje 24\/7 p\u00ebr sh\u00ebrbim t\u00eb pand\u00ebrprer\u00eb. Abonohu tani!\" \/>\n<meta property=\"og:url\" content=\"https:\/\/artmotion.net\/en\/biznes\/pako-hotele\/\" \/>\n<meta property=\"og:site_name\" content=\"Artmotion\" \/>\n<meta property=\"article:publisher\" content=\"https:\/\/www.facebook.com\/artmotion.net\" \/>\n<meta property=\"article:modified_time\" content=\"2025-03-14T13:52:45+00:00\" \/>\n<meta name=\"twitter:card\" content=\"summary_large_image\" \/>\n<meta name=\"twitter:label1\" content=\"Est. reading time\" \/>\n\t<meta name=\"twitter:data1\" content=\"1 minute\" \/>\n<script type=\"application\/ld+json\" class=\"yoast-schema-graph\">{\"@context\":\"https:\/\/schema.org\",\"@graph\":[{\"@type\":\"WebPage\",\"@id\":\"https:\/\/artmotion.net\/biznes\/pako-hotele\/\",\"url\":\"https:\/\/artmotion.net\/biznes\/pako-hotele\/\",\"name\":\"Pako Hotele - Artmotion\",\"isPartOf\":{\"@id\":\"https:\/\/artmotion.net\/#website\"},\"datePublished\":\"2025-01-06T11:11:35+00:00\",\"dateModified\":\"2025-03-14T13:52:45+00:00\",\"description\":\"Pako Hotele \u2013 Internet i fuqish\u00ebm, DTV & Wi-Fi router\u00eb p\u00ebr \u00e7do dhom\u00eb. Artmotion siguron mb\u00ebshtetje 24\/7 p\u00ebr sh\u00ebrbim t\u00eb pand\u00ebrprer\u00eb. Abonohu tani!\",\"breadcrumb\":{\"@id\":\"https:\/\/artmotion.net\/biznes\/pako-hotele\/#breadcrumb\"},\"inLanguage\":\"en-US\",\"potentialAction\":[{\"@type\":\"ReadAction\",\"target\":[\"https:\/\/artmotion.net\/biznes\/pako-hotele\/\"]}]},{\"@type\":\"BreadcrumbList\",\"@id\":\"https:\/\/artmotion.net\/biznes\/pako-hotele\/#breadcrumb\",\"itemListElement\":[{\"@type\":\"ListItem\",\"position\":1,\"name\":\"Home\",\"item\":\"https:\/\/artmotion.net\/\"},{\"@type\":\"ListItem\",\"position\":2,\"name\":\"P\u00ebr biznes\",\"item\":\"https:\/\/artmotion.net\/biznes\/\"},{\"@type\":\"ListItem\",\"position\":3,\"name\":\"Pako Hotele\"}]},{\"@type\":\"WebSite\",\"@id\":\"https:\/\/artmotion.net\/#website\",\"url\":\"https:\/\/artmotion.net\/\",\"name\":\"Artmotion\",\"description\":\"Broadband &amp; Telecom\",\"publisher\":{\"@id\":\"https:\/\/artmotion.net\/#organization\"},\"potentialAction\":[{\"@type\":\"SearchAction\",\"target\":{\"@type\":\"EntryPoint\",\"urlTemplate\":\"https:\/\/artmotion.net\/?s={search_term_string}\"},\"query-input\":{\"@type\":\"PropertyValueSpecification\",\"valueRequired\":true,\"valueName\":\"search_term_string\"}}],\"inLanguage\":\"en-US\"},{\"@type\":\"Organization\",\"@id\":\"https:\/\/artmotion.net\/#organization\",\"name\":\"Artmotion\",\"url\":\"https:\/\/artmotion.net\/\",\"logo\":{\"@type\":\"ImageObject\",\"inLanguage\":\"en-US\",\"@id\":\"https:\/\/artmotion.net\/#\/schema\/logo\/image\/\",\"url\":\"https:\/\/artmotion.net\/wp-content\/uploads\/2023\/03\/Asset-1.png\",\"contentUrl\":\"https:\/\/artmotion.net\/wp-content\/uploads\/2023\/03\/Asset-1.png\",\"width\":409,\"height\":196,\"caption\":\"Artmotion\"},\"image\":{\"@id\":\"https:\/\/artmotion.net\/#\/schema\/logo\/image\/\"},\"sameAs\":[\"https:\/\/www.facebook.com\/artmotion.net\",\"https:\/\/www.instagram.com\/artmotionnet\/?hl=en\",\"https:\/\/www.linkedin.com\/company\/artmotionnet\/\",\"https:\/\/www.youtube.com\/channel\/UCn92HPrJzmSibnIAP1n-umA\"]}]}<\/script>\n<!-- \/ Yoast SEO plugin. -->","yoast_head_json":{"title":"Pako Hotele - Artmotion","description":"Pako Hotele \u2013 Internet i fuqish\u00ebm, DTV & Wi-Fi router\u00eb p\u00ebr \u00e7do dhom\u00eb. Artmotion siguron mb\u00ebshtetje 24\/7 p\u00ebr sh\u00ebrbim t\u00eb pand\u00ebrprer\u00eb. Abonohu tani!","robots":{"index":"index","follow":"follow","max-snippet":"max-snippet:-1","max-image-preview":"max-image-preview:large","max-video-preview":"max-video-preview:-1"},"canonical":"https:\/\/artmotion.net\/en\/biznes\/pako-hotele\/","og_locale":"en_US","og_type":"article","og_title":"Pako Hotele - Artmotion","og_description":"Pako Hotele \u2013 Internet i fuqish\u00ebm, DTV & Wi-Fi router\u00eb p\u00ebr \u00e7do dhom\u00eb. Artmotion siguron mb\u00ebshtetje 24\/7 p\u00ebr sh\u00ebrbim t\u00eb pand\u00ebrprer\u00eb. Abonohu tani!","og_url":"https:\/\/artmotion.net\/en\/biznes\/pako-hotele\/","og_site_name":"Artmotion","article_publisher":"https:\/\/www.facebook.com\/artmotion.net","article_modified_time":"2025-03-14T13:52:45+00:00","twitter_card":"summary_large_image","twitter_misc":{"Est. reading time":"1 minute"},"schema":{"@context":"https:\/\/schema.org","@graph":[{"@type":"WebPage","@id":"https:\/\/artmotion.net\/biznes\/pako-hotele\/","url":"https:\/\/artmotion.net\/biznes\/pako-hotele\/","name":"Pako Hotele - Artmotion","isPartOf":{"@id":"https:\/\/artmotion.net\/#website"},"datePublished":"2025-01-06T11:11:35+00:00","dateModified":"2025-03-14T13:52:45+00:00","description":"Pako Hotele \u2013 Internet i fuqish\u00ebm, DTV & Wi-Fi router\u00eb p\u00ebr \u00e7do dhom\u00eb. Artmotion siguron mb\u00ebshtetje 24\/7 p\u00ebr sh\u00ebrbim t\u00eb pand\u00ebrprer\u00eb. Abonohu tani!","breadcrumb":{"@id":"https:\/\/artmotion.net\/biznes\/pako-hotele\/#breadcrumb"},"inLanguage":"en-US","potentialAction":[{"@type":"ReadAction","target":["https:\/\/artmotion.net\/biznes\/pako-hotele\/"]}]},{"@type":"BreadcrumbList","@id":"https:\/\/artmotion.net\/biznes\/pako-hotele\/#breadcrumb","itemListElement":[{"@type":"ListItem","position":1,"name":"Home","item":"https:\/\/artmotion.net\/"},{"@type":"ListItem","position":2,"name":"P\u00ebr biznes","item":"https:\/\/artmotion.net\/biznes\/"},{"@type":"ListItem","position":3,"name":"Pako Hotele"}]},{"@type":"WebSite","@id":"https:\/\/artmotion.net\/#website","url":"https:\/\/artmotion.net\/","name":"Artmotion","description":"Broadband &amp; Telecom","publisher":{"@id":"https:\/\/artmotion.net\/#organization"},"potentialAction":[{"@type":"SearchAction","target":{"@type":"EntryPoint","urlTemplate":"https:\/\/artmotion.net\/?s={search_term_string}"},"query-input":{"@type":"PropertyValueSpecification","valueRequired":true,"valueName":"search_term_string"}}],"inLanguage":"en-US"},{"@type":"Organization","@id":"https:\/\/artmotion.net\/#organization","name":"Artmotion","url":"https:\/\/artmotion.net\/","logo":{"@type":"ImageObject","inLanguage":"en-US","@id":"https:\/\/artmotion.net\/#\/schema\/logo\/image\/","url":"https:\/\/artmotion.net\/wp-content\/uploads\/2023\/03\/Asset-1.png","contentUrl":"https:\/\/artmotion.net\/wp-content\/uploads\/2023\/03\/Asset-1.png","width":409,"height":196,"caption":"Artmotion"},"image":{"@id":"https:\/\/artmotion.net\/#\/schema\/logo\/image\/"},"sameAs":["https:\/\/www.facebook.com\/artmotion.net","https:\/\/www.instagram.com\/artmotionnet\/?hl=en","https:\/\/www.linkedin.com\/company\/artmotionnet\/","https:\/\/www.youtube.com\/channel\/UCn92HPrJzmSibnIAP1n-umA"]}]}},"_links":{"self":[{"href":"https:\/\/artmotion.net\/en\/wp-json\/wp\/v2\/pages\/13457","targetHints":{"allow":["GET"]}}],"collection":[{"href":"https:\/\/artmotion.net\/en\/wp-json\/wp\/v2\/pages"}],"about":[{"href":"https:\/\/artmotion.net\/en\/wp-json\/wp\/v2\/types\/page"}],"author":[{"embeddable":true,"href":"https:\/\/artmotion.net\/en\/wp-json\/wp\/v2\/users\/1"}],"replies":[{"embeddable":true,"href":"https:\/\/artmotion.net\/en\/wp-json\/wp\/v2\/comments?post=13457"}],"version-history":[{"count":16,"href":"https:\/\/artmotion.net\/en\/wp-json\/wp\/v2\/pages\/13457\/revisions"}],"predecessor-version":[{"id":14151,"href":"https:\/\/artmotion.net\/en\/wp-json\/wp\/v2\/pages\/13457\/revisions\/14151"}],"up":[{"embeddable":true,"href":"https:\/\/artmotion.net\/en\/wp-json\/wp\/v2\/pages\/6366"}],"wp:attachment":[{"href":"https:\/\/artmotion.net\/en\/wp-json\/wp\/v2\/media?parent=13457"}],"curies":[{"name":"wp","href":"https:\/\/api.w.org\/{rel}","templated":true}]}}