{"id":13412,"date":"2025-01-06T11:42:01","date_gmt":"2025-01-06T10:42:01","guid":{"rendered":"https:\/\/artmotion.net\/?page_id=13412"},"modified":"2025-03-14T14:53:13","modified_gmt":"2025-03-14T13:53:13","slug":"siguri-ne-kompani-ddos","status":"publish","type":"page","link":"https:\/\/artmotion.net\/en\/biznes\/siguri-ne-kompani-ddos\/","title":{"rendered":"Siguri n\u00eb kompani DDoS"},"content":{"rendered":"<div data-elementor-type=\"wp-page\" data-elementor-id=\"13412\" class=\"elementor elementor-13412\">\n\t\t\t\t\t\t<section class=\"elementor-section elementor-top-section elementor-element elementor-element-e06cfde elementor-section-boxed elementor-section-height-default elementor-section-height-default\" data-id=\"e06cfde\" data-element_type=\"section\">\n\t\t\t\t\t\t<div class=\"elementor-container elementor-column-gap-extended\">\n\t\t\t\t\t<div class=\"elementor-column elementor-col-50 elementor-top-column elementor-element elementor-element-42b5b7c sc_inner_width_none sc_layouts_column_icons_position_left\" data-id=\"42b5b7c\" data-element_type=\"column\">\n\t\t\t<div class=\"elementor-widget-wrap elementor-element-populated\">\n\t\t\t\t\t\t<div class=\"elementor-element elementor-element-ea5b669 sc_fly_static elementor-widget elementor-widget-heading\" data-id=\"ea5b669\" data-element_type=\"widget\" data-widget_type=\"heading.default\">\n\t\t\t\t<div class=\"elementor-widget-container\">\n\t\t\t\t\t<h2 class=\"elementor-heading-title elementor-size-default\">Siguri n\u00eb kompani DDoS<\/h2>\t\t\t\t<\/div>\n\t\t\t\t<\/div>\n\t\t\t\t<div class=\"elementor-element elementor-element-f6dfc26 elementor-widget__width-initial sc_fly_static elementor-widget elementor-widget-text-editor\" data-id=\"f6dfc26\" data-element_type=\"widget\" data-widget_type=\"text-editor.default\">\n\t\t\t\t<div class=\"elementor-widget-container\">\n\t\t\t\t\t\t\t\t\t<p>Siguri n\u00eb Kompani DDoS ofron mbrojtje t\u00eb avancuar p\u00ebr rrjetin dhe sh\u00ebrbimet tuaja. Me zgjidhje p\u00ebr parandalimin e sulmeve DDoS dhe mbrojtjen nga virus\u00ebt DDoS, sigurojm\u00eb q\u00eb sistemi juaj t\u00eb mbetet funksional dhe i pand\u00ebrprer\u00eb, edhe gjat\u00eb sulmeve. P\u00ebrkrahja jon\u00eb teknike 24\/7 garanton q\u00eb biznesi juaj t\u00eb jet\u00eb gjithmon\u00eb i mbrojtur dhe i gatsh\u00ebm p\u00ebr \u00e7do sfid\u00eb.<\/p><p>\u00a0<\/p>\t\t\t\t\t\t\t\t<\/div>\n\t\t\t\t<\/div>\n\t\t\t\t<div class=\"elementor-element elementor-element-4b138aa elementor-icon-list--layout-traditional elementor-list-item-link-full_width sc_fly_static elementor-widget elementor-widget-icon-list\" data-id=\"4b138aa\" data-element_type=\"widget\" data-widget_type=\"icon-list.default\">\n\t\t\t\t<div class=\"elementor-widget-container\">\n\t\t\t\t\t\t\t<ul class=\"elementor-icon-list-items\">\n\t\t\t\t\t\t\t<li class=\"elementor-icon-list-item\">\n\t\t\t\t\t\t\t\t\t\t\t<span class=\"elementor-icon-list-icon\">\n\t\t\t\t\t\t\t<i aria-hidden=\"true\" class=\"fas fa-circle\"><\/i>\t\t\t\t\t\t<\/span>\n\t\t\t\t\t\t\t\t\t\t<span class=\"elementor-icon-list-text\"> Parandalimi i sulmeve DDoS<\/span>\n\t\t\t\t\t\t\t\t\t<\/li>\n\t\t\t\t\t\t\t\t<li class=\"elementor-icon-list-item\">\n\t\t\t\t\t\t\t\t\t\t\t<span class=\"elementor-icon-list-icon\">\n\t\t\t\t\t\t\t<i aria-hidden=\"true\" class=\"fas fa-circle\"><\/i>\t\t\t\t\t\t<\/span>\n\t\t\t\t\t\t\t\t\t\t<span class=\"elementor-icon-list-text\"> Mbrojtja nga DDoS \u2013 virus\u00ebt<\/span>\n\t\t\t\t\t\t\t\t\t<\/li>\n\t\t\t\t\t\t\t\t<li class=\"elementor-icon-list-item\">\n\t\t\t\t\t\t\t\t\t\t\t<span class=\"elementor-icon-list-icon\">\n\t\t\t\t\t\t\t<i aria-hidden=\"true\" class=\"fas fa-circle\"><\/i>\t\t\t\t\t\t<\/span>\n\t\t\t\t\t\t\t\t\t\t<span class=\"elementor-icon-list-text\"> Funksionimi i pand\u00ebrprer\u00eb i sh\u00ebrbimeve edhe kur jeni n\u00eb gjendje sulmi<\/span>\n\t\t\t\t\t\t\t\t\t<\/li>\n\t\t\t\t\t\t\t\t<li class=\"elementor-icon-list-item\">\n\t\t\t\t\t\t\t\t\t\t\t<span class=\"elementor-icon-list-icon\">\n\t\t\t\t\t\t\t<i aria-hidden=\"true\" class=\"fas fa-circle\"><\/i>\t\t\t\t\t\t<\/span>\n\t\t\t\t\t\t\t\t\t\t<span class=\"elementor-icon-list-text\"> P\u00ebrkrahje teknike 24h<\/span>\n\t\t\t\t\t\t\t\t\t<\/li>\n\t\t\t\t\t\t<\/ul>\n\t\t\t\t\t\t<\/div>\n\t\t\t\t<\/div>\n\t\t\t\t<div class=\"elementor-element elementor-element-859de96 elementor-widget__width-initial pako-page-new sc_fly_static elementor-widget elementor-widget-text-editor\" data-id=\"859de96\" data-element_type=\"widget\" data-widget_type=\"text-editor.default\">\n\t\t\t\t<div class=\"elementor-widget-container\">\n\t\t\t\t\t\t\t\t\t<div  class=\"pako-buttons-abonohu sg-popup-id-6945\">Connect<\/div>\t\t\t\t\t\t\t\t<\/div>\n\t\t\t\t<\/div>\n\t\t\t\t\t<\/div>\n\t\t<\/div>\n\t\t\t\t<div class=\"elementor-column elementor-col-50 elementor-top-column elementor-element elementor-element-766edc6 sc_inner_width_none sc_layouts_column_icons_position_left\" data-id=\"766edc6\" data-element_type=\"column\" data-settings=\"{&quot;background_background&quot;:&quot;slideshow&quot;,&quot;background_slideshow_gallery&quot;:[{&quot;id&quot;:13428,&quot;url&quot;:&quot;https:\\\/\\\/artmotion.net\\\/wp-content\\\/uploads\\\/2025\\\/01\\\/DDOS.png&quot;}],&quot;background_slideshow_loop&quot;:&quot;yes&quot;,&quot;background_slideshow_slide_duration&quot;:5000,&quot;background_slideshow_slide_transition&quot;:&quot;fade&quot;,&quot;background_slideshow_transition_duration&quot;:500}\">\n\t\t\t<div class=\"elementor-widget-wrap\">\n\t\t\t\t\t\t\t<\/div>\n\t\t<\/div>\n\t\t\t\t\t<\/div>\n\t\t<\/section>\n\t\t\t\t<\/div>","protected":false},"excerpt":{"rendered":"<p>Siguri n\u00eb kompani DDoS Siguri n\u00eb Kompani DDoS ofron mbrojtje t\u00eb avancuar p\u00ebr rrjetin dhe sh\u00ebrbimet tuaja. Me zgjidhje p\u00ebr parandalimin e sulmeve DDoS dhe mbrojtjen nga virus\u00ebt DDoS, sigurojm\u00eb q\u00eb sistemi juaj t\u00eb mbetet funksional dhe i pand\u00ebrprer\u00eb, edhe gjat\u00eb sulmeve. P\u00ebrkrahja jon\u00eb teknike 24\/7 garanton q\u00eb biznesi juaj&hellip;<\/p>","protected":false},"author":1,"featured_media":0,"parent":6366,"menu_order":0,"comment_status":"closed","ping_status":"closed","template":"","meta":{"inline_featured_image":false,"footnotes":""},"class_list":["post-13412","page","type-page","status-publish","hentry"],"acf":[],"yoast_head":"<!-- This site is optimized with the Yoast SEO plugin v26.1 - https:\/\/yoast.com\/wordpress\/plugins\/seo\/ -->\n<title>Siguri n\u00eb kompani DDoS - Artmotion<\/title>\n<meta name=\"description\" content=\"Siguri n\u00eb Kompani DDoS me Artmotion \u2013 Siguro lidhjen t\u00ebnde nga sulmet kibernetike! Parandalimi i sulmeve DDoS, mbrojtje e avancuar &amp; mb\u00ebshtetje 24\/7. Lidhu sot!\" \/>\n<meta name=\"robots\" content=\"index, follow, max-snippet:-1, max-image-preview:large, max-video-preview:-1\" \/>\n<link rel=\"canonical\" href=\"https:\/\/artmotion.net\/en\/biznes\/siguri-ne-kompani-ddos\/\" \/>\n<meta property=\"og:locale\" content=\"en_US\" \/>\n<meta property=\"og:type\" content=\"article\" \/>\n<meta property=\"og:title\" content=\"Siguri n\u00eb kompani DDoS - Artmotion\" \/>\n<meta property=\"og:description\" content=\"Siguri n\u00eb Kompani DDoS me Artmotion \u2013 Siguro lidhjen t\u00ebnde nga sulmet kibernetike! Parandalimi i sulmeve DDoS, mbrojtje e avancuar &amp; mb\u00ebshtetje 24\/7. Lidhu sot!\" \/>\n<meta property=\"og:url\" content=\"https:\/\/artmotion.net\/en\/biznes\/siguri-ne-kompani-ddos\/\" \/>\n<meta property=\"og:site_name\" content=\"Artmotion\" \/>\n<meta property=\"article:publisher\" content=\"https:\/\/www.facebook.com\/artmotion.net\" \/>\n<meta property=\"article:modified_time\" content=\"2025-03-14T13:53:13+00:00\" \/>\n<meta name=\"twitter:card\" content=\"summary_large_image\" \/>\n<meta name=\"twitter:label1\" content=\"Est. reading time\" \/>\n\t<meta name=\"twitter:data1\" content=\"1 minute\" \/>\n<script type=\"application\/ld+json\" class=\"yoast-schema-graph\">{\"@context\":\"https:\/\/schema.org\",\"@graph\":[{\"@type\":\"WebPage\",\"@id\":\"https:\/\/artmotion.net\/biznes\/siguri-ne-kompani-ddos\/\",\"url\":\"https:\/\/artmotion.net\/biznes\/siguri-ne-kompani-ddos\/\",\"name\":\"Siguri n\u00eb kompani DDoS - Artmotion\",\"isPartOf\":{\"@id\":\"https:\/\/artmotion.net\/#website\"},\"datePublished\":\"2025-01-06T10:42:01+00:00\",\"dateModified\":\"2025-03-14T13:53:13+00:00\",\"description\":\"Siguri n\u00eb Kompani DDoS me Artmotion \u2013 Siguro lidhjen t\u00ebnde nga sulmet kibernetike! Parandalimi i sulmeve DDoS, mbrojtje e avancuar & mb\u00ebshtetje 24\/7. Lidhu sot!\",\"breadcrumb\":{\"@id\":\"https:\/\/artmotion.net\/biznes\/siguri-ne-kompani-ddos\/#breadcrumb\"},\"inLanguage\":\"en-US\",\"potentialAction\":[{\"@type\":\"ReadAction\",\"target\":[\"https:\/\/artmotion.net\/biznes\/siguri-ne-kompani-ddos\/\"]}]},{\"@type\":\"BreadcrumbList\",\"@id\":\"https:\/\/artmotion.net\/biznes\/siguri-ne-kompani-ddos\/#breadcrumb\",\"itemListElement\":[{\"@type\":\"ListItem\",\"position\":1,\"name\":\"Home\",\"item\":\"https:\/\/artmotion.net\/\"},{\"@type\":\"ListItem\",\"position\":2,\"name\":\"P\u00ebr biznes\",\"item\":\"https:\/\/artmotion.net\/biznes\/\"},{\"@type\":\"ListItem\",\"position\":3,\"name\":\"Siguri n\u00eb kompani DDoS\"}]},{\"@type\":\"WebSite\",\"@id\":\"https:\/\/artmotion.net\/#website\",\"url\":\"https:\/\/artmotion.net\/\",\"name\":\"Artmotion\",\"description\":\"Broadband &amp; Telecom\",\"publisher\":{\"@id\":\"https:\/\/artmotion.net\/#organization\"},\"potentialAction\":[{\"@type\":\"SearchAction\",\"target\":{\"@type\":\"EntryPoint\",\"urlTemplate\":\"https:\/\/artmotion.net\/?s={search_term_string}\"},\"query-input\":{\"@type\":\"PropertyValueSpecification\",\"valueRequired\":true,\"valueName\":\"search_term_string\"}}],\"inLanguage\":\"en-US\"},{\"@type\":\"Organization\",\"@id\":\"https:\/\/artmotion.net\/#organization\",\"name\":\"Artmotion\",\"url\":\"https:\/\/artmotion.net\/\",\"logo\":{\"@type\":\"ImageObject\",\"inLanguage\":\"en-US\",\"@id\":\"https:\/\/artmotion.net\/#\/schema\/logo\/image\/\",\"url\":\"https:\/\/artmotion.net\/wp-content\/uploads\/2023\/03\/Asset-1.png\",\"contentUrl\":\"https:\/\/artmotion.net\/wp-content\/uploads\/2023\/03\/Asset-1.png\",\"width\":409,\"height\":196,\"caption\":\"Artmotion\"},\"image\":{\"@id\":\"https:\/\/artmotion.net\/#\/schema\/logo\/image\/\"},\"sameAs\":[\"https:\/\/www.facebook.com\/artmotion.net\",\"https:\/\/www.instagram.com\/artmotionnet\/?hl=en\",\"https:\/\/www.linkedin.com\/company\/artmotionnet\/\",\"https:\/\/www.youtube.com\/channel\/UCn92HPrJzmSibnIAP1n-umA\"]}]}<\/script>\n<!-- \/ Yoast SEO plugin. -->","yoast_head_json":{"title":"Siguri n\u00eb kompani DDoS - Artmotion","description":"Siguri n\u00eb Kompani DDoS me Artmotion \u2013 Siguro lidhjen t\u00ebnde nga sulmet kibernetike! Parandalimi i sulmeve DDoS, mbrojtje e avancuar & mb\u00ebshtetje 24\/7. Lidhu sot!","robots":{"index":"index","follow":"follow","max-snippet":"max-snippet:-1","max-image-preview":"max-image-preview:large","max-video-preview":"max-video-preview:-1"},"canonical":"https:\/\/artmotion.net\/en\/biznes\/siguri-ne-kompani-ddos\/","og_locale":"en_US","og_type":"article","og_title":"Siguri n\u00eb kompani DDoS - Artmotion","og_description":"Siguri n\u00eb Kompani DDoS me Artmotion \u2013 Siguro lidhjen t\u00ebnde nga sulmet kibernetike! Parandalimi i sulmeve DDoS, mbrojtje e avancuar & mb\u00ebshtetje 24\/7. Lidhu sot!","og_url":"https:\/\/artmotion.net\/en\/biznes\/siguri-ne-kompani-ddos\/","og_site_name":"Artmotion","article_publisher":"https:\/\/www.facebook.com\/artmotion.net","article_modified_time":"2025-03-14T13:53:13+00:00","twitter_card":"summary_large_image","twitter_misc":{"Est. reading time":"1 minute"},"schema":{"@context":"https:\/\/schema.org","@graph":[{"@type":"WebPage","@id":"https:\/\/artmotion.net\/biznes\/siguri-ne-kompani-ddos\/","url":"https:\/\/artmotion.net\/biznes\/siguri-ne-kompani-ddos\/","name":"Siguri n\u00eb kompani DDoS - Artmotion","isPartOf":{"@id":"https:\/\/artmotion.net\/#website"},"datePublished":"2025-01-06T10:42:01+00:00","dateModified":"2025-03-14T13:53:13+00:00","description":"Siguri n\u00eb Kompani DDoS me Artmotion \u2013 Siguro lidhjen t\u00ebnde nga sulmet kibernetike! Parandalimi i sulmeve DDoS, mbrojtje e avancuar & mb\u00ebshtetje 24\/7. Lidhu sot!","breadcrumb":{"@id":"https:\/\/artmotion.net\/biznes\/siguri-ne-kompani-ddos\/#breadcrumb"},"inLanguage":"en-US","potentialAction":[{"@type":"ReadAction","target":["https:\/\/artmotion.net\/biznes\/siguri-ne-kompani-ddos\/"]}]},{"@type":"BreadcrumbList","@id":"https:\/\/artmotion.net\/biznes\/siguri-ne-kompani-ddos\/#breadcrumb","itemListElement":[{"@type":"ListItem","position":1,"name":"Home","item":"https:\/\/artmotion.net\/"},{"@type":"ListItem","position":2,"name":"P\u00ebr biznes","item":"https:\/\/artmotion.net\/biznes\/"},{"@type":"ListItem","position":3,"name":"Siguri n\u00eb kompani DDoS"}]},{"@type":"WebSite","@id":"https:\/\/artmotion.net\/#website","url":"https:\/\/artmotion.net\/","name":"Artmotion","description":"Broadband &amp; Telecom","publisher":{"@id":"https:\/\/artmotion.net\/#organization"},"potentialAction":[{"@type":"SearchAction","target":{"@type":"EntryPoint","urlTemplate":"https:\/\/artmotion.net\/?s={search_term_string}"},"query-input":{"@type":"PropertyValueSpecification","valueRequired":true,"valueName":"search_term_string"}}],"inLanguage":"en-US"},{"@type":"Organization","@id":"https:\/\/artmotion.net\/#organization","name":"Artmotion","url":"https:\/\/artmotion.net\/","logo":{"@type":"ImageObject","inLanguage":"en-US","@id":"https:\/\/artmotion.net\/#\/schema\/logo\/image\/","url":"https:\/\/artmotion.net\/wp-content\/uploads\/2023\/03\/Asset-1.png","contentUrl":"https:\/\/artmotion.net\/wp-content\/uploads\/2023\/03\/Asset-1.png","width":409,"height":196,"caption":"Artmotion"},"image":{"@id":"https:\/\/artmotion.net\/#\/schema\/logo\/image\/"},"sameAs":["https:\/\/www.facebook.com\/artmotion.net","https:\/\/www.instagram.com\/artmotionnet\/?hl=en","https:\/\/www.linkedin.com\/company\/artmotionnet\/","https:\/\/www.youtube.com\/channel\/UCn92HPrJzmSibnIAP1n-umA"]}]}},"_links":{"self":[{"href":"https:\/\/artmotion.net\/en\/wp-json\/wp\/v2\/pages\/13412","targetHints":{"allow":["GET"]}}],"collection":[{"href":"https:\/\/artmotion.net\/en\/wp-json\/wp\/v2\/pages"}],"about":[{"href":"https:\/\/artmotion.net\/en\/wp-json\/wp\/v2\/types\/page"}],"author":[{"embeddable":true,"href":"https:\/\/artmotion.net\/en\/wp-json\/wp\/v2\/users\/1"}],"replies":[{"embeddable":true,"href":"https:\/\/artmotion.net\/en\/wp-json\/wp\/v2\/comments?post=13412"}],"version-history":[{"count":17,"href":"https:\/\/artmotion.net\/en\/wp-json\/wp\/v2\/pages\/13412\/revisions"}],"predecessor-version":[{"id":14154,"href":"https:\/\/artmotion.net\/en\/wp-json\/wp\/v2\/pages\/13412\/revisions\/14154"}],"up":[{"embeddable":true,"href":"https:\/\/artmotion.net\/en\/wp-json\/wp\/v2\/pages\/6366"}],"wp:attachment":[{"href":"https:\/\/artmotion.net\/en\/wp-json\/wp\/v2\/media?parent=13412"}],"curies":[{"name":"wp","href":"https:\/\/api.w.org\/{rel}","templated":true}]}}