{"id":13324,"date":"2024-12-20T12:22:35","date_gmt":"2024-12-20T11:22:35","guid":{"rendered":"https:\/\/artmotion.net\/?page_id=13324"},"modified":"2025-07-31T19:47:47","modified_gmt":"2025-07-31T18:47:47","slug":"pako-super-plus","status":"publish","type":"page","link":"https:\/\/artmotion.net\/en\/ofertat\/pako-super-plus\/","title":{"rendered":"Super Plus"},"content":{"rendered":"<div data-elementor-type=\"wp-page\" data-elementor-id=\"13324\" class=\"elementor elementor-13324\">\n\t\t\t\t\t\t<section class=\"elementor-section elementor-top-section elementor-element elementor-element-2d57041 elementor-section-boxed elementor-section-height-default elementor-section-height-default\" data-id=\"2d57041\" data-element_type=\"section\">\n\t\t\t\t\t\t<div class=\"elementor-container elementor-column-gap-extended\">\n\t\t\t\t\t<div class=\"elementor-column elementor-col-50 elementor-top-column elementor-element elementor-element-481ded5 sc_inner_width_none sc_layouts_column_icons_position_left\" data-id=\"481ded5\" data-element_type=\"column\">\n\t\t\t<div class=\"elementor-widget-wrap elementor-element-populated\">\n\t\t\t\t\t\t<div class=\"elementor-element elementor-element-ae204b9 sc_fly_static elementor-widget elementor-widget-heading\" data-id=\"ae204b9\" data-element_type=\"widget\" data-widget_type=\"heading.default\">\n\t\t\t\t<div class=\"elementor-widget-container\">\n\t\t\t\t\t<h1 class=\"elementor-heading-title elementor-size-default\">Super Plus<\/h1>\t\t\t\t<\/div>\n\t\t\t\t<\/div>\n\t\t\t\t<div class=\"elementor-element elementor-element-1e9027f sc_fly_static elementor-widget elementor-widget-heading\" data-id=\"1e9027f\" data-element_type=\"widget\" data-widget_type=\"heading.default\">\n\t\t\t\t<div class=\"elementor-widget-container\">\n\t\t\t\t\t<h2 class=\"elementor-heading-title elementor-size-default\">INTERNET + TV + SPORT<\/h2>\t\t\t\t<\/div>\n\t\t\t\t<\/div>\n\t\t\t\t<div class=\"elementor-element elementor-element-47829f9 sc_fly_static elementor-widget elementor-widget-heading\" data-id=\"47829f9\" data-element_type=\"widget\" data-widget_type=\"heading.default\">\n\t\t\t\t<div class=\"elementor-widget-container\">\n\t\t\t\t\t<h3 class=\"elementor-heading-title elementor-size-default\">24.99\u20ac<\/h3>\t\t\t\t<\/div>\n\t\t\t\t<\/div>\n\t\t\t\t<div class=\"elementor-element elementor-element-7ed4170 sc_fly_static elementor-widget elementor-widget-text-editor\" data-id=\"7ed4170\" data-element_type=\"widget\" data-widget_type=\"text-editor.default\">\n\t\t\t\t<div class=\"elementor-widget-container\">\n\t\t\t\t\t\t\t\t\t<p>149.95\u20ac 6 muaj<br \/>274.90\u20ac 12 months<\/p>\t\t\t\t\t\t\t\t<\/div>\n\t\t\t\t<\/div>\n\t\t\t\t<div class=\"elementor-element elementor-element-8599c6b elementor-icon-list--layout-traditional elementor-list-item-link-full_width sc_fly_static elementor-widget elementor-widget-icon-list\" data-id=\"8599c6b\" data-element_type=\"widget\" data-widget_type=\"icon-list.default\">\n\t\t\t\t<div class=\"elementor-widget-container\">\n\t\t\t\t\t\t\t<ul class=\"elementor-icon-list-items\">\n\t\t\t\t\t\t\t<li class=\"elementor-icon-list-item\">\n\t\t\t\t\t\t\t\t\t\t\t<span class=\"elementor-icon-list-icon\">\n\t\t\t\t\t\t\t<i aria-hidden=\"true\" class=\"fas fa-circle\"><\/i>\t\t\t\t\t\t<\/span>\n\t\t\t\t\t\t\t\t\t\t<span class=\"elementor-icon-list-text\">Internet deri 250Mbps<\/span>\n\t\t\t\t\t\t\t\t\t<\/li>\n\t\t\t\t\t\t\t\t<li class=\"elementor-icon-list-item\">\n\t\t\t\t\t\t\t\t\t\t\t<span class=\"elementor-icon-list-icon\">\n\t\t\t\t\t\t\t<i aria-hidden=\"true\" class=\"fas fa-circle\"><\/i>\t\t\t\t\t\t<\/span>\n\t\t\t\t\t\t\t\t\t\t<span class=\"elementor-icon-list-text\">Resiver me 290+ TV kanale<\/span>\n\t\t\t\t\t\t\t\t\t<\/li>\n\t\t\t\t\t\t\t\t<li class=\"elementor-icon-list-item\">\n\t\t\t\t\t\t\t\t\t\t\t<span class=\"elementor-icon-list-icon\">\n\t\t\t\t\t\t\t<i aria-hidden=\"true\" class=\"fas fa-circle\"><\/i>\t\t\t\t\t\t<\/span>\n\t\t\t\t\t\t\t\t\t\t<span class=\"elementor-icon-list-text\">Exclusive sports league<\/span>\n\t\t\t\t\t\t\t\t\t<\/li>\n\t\t\t\t\t\t<\/ul>\n\t\t\t\t\t\t<\/div>\n\t\t\t\t<\/div>\n\t\t\t\t<div class=\"elementor-element elementor-element-3c20815 elementor-widget__width-initial pako-page-new sc_fly_static elementor-widget elementor-widget-text-editor\" data-id=\"3c20815\" data-element_type=\"widget\" data-widget_type=\"text-editor.default\">\n\t\t\t\t<div class=\"elementor-widget-container\">\n\t\t\t\t\t\t\t\t\t\t\t<a\t\t\t\thref=\"javascript:void(0)\"\r\n\t\t\t\tclass=\"sgpb-show-popup sgpb-popup-id-6945\"\r\n\t\tdata-sgpbpopupid=\"6945\"\r\n\t\tdata-popup-event=\"click\"\r\n\t\t>\r\n\t\t\n<div class=\"pako-buttons-abonohu\" style=\"color:#010101\">Connect<\/div>\n\t\t<\/a>\r\n\t\t\t\t\t\t\t\t\t\t<\/div>\n\t\t\t\t<\/div>\n\t\t\t\t\t<\/div>\n\t\t<\/div>\n\t\t\t\t<div class=\"elementor-column elementor-col-50 elementor-top-column elementor-element elementor-element-f2de424 sc_inner_width_none sc_layouts_column_icons_position_left\" data-id=\"f2de424\" data-element_type=\"column\" data-settings=\"{&quot;background_background&quot;:&quot;classic&quot;}\">\n\t\t\t<div class=\"elementor-widget-wrap elementor-element-populated\">\n\t\t\t\t\t\t<div class=\"elementor-element elementor-element-beed4ee sc_fly_static elementor-widget elementor-widget-image\" data-id=\"beed4ee\" data-element_type=\"widget\" data-widget_type=\"image.default\">\n\t\t\t\t<div class=\"elementor-widget-container\">\n\t\t\t\t\t\t\t\t\t\t\t\t\t\t\t<img fetchpriority=\"high\" decoding=\"async\" width=\"1024\" height=\"1024\" src=\"https:\/\/artmotion.net\/wp-content\/uploads\/2025\/04\/super-03.svg\" class=\"attachment-large size-large wp-image-14246\" alt=\"\" \/>\t\t\t\t\t\t\t\t\t\t\t\t\t\t\t<\/div>\n\t\t\t\t<\/div>\n\t\t\t\t\t<\/div>\n\t\t<\/div>\n\t\t\t\t\t<\/div>\n\t\t<\/section>\n\t\t\t\t<section class=\"elementor-section elementor-top-section elementor-element elementor-element-2a73935 elementor-section-boxed elementor-section-height-default elementor-section-height-default\" data-id=\"2a73935\" data-element_type=\"section\">\n\t\t\t\t\t\t<div class=\"elementor-container elementor-column-gap-extended\">\n\t\t\t\t\t<div class=\"elementor-column elementor-col-100 elementor-top-column elementor-element elementor-element-0836a83 sc_inner_width_none sc_layouts_column_icons_position_left\" data-id=\"0836a83\" data-element_type=\"column\">\n\t\t\t<div class=\"elementor-widget-wrap\">\n\t\t\t\t\t\t\t<\/div>\n\t\t<\/div>\n\t\t\t\t\t<\/div>\n\t\t<\/section>\n\t\t\t\t<\/div>","protected":false},"excerpt":{"rendered":"<p>Pako Super Plus INTERNET + TV + SPORT 24.99\u20ac 149.95\u20ac 6 muaj274.90\u20ac 12 muaj Internet deri 250Mbps Resiver me 290+ TV kanale Liga sportive ekskluzive<\/p>","protected":false},"author":1,"featured_media":0,"parent":12224,"menu_order":0,"comment_status":"closed","ping_status":"closed","template":"","meta":{"inline_featured_image":false,"footnotes":""},"class_list":["post-13324","page","type-page","status-publish","hentry"],"acf":[],"yoast_head":"<!-- This site is optimized with the Yoast SEO plugin v26.1 - https:\/\/yoast.com\/wordpress\/plugins\/seo\/ -->\n<title>Pako Super Plus - Artmotion<\/title>\n<meta name=\"description\" content=\"Pako Super Plus \u2013 Internet deri n\u00eb 250 Mbps, 290+ kanale TV &amp; sportet ekskluzive. P\u00ebrjetimi m\u00eb i shpejt\u00eb me Artmotion p\u00ebr 24.99\u20ac\/muaj. Shijo ofert\u00ebn tani!\" \/>\n<meta name=\"robots\" content=\"index, follow, max-snippet:-1, max-image-preview:large, max-video-preview:-1\" \/>\n<link rel=\"canonical\" href=\"https:\/\/artmotion.net\/en\/ofertat\/pako-super-plus\/\" \/>\n<meta property=\"og:locale\" content=\"en_US\" \/>\n<meta property=\"og:type\" content=\"article\" \/>\n<meta property=\"og:title\" content=\"Pako Super Plus - Artmotion\" \/>\n<meta property=\"og:description\" content=\"Pako Super Plus \u2013 Internet deri n\u00eb 250 Mbps, 290+ kanale TV &amp; sportet ekskluzive. P\u00ebrjetimi m\u00eb i shpejt\u00eb me Artmotion p\u00ebr 24.99\u20ac\/muaj. Shijo ofert\u00ebn tani!\" \/>\n<meta property=\"og:url\" content=\"https:\/\/artmotion.net\/en\/ofertat\/pako-super-plus\/\" \/>\n<meta property=\"og:site_name\" content=\"Artmotion\" \/>\n<meta property=\"article:publisher\" content=\"https:\/\/www.facebook.com\/artmotion.net\" \/>\n<meta property=\"article:modified_time\" content=\"2025-07-31T18:47:47+00:00\" \/>\n<meta name=\"twitter:card\" content=\"summary_large_image\" \/>\n<meta name=\"twitter:label1\" content=\"Est. reading time\" \/>\n\t<meta name=\"twitter:data1\" content=\"1 minute\" \/>\n<script type=\"application\/ld+json\" class=\"yoast-schema-graph\">{\"@context\":\"https:\/\/schema.org\",\"@graph\":[{\"@type\":\"WebPage\",\"@id\":\"https:\/\/artmotion.net\/ofertat\/pako-super-plus\/\",\"url\":\"https:\/\/artmotion.net\/ofertat\/pako-super-plus\/\",\"name\":\"Pako Super Plus - Artmotion\",\"isPartOf\":{\"@id\":\"https:\/\/artmotion.net\/#website\"},\"primaryImageOfPage\":{\"@id\":\"https:\/\/artmotion.net\/ofertat\/pako-super-plus\/#primaryimage\"},\"image\":{\"@id\":\"https:\/\/artmotion.net\/ofertat\/pako-super-plus\/#primaryimage\"},\"thumbnailUrl\":\"https:\/\/artmotion.net\/wp-content\/uploads\/2025\/04\/super-03.svg\",\"datePublished\":\"2024-12-20T11:22:35+00:00\",\"dateModified\":\"2025-07-31T18:47:47+00:00\",\"description\":\"Pako Super Plus \u2013 Internet deri n\u00eb 250 Mbps, 290+ kanale TV & sportet ekskluzive. P\u00ebrjetimi m\u00eb i shpejt\u00eb me Artmotion p\u00ebr 24.99\u20ac\/muaj. Shijo ofert\u00ebn tani!\",\"breadcrumb\":{\"@id\":\"https:\/\/artmotion.net\/ofertat\/pako-super-plus\/#breadcrumb\"},\"inLanguage\":\"en-US\",\"potentialAction\":[{\"@type\":\"ReadAction\",\"target\":[\"https:\/\/artmotion.net\/ofertat\/pako-super-plus\/\"]}]},{\"@type\":\"ImageObject\",\"inLanguage\":\"en-US\",\"@id\":\"https:\/\/artmotion.net\/ofertat\/pako-super-plus\/#primaryimage\",\"url\":\"https:\/\/artmotion.net\/wp-content\/uploads\/2025\/04\/super-03.svg\",\"contentUrl\":\"https:\/\/artmotion.net\/wp-content\/uploads\/2025\/04\/super-03.svg\"},{\"@type\":\"BreadcrumbList\",\"@id\":\"https:\/\/artmotion.net\/ofertat\/pako-super-plus\/#breadcrumb\",\"itemListElement\":[{\"@type\":\"ListItem\",\"position\":1,\"name\":\"Home\",\"item\":\"https:\/\/artmotion.net\/\"},{\"@type\":\"ListItem\",\"position\":2,\"name\":\"P\u00ebr sht\u00ebpi\",\"item\":\"https:\/\/artmotion.net\/ofertat\/\"},{\"@type\":\"ListItem\",\"position\":3,\"name\":\"Pako Super Plus\"}]},{\"@type\":\"WebSite\",\"@id\":\"https:\/\/artmotion.net\/#website\",\"url\":\"https:\/\/artmotion.net\/\",\"name\":\"Artmotion\",\"description\":\"Broadband &amp; Telecom\",\"publisher\":{\"@id\":\"https:\/\/artmotion.net\/#organization\"},\"potentialAction\":[{\"@type\":\"SearchAction\",\"target\":{\"@type\":\"EntryPoint\",\"urlTemplate\":\"https:\/\/artmotion.net\/?s={search_term_string}\"},\"query-input\":{\"@type\":\"PropertyValueSpecification\",\"valueRequired\":true,\"valueName\":\"search_term_string\"}}],\"inLanguage\":\"en-US\"},{\"@type\":\"Organization\",\"@id\":\"https:\/\/artmotion.net\/#organization\",\"name\":\"Artmotion\",\"url\":\"https:\/\/artmotion.net\/\",\"logo\":{\"@type\":\"ImageObject\",\"inLanguage\":\"en-US\",\"@id\":\"https:\/\/artmotion.net\/#\/schema\/logo\/image\/\",\"url\":\"https:\/\/artmotion.net\/wp-content\/uploads\/2023\/03\/Asset-1.png\",\"contentUrl\":\"https:\/\/artmotion.net\/wp-content\/uploads\/2023\/03\/Asset-1.png\",\"width\":409,\"height\":196,\"caption\":\"Artmotion\"},\"image\":{\"@id\":\"https:\/\/artmotion.net\/#\/schema\/logo\/image\/\"},\"sameAs\":[\"https:\/\/www.facebook.com\/artmotion.net\",\"https:\/\/www.instagram.com\/artmotionnet\/?hl=en\",\"https:\/\/www.linkedin.com\/company\/artmotionnet\/\",\"https:\/\/www.youtube.com\/channel\/UCn92HPrJzmSibnIAP1n-umA\"]}]}<\/script>\n<!-- \/ Yoast SEO plugin. -->","yoast_head_json":{"title":"Pako Super Plus - Artmotion","description":"Pako Super Plus \u2013 Internet deri n\u00eb 250 Mbps, 290+ kanale TV & sportet ekskluzive. P\u00ebrjetimi m\u00eb i shpejt\u00eb me Artmotion p\u00ebr 24.99\u20ac\/muaj. Shijo ofert\u00ebn tani!","robots":{"index":"index","follow":"follow","max-snippet":"max-snippet:-1","max-image-preview":"max-image-preview:large","max-video-preview":"max-video-preview:-1"},"canonical":"https:\/\/artmotion.net\/en\/ofertat\/pako-super-plus\/","og_locale":"en_US","og_type":"article","og_title":"Pako Super Plus - Artmotion","og_description":"Pako Super Plus \u2013 Internet deri n\u00eb 250 Mbps, 290+ kanale TV & sportet ekskluzive. P\u00ebrjetimi m\u00eb i shpejt\u00eb me Artmotion p\u00ebr 24.99\u20ac\/muaj. Shijo ofert\u00ebn tani!","og_url":"https:\/\/artmotion.net\/en\/ofertat\/pako-super-plus\/","og_site_name":"Artmotion","article_publisher":"https:\/\/www.facebook.com\/artmotion.net","article_modified_time":"2025-07-31T18:47:47+00:00","twitter_card":"summary_large_image","twitter_misc":{"Est. reading time":"1 minute"},"schema":{"@context":"https:\/\/schema.org","@graph":[{"@type":"WebPage","@id":"https:\/\/artmotion.net\/ofertat\/pako-super-plus\/","url":"https:\/\/artmotion.net\/ofertat\/pako-super-plus\/","name":"Pako Super Plus - Artmotion","isPartOf":{"@id":"https:\/\/artmotion.net\/#website"},"primaryImageOfPage":{"@id":"https:\/\/artmotion.net\/ofertat\/pako-super-plus\/#primaryimage"},"image":{"@id":"https:\/\/artmotion.net\/ofertat\/pako-super-plus\/#primaryimage"},"thumbnailUrl":"https:\/\/artmotion.net\/wp-content\/uploads\/2025\/04\/super-03.svg","datePublished":"2024-12-20T11:22:35+00:00","dateModified":"2025-07-31T18:47:47+00:00","description":"Pako Super Plus \u2013 Internet deri n\u00eb 250 Mbps, 290+ kanale TV & sportet ekskluzive. P\u00ebrjetimi m\u00eb i shpejt\u00eb me Artmotion p\u00ebr 24.99\u20ac\/muaj. Shijo ofert\u00ebn tani!","breadcrumb":{"@id":"https:\/\/artmotion.net\/ofertat\/pako-super-plus\/#breadcrumb"},"inLanguage":"en-US","potentialAction":[{"@type":"ReadAction","target":["https:\/\/artmotion.net\/ofertat\/pako-super-plus\/"]}]},{"@type":"ImageObject","inLanguage":"en-US","@id":"https:\/\/artmotion.net\/ofertat\/pako-super-plus\/#primaryimage","url":"https:\/\/artmotion.net\/wp-content\/uploads\/2025\/04\/super-03.svg","contentUrl":"https:\/\/artmotion.net\/wp-content\/uploads\/2025\/04\/super-03.svg"},{"@type":"BreadcrumbList","@id":"https:\/\/artmotion.net\/ofertat\/pako-super-plus\/#breadcrumb","itemListElement":[{"@type":"ListItem","position":1,"name":"Home","item":"https:\/\/artmotion.net\/"},{"@type":"ListItem","position":2,"name":"P\u00ebr sht\u00ebpi","item":"https:\/\/artmotion.net\/ofertat\/"},{"@type":"ListItem","position":3,"name":"Pako Super Plus"}]},{"@type":"WebSite","@id":"https:\/\/artmotion.net\/#website","url":"https:\/\/artmotion.net\/","name":"Artmotion","description":"Broadband &amp; Telecom","publisher":{"@id":"https:\/\/artmotion.net\/#organization"},"potentialAction":[{"@type":"SearchAction","target":{"@type":"EntryPoint","urlTemplate":"https:\/\/artmotion.net\/?s={search_term_string}"},"query-input":{"@type":"PropertyValueSpecification","valueRequired":true,"valueName":"search_term_string"}}],"inLanguage":"en-US"},{"@type":"Organization","@id":"https:\/\/artmotion.net\/#organization","name":"Artmotion","url":"https:\/\/artmotion.net\/","logo":{"@type":"ImageObject","inLanguage":"en-US","@id":"https:\/\/artmotion.net\/#\/schema\/logo\/image\/","url":"https:\/\/artmotion.net\/wp-content\/uploads\/2023\/03\/Asset-1.png","contentUrl":"https:\/\/artmotion.net\/wp-content\/uploads\/2023\/03\/Asset-1.png","width":409,"height":196,"caption":"Artmotion"},"image":{"@id":"https:\/\/artmotion.net\/#\/schema\/logo\/image\/"},"sameAs":["https:\/\/www.facebook.com\/artmotion.net","https:\/\/www.instagram.com\/artmotionnet\/?hl=en","https:\/\/www.linkedin.com\/company\/artmotionnet\/","https:\/\/www.youtube.com\/channel\/UCn92HPrJzmSibnIAP1n-umA"]}]}},"_links":{"self":[{"href":"https:\/\/artmotion.net\/en\/wp-json\/wp\/v2\/pages\/13324","targetHints":{"allow":["GET"]}}],"collection":[{"href":"https:\/\/artmotion.net\/en\/wp-json\/wp\/v2\/pages"}],"about":[{"href":"https:\/\/artmotion.net\/en\/wp-json\/wp\/v2\/types\/page"}],"author":[{"embeddable":true,"href":"https:\/\/artmotion.net\/en\/wp-json\/wp\/v2\/users\/1"}],"replies":[{"embeddable":true,"href":"https:\/\/artmotion.net\/en\/wp-json\/wp\/v2\/comments?post=13324"}],"version-history":[{"count":55,"href":"https:\/\/artmotion.net\/en\/wp-json\/wp\/v2\/pages\/13324\/revisions"}],"predecessor-version":[{"id":14434,"href":"https:\/\/artmotion.net\/en\/wp-json\/wp\/v2\/pages\/13324\/revisions\/14434"}],"up":[{"embeddable":true,"href":"https:\/\/artmotion.net\/en\/wp-json\/wp\/v2\/pages\/12224"}],"wp:attachment":[{"href":"https:\/\/artmotion.net\/en\/wp-json\/wp\/v2\/media?parent=13324"}],"curies":[{"name":"wp","href":"https:\/\/api.w.org\/{rel}","templated":true}]}}