{"id":13074,"date":"2024-12-20T09:16:24","date_gmt":"2024-12-20T08:16:24","guid":{"rendered":"https:\/\/artmotion.net\/?page_id=13074"},"modified":"2025-04-17T13:08:57","modified_gmt":"2025-04-17T12:08:57","slug":"pako-light-plus","status":"publish","type":"page","link":"https:\/\/artmotion.net\/en\/ofertat\/pako-light-plus\/","title":{"rendered":"Light Plus"},"content":{"rendered":"<div data-elementor-type=\"wp-page\" data-elementor-id=\"13074\" class=\"elementor elementor-13074\">\n\t\t\t\t\t\t<section class=\"elementor-section elementor-top-section elementor-element elementor-element-abbbc42 elementor-section-boxed elementor-section-height-default elementor-section-height-default\" data-id=\"abbbc42\" data-element_type=\"section\">\n\t\t\t\t\t\t<div class=\"elementor-container elementor-column-gap-extended\">\n\t\t\t\t\t<div class=\"elementor-column elementor-col-50 elementor-top-column elementor-element elementor-element-3d54a00 sc_inner_width_none sc_layouts_column_icons_position_left\" data-id=\"3d54a00\" data-element_type=\"column\">\n\t\t\t<div class=\"elementor-widget-wrap elementor-element-populated\">\n\t\t\t\t\t\t<div class=\"elementor-element elementor-element-4f84f04 sc_fly_static elementor-widget elementor-widget-heading\" data-id=\"4f84f04\" data-element_type=\"widget\" data-widget_type=\"heading.default\">\n\t\t\t\t<div class=\"elementor-widget-container\">\n\t\t\t\t\t<h1 class=\"elementor-heading-title elementor-size-default\">Light Plus<\/h1>\t\t\t\t<\/div>\n\t\t\t\t<\/div>\n\t\t\t\t<div class=\"elementor-element elementor-element-ee096ff sc_fly_static elementor-widget elementor-widget-heading\" data-id=\"ee096ff\" data-element_type=\"widget\" data-widget_type=\"heading.default\">\n\t\t\t\t<div class=\"elementor-widget-container\">\n\t\t\t\t\t<h2 class=\"elementor-heading-title elementor-size-default\">INTERNET + TV<\/h2>\t\t\t\t<\/div>\n\t\t\t\t<\/div>\n\t\t\t\t<div class=\"elementor-element elementor-element-a80415c sc_fly_static elementor-widget elementor-widget-heading\" data-id=\"a80415c\" data-element_type=\"widget\" data-widget_type=\"heading.default\">\n\t\t\t\t<div class=\"elementor-widget-container\">\n\t\t\t\t\t<h3 class=\"elementor-heading-title elementor-size-default\">19.99\u20ac<\/h3>\t\t\t\t<\/div>\n\t\t\t\t<\/div>\n\t\t\t\t<div class=\"elementor-element elementor-element-e0c617c sc_fly_static elementor-widget elementor-widget-text-editor\" data-id=\"e0c617c\" data-element_type=\"widget\" data-widget_type=\"text-editor.default\">\n\t\t\t\t<div class=\"elementor-widget-container\">\n\t\t\t\t\t\t\t\t\t<p>119.95\u20ac 6 months<br \/>219.90\u20ac 12 months<\/p>\t\t\t\t\t\t\t\t<\/div>\n\t\t\t\t<\/div>\n\t\t\t\t<div class=\"elementor-element elementor-element-a0772a4 elementor-icon-list--layout-traditional elementor-list-item-link-full_width sc_fly_static elementor-widget elementor-widget-icon-list\" data-id=\"a0772a4\" data-element_type=\"widget\" data-widget_type=\"icon-list.default\">\n\t\t\t\t<div class=\"elementor-widget-container\">\n\t\t\t\t\t\t\t<ul class=\"elementor-icon-list-items\">\n\t\t\t\t\t\t\t<li class=\"elementor-icon-list-item\">\n\t\t\t\t\t\t\t\t\t\t\t<span class=\"elementor-icon-list-icon\">\n\t\t\t\t\t\t\t<i aria-hidden=\"true\" class=\"fas fa-circle\"><\/i>\t\t\t\t\t\t<\/span>\n\t\t\t\t\t\t\t\t\t\t<span class=\"elementor-icon-list-text\">Internet deri 50Mbps<\/span>\n\t\t\t\t\t\t\t\t\t<\/li>\n\t\t\t\t\t\t\t\t<li class=\"elementor-icon-list-item\">\n\t\t\t\t\t\t\t\t\t\t\t<span class=\"elementor-icon-list-icon\">\n\t\t\t\t\t\t\t<i aria-hidden=\"true\" class=\"fas fa-circle\"><\/i>\t\t\t\t\t\t<\/span>\n\t\t\t\t\t\t\t\t\t\t<span class=\"elementor-icon-list-text\">Resiver me 120 TV kanale<\/span>\n\t\t\t\t\t\t\t\t\t<\/li>\n\t\t\t\t\t\t<\/ul>\n\t\t\t\t\t\t<\/div>\n\t\t\t\t<\/div>\n\t\t\t\t<div class=\"elementor-element elementor-element-1f1a26d elementor-widget__width-initial pako-page-new sc_fly_static elementor-widget elementor-widget-text-editor\" data-id=\"1f1a26d\" data-element_type=\"widget\" data-widget_type=\"text-editor.default\">\n\t\t\t\t<div class=\"elementor-widget-container\">\n\t\t\t\t\t\t\t\t\t\t\t<a\t\t\t\thref=\"javascript:void(0)\"\r\n\t\t\t\tclass=\"sgpb-show-popup sgpb-popup-id-6945\"\r\n\t\tdata-sgpbpopupid=\"6945\"\r\n\t\tdata-popup-event=\"click\"\r\n\t\t>\r\n\t\t\n<div class=\"pako-buttons-abonohu\" style=\"color:#010101\">Connect<\/div>\n\t\t<\/a>\r\n\t\t\t\t\t\t\t\t\t\t<\/div>\n\t\t\t\t<\/div>\n\t\t\t\t\t<\/div>\n\t\t<\/div>\n\t\t\t\t<div class=\"elementor-column elementor-col-50 elementor-top-column elementor-element elementor-element-f865670 sc_inner_width_none sc_layouts_column_icons_position_left\" data-id=\"f865670\" data-element_type=\"column\" data-settings=\"{&quot;background_background&quot;:&quot;classic&quot;}\">\n\t\t\t<div class=\"elementor-widget-wrap elementor-element-populated\">\n\t\t\t\t\t\t<div class=\"elementor-element elementor-element-aa4203f sc_fly_static elementor-widget elementor-widget-image\" data-id=\"aa4203f\" data-element_type=\"widget\" data-widget_type=\"image.default\">\n\t\t\t\t<div class=\"elementor-widget-container\">\n\t\t\t\t\t\t\t\t\t\t\t\t\t\t\t<img fetchpriority=\"high\" decoding=\"async\" width=\"1024\" height=\"1024\" src=\"https:\/\/artmotion.net\/wp-content\/uploads\/2025\/04\/light-01.svg\" class=\"attachment-large size-large wp-image-14244\" alt=\"\" \/>\t\t\t\t\t\t\t\t\t\t\t\t\t\t\t<\/div>\n\t\t\t\t<\/div>\n\t\t\t\t\t<\/div>\n\t\t<\/div>\n\t\t\t\t\t<\/div>\n\t\t<\/section>\n\t\t\t\t<section class=\"elementor-section elementor-top-section elementor-element elementor-element-84fa018 elementor-section-boxed elementor-section-height-default elementor-section-height-default\" data-id=\"84fa018\" data-element_type=\"section\">\n\t\t\t\t\t\t<div class=\"elementor-container elementor-column-gap-extended\">\n\t\t\t\t\t<div class=\"elementor-column elementor-col-100 elementor-top-column elementor-element elementor-element-b998caa sc_inner_width_none sc_layouts_column_icons_position_left\" data-id=\"b998caa\" data-element_type=\"column\">\n\t\t\t<div class=\"elementor-widget-wrap\">\n\t\t\t\t\t\t\t<\/div>\n\t\t<\/div>\n\t\t\t\t\t<\/div>\n\t\t<\/section>\n\t\t\t\t<\/div>","protected":false},"excerpt":{"rendered":"<p>Pako Light Plus INTERNET + TV 19.99\u20ac 119.95\u20ac 6 muaj219.90\u20ac 12 muaj Internet deri 50Mbps Resiver me 120 TV kanale<\/p>","protected":false},"author":1,"featured_media":0,"parent":12224,"menu_order":0,"comment_status":"closed","ping_status":"closed","template":"","meta":{"inline_featured_image":false,"footnotes":""},"class_list":["post-13074","page","type-page","status-publish","hentry"],"acf":[],"yoast_head":"<!-- This site is optimized with the Yoast SEO plugin v26.1 - https:\/\/yoast.com\/wordpress\/plugins\/seo\/ -->\n<title>Pako Light Plus - Artmotion<\/title>\n<meta name=\"description\" content=\"Pako Light Plus \u2013 Internet deri n\u00eb 50 Mbps &amp; 120+ kanale TV. Shijo arg\u00ebtimin pa kufij me Artmotion p\u00ebr 19.99\u20ac\/muaj. Abonohu tani!\" \/>\n<meta name=\"robots\" content=\"index, follow, max-snippet:-1, max-image-preview:large, max-video-preview:-1\" \/>\n<link rel=\"canonical\" href=\"https:\/\/artmotion.net\/en\/ofertat\/pako-light-plus\/\" \/>\n<meta property=\"og:locale\" content=\"en_US\" \/>\n<meta property=\"og:type\" content=\"article\" \/>\n<meta property=\"og:title\" content=\"Pako Light Plus - Artmotion\" \/>\n<meta property=\"og:description\" content=\"Pako Light Plus \u2013 Internet deri n\u00eb 50 Mbps &amp; 120+ kanale TV. Shijo arg\u00ebtimin pa kufij me Artmotion p\u00ebr 19.99\u20ac\/muaj. Abonohu tani!\" \/>\n<meta property=\"og:url\" content=\"https:\/\/artmotion.net\/en\/ofertat\/pako-light-plus\/\" \/>\n<meta property=\"og:site_name\" content=\"Artmotion\" \/>\n<meta property=\"article:publisher\" content=\"https:\/\/www.facebook.com\/artmotion.net\" \/>\n<meta property=\"article:modified_time\" content=\"2025-04-17T12:08:57+00:00\" \/>\n<meta name=\"twitter:card\" content=\"summary_large_image\" \/>\n<meta name=\"twitter:label1\" content=\"Est. reading time\" \/>\n\t<meta name=\"twitter:data1\" content=\"1 minute\" \/>\n<script type=\"application\/ld+json\" class=\"yoast-schema-graph\">{\"@context\":\"https:\/\/schema.org\",\"@graph\":[{\"@type\":\"WebPage\",\"@id\":\"https:\/\/artmotion.net\/ofertat\/pako-light-plus\/\",\"url\":\"https:\/\/artmotion.net\/ofertat\/pako-light-plus\/\",\"name\":\"Pako Light Plus - Artmotion\",\"isPartOf\":{\"@id\":\"https:\/\/artmotion.net\/#website\"},\"primaryImageOfPage\":{\"@id\":\"https:\/\/artmotion.net\/ofertat\/pako-light-plus\/#primaryimage\"},\"image\":{\"@id\":\"https:\/\/artmotion.net\/ofertat\/pako-light-plus\/#primaryimage\"},\"thumbnailUrl\":\"https:\/\/artmotion.net\/wp-content\/uploads\/2025\/04\/light-01.svg\",\"datePublished\":\"2024-12-20T08:16:24+00:00\",\"dateModified\":\"2025-04-17T12:08:57+00:00\",\"description\":\"Pako Light Plus \u2013 Internet deri n\u00eb 50 Mbps & 120+ kanale TV. Shijo arg\u00ebtimin pa kufij me Artmotion p\u00ebr 19.99\u20ac\/muaj. Abonohu tani!\",\"breadcrumb\":{\"@id\":\"https:\/\/artmotion.net\/ofertat\/pako-light-plus\/#breadcrumb\"},\"inLanguage\":\"en-US\",\"potentialAction\":[{\"@type\":\"ReadAction\",\"target\":[\"https:\/\/artmotion.net\/ofertat\/pako-light-plus\/\"]}]},{\"@type\":\"ImageObject\",\"inLanguage\":\"en-US\",\"@id\":\"https:\/\/artmotion.net\/ofertat\/pako-light-plus\/#primaryimage\",\"url\":\"https:\/\/artmotion.net\/wp-content\/uploads\/2025\/04\/light-01.svg\",\"contentUrl\":\"https:\/\/artmotion.net\/wp-content\/uploads\/2025\/04\/light-01.svg\"},{\"@type\":\"BreadcrumbList\",\"@id\":\"https:\/\/artmotion.net\/ofertat\/pako-light-plus\/#breadcrumb\",\"itemListElement\":[{\"@type\":\"ListItem\",\"position\":1,\"name\":\"Home\",\"item\":\"https:\/\/artmotion.net\/\"},{\"@type\":\"ListItem\",\"position\":2,\"name\":\"P\u00ebr sht\u00ebpi\",\"item\":\"https:\/\/artmotion.net\/ofertat\/\"},{\"@type\":\"ListItem\",\"position\":3,\"name\":\"Pako Light Plus\"}]},{\"@type\":\"WebSite\",\"@id\":\"https:\/\/artmotion.net\/#website\",\"url\":\"https:\/\/artmotion.net\/\",\"name\":\"Artmotion\",\"description\":\"Broadband &amp; Telecom\",\"publisher\":{\"@id\":\"https:\/\/artmotion.net\/#organization\"},\"potentialAction\":[{\"@type\":\"SearchAction\",\"target\":{\"@type\":\"EntryPoint\",\"urlTemplate\":\"https:\/\/artmotion.net\/?s={search_term_string}\"},\"query-input\":{\"@type\":\"PropertyValueSpecification\",\"valueRequired\":true,\"valueName\":\"search_term_string\"}}],\"inLanguage\":\"en-US\"},{\"@type\":\"Organization\",\"@id\":\"https:\/\/artmotion.net\/#organization\",\"name\":\"Artmotion\",\"url\":\"https:\/\/artmotion.net\/\",\"logo\":{\"@type\":\"ImageObject\",\"inLanguage\":\"en-US\",\"@id\":\"https:\/\/artmotion.net\/#\/schema\/logo\/image\/\",\"url\":\"https:\/\/artmotion.net\/wp-content\/uploads\/2023\/03\/Asset-1.png\",\"contentUrl\":\"https:\/\/artmotion.net\/wp-content\/uploads\/2023\/03\/Asset-1.png\",\"width\":409,\"height\":196,\"caption\":\"Artmotion\"},\"image\":{\"@id\":\"https:\/\/artmotion.net\/#\/schema\/logo\/image\/\"},\"sameAs\":[\"https:\/\/www.facebook.com\/artmotion.net\",\"https:\/\/www.instagram.com\/artmotionnet\/?hl=en\",\"https:\/\/www.linkedin.com\/company\/artmotionnet\/\",\"https:\/\/www.youtube.com\/channel\/UCn92HPrJzmSibnIAP1n-umA\"]}]}<\/script>\n<!-- \/ Yoast SEO plugin. -->","yoast_head_json":{"title":"Pako Light Plus - Artmotion","description":"Pako Light Plus \u2013 Internet deri n\u00eb 50 Mbps & 120+ kanale TV. Shijo arg\u00ebtimin pa kufij me Artmotion p\u00ebr 19.99\u20ac\/muaj. Abonohu tani!","robots":{"index":"index","follow":"follow","max-snippet":"max-snippet:-1","max-image-preview":"max-image-preview:large","max-video-preview":"max-video-preview:-1"},"canonical":"https:\/\/artmotion.net\/en\/ofertat\/pako-light-plus\/","og_locale":"en_US","og_type":"article","og_title":"Pako Light Plus - Artmotion","og_description":"Pako Light Plus \u2013 Internet deri n\u00eb 50 Mbps & 120+ kanale TV. Shijo arg\u00ebtimin pa kufij me Artmotion p\u00ebr 19.99\u20ac\/muaj. Abonohu tani!","og_url":"https:\/\/artmotion.net\/en\/ofertat\/pako-light-plus\/","og_site_name":"Artmotion","article_publisher":"https:\/\/www.facebook.com\/artmotion.net","article_modified_time":"2025-04-17T12:08:57+00:00","twitter_card":"summary_large_image","twitter_misc":{"Est. reading time":"1 minute"},"schema":{"@context":"https:\/\/schema.org","@graph":[{"@type":"WebPage","@id":"https:\/\/artmotion.net\/ofertat\/pako-light-plus\/","url":"https:\/\/artmotion.net\/ofertat\/pako-light-plus\/","name":"Pako Light Plus - Artmotion","isPartOf":{"@id":"https:\/\/artmotion.net\/#website"},"primaryImageOfPage":{"@id":"https:\/\/artmotion.net\/ofertat\/pako-light-plus\/#primaryimage"},"image":{"@id":"https:\/\/artmotion.net\/ofertat\/pako-light-plus\/#primaryimage"},"thumbnailUrl":"https:\/\/artmotion.net\/wp-content\/uploads\/2025\/04\/light-01.svg","datePublished":"2024-12-20T08:16:24+00:00","dateModified":"2025-04-17T12:08:57+00:00","description":"Pako Light Plus \u2013 Internet deri n\u00eb 50 Mbps & 120+ kanale TV. Shijo arg\u00ebtimin pa kufij me Artmotion p\u00ebr 19.99\u20ac\/muaj. Abonohu tani!","breadcrumb":{"@id":"https:\/\/artmotion.net\/ofertat\/pako-light-plus\/#breadcrumb"},"inLanguage":"en-US","potentialAction":[{"@type":"ReadAction","target":["https:\/\/artmotion.net\/ofertat\/pako-light-plus\/"]}]},{"@type":"ImageObject","inLanguage":"en-US","@id":"https:\/\/artmotion.net\/ofertat\/pako-light-plus\/#primaryimage","url":"https:\/\/artmotion.net\/wp-content\/uploads\/2025\/04\/light-01.svg","contentUrl":"https:\/\/artmotion.net\/wp-content\/uploads\/2025\/04\/light-01.svg"},{"@type":"BreadcrumbList","@id":"https:\/\/artmotion.net\/ofertat\/pako-light-plus\/#breadcrumb","itemListElement":[{"@type":"ListItem","position":1,"name":"Home","item":"https:\/\/artmotion.net\/"},{"@type":"ListItem","position":2,"name":"P\u00ebr sht\u00ebpi","item":"https:\/\/artmotion.net\/ofertat\/"},{"@type":"ListItem","position":3,"name":"Pako Light Plus"}]},{"@type":"WebSite","@id":"https:\/\/artmotion.net\/#website","url":"https:\/\/artmotion.net\/","name":"Artmotion","description":"Broadband &amp; Telecom","publisher":{"@id":"https:\/\/artmotion.net\/#organization"},"potentialAction":[{"@type":"SearchAction","target":{"@type":"EntryPoint","urlTemplate":"https:\/\/artmotion.net\/?s={search_term_string}"},"query-input":{"@type":"PropertyValueSpecification","valueRequired":true,"valueName":"search_term_string"}}],"inLanguage":"en-US"},{"@type":"Organization","@id":"https:\/\/artmotion.net\/#organization","name":"Artmotion","url":"https:\/\/artmotion.net\/","logo":{"@type":"ImageObject","inLanguage":"en-US","@id":"https:\/\/artmotion.net\/#\/schema\/logo\/image\/","url":"https:\/\/artmotion.net\/wp-content\/uploads\/2023\/03\/Asset-1.png","contentUrl":"https:\/\/artmotion.net\/wp-content\/uploads\/2023\/03\/Asset-1.png","width":409,"height":196,"caption":"Artmotion"},"image":{"@id":"https:\/\/artmotion.net\/#\/schema\/logo\/image\/"},"sameAs":["https:\/\/www.facebook.com\/artmotion.net","https:\/\/www.instagram.com\/artmotionnet\/?hl=en","https:\/\/www.linkedin.com\/company\/artmotionnet\/","https:\/\/www.youtube.com\/channel\/UCn92HPrJzmSibnIAP1n-umA"]}]}},"_links":{"self":[{"href":"https:\/\/artmotion.net\/en\/wp-json\/wp\/v2\/pages\/13074","targetHints":{"allow":["GET"]}}],"collection":[{"href":"https:\/\/artmotion.net\/en\/wp-json\/wp\/v2\/pages"}],"about":[{"href":"https:\/\/artmotion.net\/en\/wp-json\/wp\/v2\/types\/page"}],"author":[{"embeddable":true,"href":"https:\/\/artmotion.net\/en\/wp-json\/wp\/v2\/users\/1"}],"replies":[{"embeddable":true,"href":"https:\/\/artmotion.net\/en\/wp-json\/wp\/v2\/comments?post=13074"}],"version-history":[{"count":277,"href":"https:\/\/artmotion.net\/en\/wp-json\/wp\/v2\/pages\/13074\/revisions"}],"predecessor-version":[{"id":14311,"href":"https:\/\/artmotion.net\/en\/wp-json\/wp\/v2\/pages\/13074\/revisions\/14311"}],"up":[{"embeddable":true,"href":"https:\/\/artmotion.net\/en\/wp-json\/wp\/v2\/pages\/12224"}],"wp:attachment":[{"href":"https:\/\/artmotion.net\/en\/wp-json\/wp\/v2\/media?parent=13074"}],"curies":[{"name":"wp","href":"https:\/\/api.w.org\/{rel}","templated":true}]}}