{"id":11828,"date":"2023-12-27T17:47:56","date_gmt":"2023-12-27T16:47:56","guid":{"rendered":"https:\/\/artmotion.net\/?page_id=11828"},"modified":"2023-12-28T10:22:00","modified_gmt":"2023-12-28T09:22:00","slug":"bbvk-pin","status":"publish","type":"page","link":"https:\/\/artmotion.net\/en\/bbvk-pin\/","title":{"rendered":"bbvk-pin"},"content":{"rendered":"<div data-elementor-type=\"wp-page\" data-elementor-id=\"11828\" class=\"elementor elementor-11828\">\n\t\t\t\t\t\t<section class=\"elementor-section elementor-top-section elementor-element elementor-element-380bbd9 elementor-section-full_width elementor-section-height-full elementor-section-content-middle elementor-section-height-default elementor-section-items-middle\" data-id=\"380bbd9\" data-element_type=\"section\" id=\"meny-bbvk\" data-settings=\"{&quot;background_background&quot;:&quot;slideshow&quot;,&quot;background_slideshow_gallery&quot;:[{&quot;id&quot;:11731,&quot;url&quot;:&quot;https:\\\/\\\/artmotion.net\\\/wp-content\\\/uploads\\\/2023\\\/10\\\/ARTIKULLI-scaled.jpg&quot;}],&quot;background_slideshow_loop&quot;:&quot;yes&quot;,&quot;background_slideshow_slide_duration&quot;:5000,&quot;background_slideshow_slide_transition&quot;:&quot;fade&quot;,&quot;background_slideshow_transition_duration&quot;:500}\">\n\t\t\t\t\t\t<div class=\"elementor-container elementor-column-gap-wide\">\n\t\t\t\t\t<div class=\"elementor-column elementor-col-33 elementor-top-column elementor-element elementor-element-0ecd214 sc_inner_width_none sc_layouts_column_icons_position_left\" data-id=\"0ecd214\" data-element_type=\"column\">\n\t\t\t<div class=\"elementor-widget-wrap\">\n\t\t\t\t\t\t\t<\/div>\n\t\t<\/div>\n\t\t\t\t<div class=\"elementor-column elementor-col-33 elementor-top-column elementor-element elementor-element-4c3b3e3 sc_inner_width_none sc_layouts_column_icons_position_left\" data-id=\"4c3b3e3\" data-element_type=\"column\">\n\t\t\t<div class=\"elementor-widget-wrap elementor-element-populated\">\n\t\t\t\t\t\t<div class=\"elementor-element elementor-element-02e7689 sc_fly_static elementor-widget elementor-widget-text-editor\" data-id=\"02e7689\" data-element_type=\"widget\" data-widget_type=\"text-editor.default\">\n\t\t\t\t<div class=\"elementor-widget-container\">\n\t\t\t\t\t\t\t\t\t&nbsp;\n<p style=\"text-align: center; line-height: 14px; font-weight:600\">P\u00ebr t\u00eb shikuar kanalet Big Brother VIP Kosova 1 dhe 2, klikoni butonin &#8220;Kliko k\u00ebtu&#8221; p\u00ebr t\u00eb shfaqur kodin<\/p>\n&nbsp;\n<div id=\"pin-pane\"><span id=\"pin-bbv\" class=\"pin-bbv\">****<\/span>\n<span id=\"pin-bbvk\" class=\"pin-bbvk\">0000 ose 1234<\/span>\n<button class=\"btn-pin\" onclick=\"myFunction()\">Kliko k\u00ebtu<\/button><\/div>\n<style>\n.pin-bbvk{\ndisplay:none;\n}\n.page_content_wrap{\n    padding-bottom: 0 !important;\n    padding-top: 0 !important;\n}\n#pin-pane{\n\t    text-align: center;\n\n}\n.pin-bbv {\n            border: 2px solid #c11579;\n            padding: 10px 30px;\n            background: #fff;\n            color: #c11579;\n            margin-right: 10px;\n            border-radius: 15px;\n            font-size: 16px;\n        }\n        .pin-bbvk {\n            display: none;\n            border: 2px solid #c11579;\n            padding: 10px 30px;\n            background: #fff;\n            color: #c11579;\n            margin-right: 10px;\n            border-radius: 15px;\n            font-size: 16px;\n        }\n        .btn-pin {\nborder: 2px solid #fff;\n            padding: 10px 30px;\n            background: #c11579;\n            color: #fff;\n            font-size: 16px;\n            margin-left: 10px;\n            cursor: pointer; \n            border-radius:14px;\nfont-weight:500;\n        }\nbutton:focus {\n    outline: none;\n}\n.elementor-element-b5af3b2{\ndisplay:none !important;\n}\n@media screen and (max-width:1025px){\n.elementor-11828 .elementor-element.elementor-element-4c3b3e3 {\n    width: 100% !important;\n}\n}\n@media screen and (max-width:575px){\n.elementor-11828 .elementor-element.elementor-element-02e7689 > .elementor-widget-container {\n    margin: 50% 0% 0% 0% !important;\n}\n}\n@media screen and (max-width:420px){\n.elementor-11828 .elementor-element.elementor-element-02e7689 > .elementor-widget-container {\n    margin: 100% 0% 0% 0% !important;\n}\n.pin-bbv{\npadding: 10px 18px !important;\n}\n.pin-bbvk{\npadding: 10px 18px !important;\n}\n.btn-pin{\npadding: 10px 18px !important;\n}\n}\n<\/style>\n\n<script>\nfunction myFunction() {\n  var x = document.getElementById(\"pin-bbv\");\n  var y = document.getElementById(\"pin-bbvk\");\n  if (x.style.display === \"none\") {\n    x.style.display = \"inline\";\n    y.style.display = \"none\";\n  } else {\n    x.style.display = \"none\";\n    y.style.display = \"inline\";\n  }\n}\n    <\/script>\t\t\t\t\t\t\t\t<\/div>\n\t\t\t\t<\/div>\n\t\t\t\t\t<\/div>\n\t\t<\/div>\n\t\t\t\t<div class=\"elementor-column elementor-col-33 elementor-top-column elementor-element elementor-element-a652e4a sc_inner_width_none sc_layouts_column_icons_position_left\" data-id=\"a652e4a\" data-element_type=\"column\">\n\t\t\t<div class=\"elementor-widget-wrap\">\n\t\t\t\t\t\t\t<\/div>\n\t\t<\/div>\n\t\t\t\t\t<\/div>\n\t\t<\/section>\n\t\t\t\t<\/div>","protected":false},"excerpt":{"rendered":"<p>&nbsp; P\u00ebr t\u00eb shikuar kanalet Big Brother VIP Kosova 1 dhe 2, klikoni butonin &#8220;Kliko k\u00ebtu&#8221; p\u00ebr t\u00eb shfaqur kodin &nbsp; **** 0000 ose 1234 Kliko k\u00ebtu<\/p>","protected":false},"author":1,"featured_media":0,"parent":0,"menu_order":0,"comment_status":"closed","ping_status":"closed","template":"","meta":{"inline_featured_image":false,"footnotes":""},"class_list":["post-11828","page","type-page","status-publish","hentry"],"acf":[],"yoast_head":"<!-- This site is optimized with the Yoast SEO plugin v26.1 - https:\/\/yoast.com\/wordpress\/plugins\/seo\/ -->\n<title>bbvk-pin - Artmotion<\/title>\n<meta name=\"robots\" content=\"index, follow, max-snippet:-1, max-image-preview:large, max-video-preview:-1\" \/>\n<link rel=\"canonical\" href=\"https:\/\/artmotion.net\/en\/bbvk-pin\/\" \/>\n<meta property=\"og:locale\" content=\"en_US\" \/>\n<meta property=\"og:type\" content=\"article\" \/>\n<meta property=\"og:title\" content=\"bbvk-pin - Artmotion\" \/>\n<meta property=\"og:description\" content=\"&nbsp; P\u00ebr t\u00eb shikuar kanalet Big Brother VIP Kosova 1 dhe 2, klikoni butonin &#8220;Kliko k\u00ebtu&#8221; p\u00ebr t\u00eb shfaqur kodin &nbsp; **** 0000 ose 1234 Kliko k\u00ebtu\" \/>\n<meta property=\"og:url\" content=\"https:\/\/artmotion.net\/en\/bbvk-pin\/\" \/>\n<meta property=\"og:site_name\" content=\"Artmotion\" \/>\n<meta property=\"article:publisher\" content=\"https:\/\/www.facebook.com\/artmotion.net\" \/>\n<meta property=\"article:modified_time\" content=\"2023-12-28T09:22:00+00:00\" \/>\n<meta name=\"twitter:card\" content=\"summary_large_image\" \/>\n<meta name=\"twitter:label1\" content=\"Est. reading time\" \/>\n\t<meta name=\"twitter:data1\" content=\"1 minute\" \/>\n<script type=\"application\/ld+json\" class=\"yoast-schema-graph\">{\"@context\":\"https:\/\/schema.org\",\"@graph\":[{\"@type\":\"WebPage\",\"@id\":\"https:\/\/artmotion.net\/bbvk-pin\/\",\"url\":\"https:\/\/artmotion.net\/bbvk-pin\/\",\"name\":\"bbvk-pin - Artmotion\",\"isPartOf\":{\"@id\":\"https:\/\/artmotion.net\/#website\"},\"datePublished\":\"2023-12-27T16:47:56+00:00\",\"dateModified\":\"2023-12-28T09:22:00+00:00\",\"breadcrumb\":{\"@id\":\"https:\/\/artmotion.net\/bbvk-pin\/#breadcrumb\"},\"inLanguage\":\"en-US\",\"potentialAction\":[{\"@type\":\"ReadAction\",\"target\":[\"https:\/\/artmotion.net\/bbvk-pin\/\"]}]},{\"@type\":\"BreadcrumbList\",\"@id\":\"https:\/\/artmotion.net\/bbvk-pin\/#breadcrumb\",\"itemListElement\":[{\"@type\":\"ListItem\",\"position\":1,\"name\":\"Home\",\"item\":\"https:\/\/artmotion.net\/\"},{\"@type\":\"ListItem\",\"position\":2,\"name\":\"bbvk-pin\"}]},{\"@type\":\"WebSite\",\"@id\":\"https:\/\/artmotion.net\/#website\",\"url\":\"https:\/\/artmotion.net\/\",\"name\":\"Artmotion\",\"description\":\"Broadband &amp; Telecom\",\"publisher\":{\"@id\":\"https:\/\/artmotion.net\/#organization\"},\"potentialAction\":[{\"@type\":\"SearchAction\",\"target\":{\"@type\":\"EntryPoint\",\"urlTemplate\":\"https:\/\/artmotion.net\/?s={search_term_string}\"},\"query-input\":{\"@type\":\"PropertyValueSpecification\",\"valueRequired\":true,\"valueName\":\"search_term_string\"}}],\"inLanguage\":\"en-US\"},{\"@type\":\"Organization\",\"@id\":\"https:\/\/artmotion.net\/#organization\",\"name\":\"Artmotion\",\"url\":\"https:\/\/artmotion.net\/\",\"logo\":{\"@type\":\"ImageObject\",\"inLanguage\":\"en-US\",\"@id\":\"https:\/\/artmotion.net\/#\/schema\/logo\/image\/\",\"url\":\"https:\/\/artmotion.net\/wp-content\/uploads\/2023\/03\/Asset-1.png\",\"contentUrl\":\"https:\/\/artmotion.net\/wp-content\/uploads\/2023\/03\/Asset-1.png\",\"width\":409,\"height\":196,\"caption\":\"Artmotion\"},\"image\":{\"@id\":\"https:\/\/artmotion.net\/#\/schema\/logo\/image\/\"},\"sameAs\":[\"https:\/\/www.facebook.com\/artmotion.net\",\"https:\/\/www.instagram.com\/artmotionnet\/?hl=en\",\"https:\/\/www.linkedin.com\/company\/artmotionnet\/\",\"https:\/\/www.youtube.com\/channel\/UCn92HPrJzmSibnIAP1n-umA\"]}]}<\/script>\n<!-- \/ Yoast SEO plugin. -->","yoast_head_json":{"title":"bbvk-pin - Artmotion","robots":{"index":"index","follow":"follow","max-snippet":"max-snippet:-1","max-image-preview":"max-image-preview:large","max-video-preview":"max-video-preview:-1"},"canonical":"https:\/\/artmotion.net\/en\/bbvk-pin\/","og_locale":"en_US","og_type":"article","og_title":"bbvk-pin - Artmotion","og_description":"&nbsp; P\u00ebr t\u00eb shikuar kanalet Big Brother VIP Kosova 1 dhe 2, klikoni butonin &#8220;Kliko k\u00ebtu&#8221; p\u00ebr t\u00eb shfaqur kodin &nbsp; **** 0000 ose 1234 Kliko k\u00ebtu","og_url":"https:\/\/artmotion.net\/en\/bbvk-pin\/","og_site_name":"Artmotion","article_publisher":"https:\/\/www.facebook.com\/artmotion.net","article_modified_time":"2023-12-28T09:22:00+00:00","twitter_card":"summary_large_image","twitter_misc":{"Est. reading time":"1 minute"},"schema":{"@context":"https:\/\/schema.org","@graph":[{"@type":"WebPage","@id":"https:\/\/artmotion.net\/bbvk-pin\/","url":"https:\/\/artmotion.net\/bbvk-pin\/","name":"bbvk-pin - Artmotion","isPartOf":{"@id":"https:\/\/artmotion.net\/#website"},"datePublished":"2023-12-27T16:47:56+00:00","dateModified":"2023-12-28T09:22:00+00:00","breadcrumb":{"@id":"https:\/\/artmotion.net\/bbvk-pin\/#breadcrumb"},"inLanguage":"en-US","potentialAction":[{"@type":"ReadAction","target":["https:\/\/artmotion.net\/bbvk-pin\/"]}]},{"@type":"BreadcrumbList","@id":"https:\/\/artmotion.net\/bbvk-pin\/#breadcrumb","itemListElement":[{"@type":"ListItem","position":1,"name":"Home","item":"https:\/\/artmotion.net\/"},{"@type":"ListItem","position":2,"name":"bbvk-pin"}]},{"@type":"WebSite","@id":"https:\/\/artmotion.net\/#website","url":"https:\/\/artmotion.net\/","name":"Artmotion","description":"Broadband &amp; Telecom","publisher":{"@id":"https:\/\/artmotion.net\/#organization"},"potentialAction":[{"@type":"SearchAction","target":{"@type":"EntryPoint","urlTemplate":"https:\/\/artmotion.net\/?s={search_term_string}"},"query-input":{"@type":"PropertyValueSpecification","valueRequired":true,"valueName":"search_term_string"}}],"inLanguage":"en-US"},{"@type":"Organization","@id":"https:\/\/artmotion.net\/#organization","name":"Artmotion","url":"https:\/\/artmotion.net\/","logo":{"@type":"ImageObject","inLanguage":"en-US","@id":"https:\/\/artmotion.net\/#\/schema\/logo\/image\/","url":"https:\/\/artmotion.net\/wp-content\/uploads\/2023\/03\/Asset-1.png","contentUrl":"https:\/\/artmotion.net\/wp-content\/uploads\/2023\/03\/Asset-1.png","width":409,"height":196,"caption":"Artmotion"},"image":{"@id":"https:\/\/artmotion.net\/#\/schema\/logo\/image\/"},"sameAs":["https:\/\/www.facebook.com\/artmotion.net","https:\/\/www.instagram.com\/artmotionnet\/?hl=en","https:\/\/www.linkedin.com\/company\/artmotionnet\/","https:\/\/www.youtube.com\/channel\/UCn92HPrJzmSibnIAP1n-umA"]}]}},"_links":{"self":[{"href":"https:\/\/artmotion.net\/en\/wp-json\/wp\/v2\/pages\/11828","targetHints":{"allow":["GET"]}}],"collection":[{"href":"https:\/\/artmotion.net\/en\/wp-json\/wp\/v2\/pages"}],"about":[{"href":"https:\/\/artmotion.net\/en\/wp-json\/wp\/v2\/types\/page"}],"author":[{"embeddable":true,"href":"https:\/\/artmotion.net\/en\/wp-json\/wp\/v2\/users\/1"}],"replies":[{"embeddable":true,"href":"https:\/\/artmotion.net\/en\/wp-json\/wp\/v2\/comments?post=11828"}],"version-history":[{"count":251,"href":"https:\/\/artmotion.net\/en\/wp-json\/wp\/v2\/pages\/11828\/revisions"}],"predecessor-version":[{"id":12082,"href":"https:\/\/artmotion.net\/en\/wp-json\/wp\/v2\/pages\/11828\/revisions\/12082"}],"wp:attachment":[{"href":"https:\/\/artmotion.net\/en\/wp-json\/wp\/v2\/media?parent=11828"}],"curies":[{"name":"wp","href":"https:\/\/api.w.org\/{rel}","templated":true}]}}