{"id":11759,"date":"2023-11-09T16:12:36","date_gmt":"2023-11-09T15:12:36","guid":{"rendered":"https:\/\/artmotion.net\/?page_id=11759"},"modified":"2024-11-08T15:25:36","modified_gmt":"2024-11-08T14:25:36","slug":"apliko-per-pune","status":"publish","type":"page","link":"https:\/\/artmotion.net\/en\/apliko-per-pune\/","title":{"rendered":"Apliko p\u00ebr pun\u00eb"},"content":{"rendered":"<div data-elementor-type=\"wp-page\" data-elementor-id=\"11759\" class=\"elementor elementor-11759\">\n\t\t\t\t\t\t<section class=\"elementor-section elementor-top-section elementor-element elementor-element-ff38d73 elementor-section-boxed elementor-section-height-default elementor-section-height-default\" data-id=\"ff38d73\" data-element_type=\"section\">\n\t\t\t\t\t\t<div class=\"elementor-container elementor-column-gap-extended\">\n\t\t\t\t\t<div class=\"elementor-column elementor-col-100 elementor-top-column elementor-element elementor-element-df33a70 sc_inner_width_none sc_layouts_column_icons_position_left\" data-id=\"df33a70\" data-element_type=\"column\">\n\t\t\t<div class=\"elementor-widget-wrap\">\n\t\t\t\t\t\t\t<\/div>\n\t\t<\/div>\n\t\t\t\t\t<\/div>\n\t\t<\/section>\n\t\t\t\t<section class=\"elementor-section elementor-top-section elementor-element elementor-element-8151ac5 elementor-section-boxed elementor-section-height-default elementor-section-height-default\" data-id=\"8151ac5\" data-element_type=\"section\">\n\t\t\t\t\t\t<div class=\"elementor-container elementor-column-gap-extended\">\n\t\t\t\t\t<div class=\"elementor-column elementor-col-100 elementor-top-column elementor-element elementor-element-9da711d sc_inner_width_none sc_layouts_column_icons_position_left\" data-id=\"9da711d\" data-element_type=\"column\">\n\t\t\t<div class=\"elementor-widget-wrap elementor-element-populated\">\n\t\t\t\t\t\t<div class=\"elementor-element elementor-element-0f97051 sc_fly_static elementor-widget elementor-widget-heading\" data-id=\"0f97051\" data-element_type=\"widget\" data-widget_type=\"heading.default\">\n\t\t\t\t<div class=\"elementor-widget-container\">\n\t\t\t\t\t<h2 class=\"elementor-heading-title elementor-size-default\">Apliko p\u00ebr pun\u00eb<\/h2>\t\t\t\t<\/div>\n\t\t\t\t<\/div>\n\t\t\t\t\t<\/div>\n\t\t<\/div>\n\t\t\t\t\t<\/div>\n\t\t<\/section>\n\t\t\t\t<section class=\"elementor-section elementor-top-section elementor-element elementor-element-e075ff7 elementor-section-boxed elementor-section-height-default elementor-section-height-default\" data-id=\"e075ff7\" data-element_type=\"section\">\n\t\t\t\t\t\t<div class=\"elementor-container elementor-column-gap-extended\">\n\t\t\t\t\t<div class=\"elementor-column elementor-col-100 elementor-top-column elementor-element elementor-element-c2035cd sc_inner_width_none sc_layouts_column_icons_position_left\" data-id=\"c2035cd\" data-element_type=\"column\">\n\t\t\t<div class=\"elementor-widget-wrap elementor-element-populated\">\n\t\t\t\t\t\t<section class=\"elementor-section elementor-inner-section elementor-element elementor-element-bacb747 elementor-section-boxed elementor-section-height-default elementor-section-height-default\" data-id=\"bacb747\" data-element_type=\"section\">\n\t\t\t\t\t\t<div class=\"elementor-container elementor-column-gap-extended\">\n\t\t\t\t\t<div class=\"elementor-column elementor-col-33 elementor-inner-column elementor-element elementor-element-308ba39 sc_inner_width_none sc_layouts_column_icons_position_left\" data-id=\"308ba39\" data-element_type=\"column\">\n\t\t\t<div class=\"elementor-widget-wrap\">\n\t\t\t\t\t\t\t<\/div>\n\t\t<\/div>\n\t\t\t\t<div class=\"elementor-column elementor-col-33 elementor-inner-column elementor-element elementor-element-344b64e sc_inner_width_none sc_layouts_column_icons_position_left\" data-id=\"344b64e\" data-element_type=\"column\">\n\t\t\t<div class=\"elementor-widget-wrap elementor-element-populated\">\n\t\t\t\t\t\t<div class=\"elementor-element elementor-element-4d01384 sc_fly_static elementor-widget elementor-widget-trx_sc_contact_form_7\" data-id=\"4d01384\" data-element_type=\"widget\" data-widget_type=\"trx_sc_contact_form_7.default\">\n\t\t\t\t<div class=\"elementor-widget-container\">\n\t\t\t\t\t\n<div class=\"wpcf7 no-js\" id=\"wpcf7-f11762-o1\" lang=\"en-US\" dir=\"ltr\" data-wpcf7-id=\"11762\">\n<div class=\"screen-reader-response\"><p role=\"status\" aria-live=\"polite\" aria-atomic=\"true\"><\/p> <ul><\/ul><\/div>\n<form action=\"\/en\/wp-json\/wp\/v2\/pages\/11759#wpcf7-f11762-o1\" method=\"post\" class=\"wpcf7-form init\" aria-label=\"Contact form\" novalidate=\"novalidate\" data-status=\"init\" data-trp-original-action=\"\/en\/wp-json\/wp\/v2\/pages\/11759#wpcf7-f11762-o1\">\n<fieldset class=\"hidden-fields-container\"><input type=\"hidden\" name=\"_wpcf7\" value=\"11762\" \/><input type=\"hidden\" name=\"_wpcf7_version\" value=\"6.1.2\" \/><input type=\"hidden\" name=\"_wpcf7_locale\" value=\"en_US\" \/><input type=\"hidden\" name=\"_wpcf7_unit_tag\" value=\"wpcf7-f11762-o1\" \/><input type=\"hidden\" name=\"_wpcf7_container_post\" value=\"0\" \/><input type=\"hidden\" name=\"_wpcf7_posted_data_hash\" value=\"\" \/><input type=\"hidden\" name=\"_wpcf7cf_hidden_group_fields\" value=\"[]\" \/><input type=\"hidden\" name=\"_wpcf7cf_hidden_groups\" value=\"[]\" \/><input type=\"hidden\" name=\"_wpcf7cf_visible_groups\" value=\"[]\" \/><input type=\"hidden\" name=\"_wpcf7cf_repeaters\" value=\"[]\" \/><input type=\"hidden\" name=\"_wpcf7cf_steps\" value=\"{}\" \/><input type=\"hidden\" name=\"_wpcf7cf_options\" value=\"{&quot;form_id&quot;:11762,&quot;conditions&quot;:[],&quot;settings&quot;:{&quot;animation&quot;:&quot;yes&quot;,&quot;animation_intime&quot;:&quot;200&quot;,&quot;animation_outtime&quot;:&quot;200&quot;,&quot;conditions_ui&quot;:&quot;normal&quot;,&quot;notice_dismissed&quot;:&quot;&quot;,&quot;notice_dismissed_rollback-cf7-6.0&quot;:true}}\" \/><input type=\"hidden\" name=\"_wpcf7_recaptcha_response\" value=\"\" \/>\n<\/fieldset>\n<fieldset>\n\t<ol>\n\t\t<li>\n\t\t\t<p>Emri * <span class=\"wpcf7-form-control-wrap\" data-name=\"emriAplikuesit\"><input size=\"40\" maxlength=\"400\" class=\"wpcf7-form-control wpcf7-text wpcf7-validates-as-required\" id=\"emriAplikuesit\" aria-required=\"true\" aria-invalid=\"false\" value=\"\" type=\"text\" name=\"emriAplikuesit\" \/><\/span>\n\t\t\t<\/p>\n\t\t<\/li>\n\t\t<li>\n\t\t\t<p>Mbiemri * <span class=\"wpcf7-form-control-wrap\" data-name=\"mbiemriAplikuesit\"><input size=\"40\" maxlength=\"400\" class=\"wpcf7-form-control wpcf7-text wpcf7-validates-as-required\" id=\"mbiemriAplikuesit\" aria-required=\"true\" aria-invalid=\"false\" value=\"\" type=\"text\" name=\"mbiemriAplikuesit\" \/><\/span>\n\t\t\t<\/p>\n\t\t<\/li>\n\t\t<li>\n\t\t\t<p>Statusi civil * <span class=\"wpcf7-form-control-wrap\" data-name=\"statusiCivil\"><select class=\"wpcf7-form-control wpcf7-select wpcf7-validates-as-required\" id=\"statusiCivil\" aria-required=\"true\" aria-invalid=\"false\" name=\"statusiCivil\"><option value=\"\">&#8212;Please choose an option&#8212;<\/option><option value=\"Martuar\">Martuar<\/option><option value=\"Beqar-e\">Beqar-e<\/option><\/select><\/span>\n\t\t\t<\/p>\n\t\t<\/li>\n\t\t<li>\n\t\t\t<p>Numri Personal * <span class=\"wpcf7-form-control-wrap\" data-name=\"nrPersonalAplikuesit\"><input size=\"40\" maxlength=\"400\" class=\"wpcf7-form-control wpcf7-text wpcf7-validates-as-required\" id=\"nrPersonalAplikuesit\" aria-required=\"true\" aria-invalid=\"false\" value=\"\" type=\"text\" name=\"nrPersonalAplikuesit\" \/><\/span>\n\t\t\t<\/p>\n\t\t<\/li>\n\t\t<li>\n\t\t\t<p>Data e lindjes * <span class=\"wpcf7-form-control-wrap\" data-name=\"dataLindjes\"><input class=\"wpcf7-form-control wpcf7-date wpcf7-validates-as-required wpcf7-validates-as-date\" id=\"dataLindjes\" aria-required=\"true\" aria-invalid=\"false\" value=\"\" type=\"date\" name=\"dataLindjes\" \/><\/span>\n\t\t\t<\/p>\n\t\t<\/li>\n\t\t<li>\n\t\t\t<p>Vendlindja * <span class=\"wpcf7-form-control-wrap\" data-name=\"vendlindjaAplikuesit\"><input size=\"40\" maxlength=\"400\" class=\"wpcf7-form-control wpcf7-text wpcf7-validates-as-required\" id=\"vendlindjaAplikuesit\" aria-required=\"true\" aria-invalid=\"false\" value=\"\" type=\"text\" name=\"vendlindjaAplikuesit\" \/><\/span>\n\t\t\t<\/p>\n\t\t<\/li>\n\t\t<li>\n\t\t\t<p>Adresa e vendbanimit zyrtar * <span class=\"wpcf7-form-control-wrap\" data-name=\"adresaAplikuesit\"><input size=\"40\" maxlength=\"400\" class=\"wpcf7-form-control wpcf7-text wpcf7-validates-as-required\" id=\"adresaAplikuesit\" aria-required=\"true\" aria-invalid=\"false\" value=\"\" type=\"text\" name=\"adresaAplikuesit\" \/><\/span>\n\t\t\t<\/p>\n\t\t<\/li>\n\t\t<li>\n\t\t\t<p>Email adresa personale * <span class=\"wpcf7-form-control-wrap\" data-name=\"emailAplikuesit\"><input size=\"40\" maxlength=\"400\" class=\"wpcf7-form-control wpcf7-email wpcf7-validates-as-required wpcf7-text wpcf7-validates-as-email\" id=\"emailAplikuesit\" aria-required=\"true\" aria-invalid=\"false\" value=\"\" type=\"email\" name=\"emailAplikuesit\" \/><\/span>\n\t\t\t<\/p>\n\t\t<\/li>\n\t\t<li>\n\t\t\t<p>Numri i telefonit personal * <span class=\"wpcf7-form-control-wrap\" data-name=\"telAplikuesit\"><input size=\"40\" maxlength=\"400\" class=\"wpcf7-form-control wpcf7-text wpcf7-validates-as-required\" id=\"telAplikuesit\" aria-required=\"true\" aria-invalid=\"false\" value=\"\" type=\"text\" name=\"telAplikuesit\" \/><\/span>\n\t\t\t<\/p>\n\t\t<\/li>\n\t\t<li>\n\t\t\t<p>Statusi i shkollimit <span class=\"wpcf7-form-control-wrap\" data-name=\"statusiShkollimit\"><span class=\"wpcf7-form-control wpcf7-radio\" id=\"statusiShkollimit\"><span class=\"wpcf7-list-item first\"><input type=\"radio\" name=\"statusiShkollimit\" value=\"I\/e diplomuar\" checked=\"checked\" \/><span class=\"wpcf7-list-item-label\">I\/e diplomuar<\/span><\/span><span class=\"wpcf7-list-item last\"><input type=\"radio\" name=\"statusiShkollimit\" value=\"Student\/e\" \/><span class=\"wpcf7-list-item-label\">Student\/e<\/span><\/span><\/span><\/span>\n\t\t\t<\/p>\n\t\t<\/li>\n\t\t<li>\n\t\t\t<p>Emri i instiucionit shkollor\u00eb * <span class=\"wpcf7-form-control-wrap\" data-name=\"emriInstitucionit\"><input size=\"40\" maxlength=\"400\" class=\"wpcf7-form-control wpcf7-text wpcf7-validates-as-required\" id=\"emriInstitucionit\" aria-required=\"true\" aria-invalid=\"false\" value=\"\" type=\"text\" name=\"emriInstitucionit\" \/><\/span>\n\t\t\t<\/p>\n\t\t<\/li>\n\t\t<li>\n\t\t\t<p>Pozita p\u00ebr t\u00eb cil\u00ebn jeni t\u00eb interesuar <span class=\"wpcf7-form-control-wrap\" data-name=\"aplikoPozita\"><select class=\"wpcf7-form-control wpcf7-select wpcf7-validates-as-required\" id=\"aplikoPozita\" aria-required=\"true\" aria-invalid=\"false\" name=\"aplikoPozita\"><option value=\"\">&#8212;Please choose an option&#8212;<\/option><option value=\"Zyre Ligjore\">Zyre Ligjore<\/option><option value=\"Burime Njer\u00ebzore\">Burime Njer\u00ebzore<\/option><option value=\"Administrat\u00eb\">Administrate<\/option><option value=\"Financa\">Financa<\/option><option value=\"Programacion\/ MCR\/ Realizim\/ Sport\">Programacion\/ MCR\/ Realizim\/ Sport<\/option><option value=\"Pikat Shit\u00ebse (Shops)\">Pikat Shit\u00ebse (Shops)<\/option><option value=\"Shitja n\u00eb terren (D2D)\">Shitja n\u00eb terren (D2D)<\/option><option value=\"Back Office\">Back Office<\/option><option value=\"Teleshitje\">Teleshitje<\/option><option value=\"Teknika\/ Teknika n\u00eb terren\">Teknika\/ Teknika n\u00eb terren<\/option><option value=\"Qendra e Kujdesit p\u00ebr Klient\u00eb\">Qendra e Kujdesit p\u00ebr Klient\u00eb<\/option><option value=\"NOC Support\">NOC Support<\/option><option value=\"Depo\/ Logjistik\u00eb\">Depo\/ Logjistik\u00eb<\/option><option value=\"Kuzhin\u00eb\">Kuzhin\u00eb<\/option><option value=\"Mir\u00ebmbajtje\">Mir\u00ebmbajtje<\/option><option value=\"Sigurim\">Sigurim<\/option><\/select><\/span>\n\t\t\t<\/p>\n\t\t<\/li>\n\t\t<li>\n\t\t\t<p>P\u00ebrvoja e pun\u00ebs n\u00ebse keni <span class=\"wpcf7-form-control-wrap\" data-name=\"Pervojaepunesnesekeni\"><textarea cols=\"40\" rows=\"10\" maxlength=\"2000\" class=\"wpcf7-form-control wpcf7-textarea\" id=\"Pervojaepunesnesekeni\" aria-invalid=\"false\" name=\"Pervojaepunesnesekeni\"><\/textarea><\/span>\n\t\t\t<\/p>\n\t\t<\/li>\n\t<\/ol>\n<\/fieldset>\n\n<p><input class=\"wpcf7-form-control wpcf7-submit has-spinner\" type=\"submit\" value=\"Apliko\" \/>\n<\/p><div class=\"wpcf7-response-output\" aria-hidden=\"true\"><\/div>\n<input type=\"hidden\" name=\"trp-form-language\" value=\"en\"\/><\/form>\n<\/div>\n\t\t\t\t<\/div>\n\t\t\t\t<\/div>\n\t\t\t\t\t<\/div>\n\t\t<\/div>\n\t\t\t\t<div class=\"elementor-column elementor-col-33 elementor-inner-column elementor-element elementor-element-793f2b1 sc_inner_width_none sc_layouts_column_icons_position_left\" data-id=\"793f2b1\" data-element_type=\"column\">\n\t\t\t<div class=\"elementor-widget-wrap\">\n\t\t\t\t\t\t\t<\/div>\n\t\t<\/div>\n\t\t\t\t\t<\/div>\n\t\t<\/section>\n\t\t\t\t\t<\/div>\n\t\t<\/div>\n\t\t\t\t\t<\/div>\n\t\t<\/section>\n\t\t\t\t<\/div>","protected":false},"excerpt":{"rendered":"<p>Apliko p\u00ebr pun\u00eb Emri * Mbiemri * Statusi civil * Zyre LigjoreBurime Njer\u00ebzoreAdministrat\u00ebFinancaProgramacion\/ MCR\/ Realizim\/ SportPikat Shit\u00ebse (Shops)Shitja n\u00eb terren (D2D)Back OfficeTeleshitjeTeknika\/ Teknika n\u00eb terrenQendra e Kujdesit p\u00ebr Klient\u00ebNOC SupportDepo\/ Logjistik\u00ebKuzhin\u00ebMir\u00ebmbajtjeSigurim Numri Personal * Data e lindjes * Vendlindja * Adresa e vendbanimit zyrtar * Email adresa personale * Numri&hellip;<\/p>","protected":false},"author":1,"featured_media":0,"parent":0,"menu_order":0,"comment_status":"closed","ping_status":"closed","template":"","meta":{"inline_featured_image":false,"footnotes":""},"class_list":["post-11759","page","type-page","status-publish","hentry"],"acf":[],"yoast_head":"<!-- This site is optimized with the Yoast SEO plugin v26.1 - https:\/\/yoast.com\/wordpress\/plugins\/seo\/ -->\n<title>Apliko p\u00ebr pun\u00eb - Artmotion<\/title>\n<meta name=\"description\" content=\"Apliko p\u00ebr pozitat e pun\u00ebs n\u00eb Artmotion! Plot\u00ebso formularin me informacionin personal dhe p\u00ebrvoj\u00ebn t\u00ebnde profesionale dhe b\u00ebhu pjes\u00eb e nj\u00eb ekipi dinamik dhe inovativ q\u00eb ofron mund\u00ebsi t\u00eb shk\u00eblqyera karriere.\" \/>\n<meta name=\"robots\" content=\"index, follow, max-snippet:-1, max-image-preview:large, max-video-preview:-1\" \/>\n<link rel=\"canonical\" href=\"https:\/\/artmotion.net\/en\/apliko-per-pune\/\" \/>\n<meta property=\"og:locale\" content=\"en_US\" \/>\n<meta property=\"og:type\" content=\"article\" \/>\n<meta property=\"og:title\" content=\"Apliko p\u00ebr pun\u00eb - Artmotion\" \/>\n<meta property=\"og:description\" content=\"Apliko p\u00ebr pozitat e pun\u00ebs n\u00eb Artmotion! Plot\u00ebso formularin me informacionin personal dhe p\u00ebrvoj\u00ebn t\u00ebnde profesionale dhe b\u00ebhu pjes\u00eb e nj\u00eb ekipi dinamik dhe inovativ q\u00eb ofron mund\u00ebsi t\u00eb shk\u00eblqyera karriere.\" \/>\n<meta property=\"og:url\" content=\"https:\/\/artmotion.net\/en\/apliko-per-pune\/\" \/>\n<meta property=\"og:site_name\" content=\"Artmotion\" \/>\n<meta property=\"article:publisher\" content=\"https:\/\/www.facebook.com\/artmotion.net\" \/>\n<meta property=\"article:modified_time\" content=\"2024-11-08T14:25:36+00:00\" \/>\n<meta name=\"twitter:card\" content=\"summary_large_image\" \/>\n<meta name=\"twitter:label1\" content=\"Est. reading time\" \/>\n\t<meta name=\"twitter:data1\" content=\"1 minute\" \/>\n<script type=\"application\/ld+json\" class=\"yoast-schema-graph\">{\"@context\":\"https:\/\/schema.org\",\"@graph\":[{\"@type\":\"WebPage\",\"@id\":\"https:\/\/artmotion.net\/apliko-per-pune\/\",\"url\":\"https:\/\/artmotion.net\/apliko-per-pune\/\",\"name\":\"Apliko p\u00ebr pun\u00eb - Artmotion\",\"isPartOf\":{\"@id\":\"https:\/\/artmotion.net\/#website\"},\"datePublished\":\"2023-11-09T15:12:36+00:00\",\"dateModified\":\"2024-11-08T14:25:36+00:00\",\"description\":\"Apliko p\u00ebr pozitat e pun\u00ebs n\u00eb Artmotion! Plot\u00ebso formularin me informacionin personal dhe p\u00ebrvoj\u00ebn t\u00ebnde profesionale dhe b\u00ebhu pjes\u00eb e nj\u00eb ekipi dinamik dhe inovativ q\u00eb ofron mund\u00ebsi t\u00eb shk\u00eblqyera karriere.\",\"breadcrumb\":{\"@id\":\"https:\/\/artmotion.net\/apliko-per-pune\/#breadcrumb\"},\"inLanguage\":\"en-US\",\"potentialAction\":[{\"@type\":\"ReadAction\",\"target\":[\"https:\/\/artmotion.net\/apliko-per-pune\/\"]}]},{\"@type\":\"BreadcrumbList\",\"@id\":\"https:\/\/artmotion.net\/apliko-per-pune\/#breadcrumb\",\"itemListElement\":[{\"@type\":\"ListItem\",\"position\":1,\"name\":\"Home\",\"item\":\"https:\/\/artmotion.net\/\"},{\"@type\":\"ListItem\",\"position\":2,\"name\":\"Apliko p\u00ebr pun\u00eb\"}]},{\"@type\":\"WebSite\",\"@id\":\"https:\/\/artmotion.net\/#website\",\"url\":\"https:\/\/artmotion.net\/\",\"name\":\"Artmotion\",\"description\":\"Broadband &amp; Telecom\",\"publisher\":{\"@id\":\"https:\/\/artmotion.net\/#organization\"},\"potentialAction\":[{\"@type\":\"SearchAction\",\"target\":{\"@type\":\"EntryPoint\",\"urlTemplate\":\"https:\/\/artmotion.net\/?s={search_term_string}\"},\"query-input\":{\"@type\":\"PropertyValueSpecification\",\"valueRequired\":true,\"valueName\":\"search_term_string\"}}],\"inLanguage\":\"en-US\"},{\"@type\":\"Organization\",\"@id\":\"https:\/\/artmotion.net\/#organization\",\"name\":\"Artmotion\",\"url\":\"https:\/\/artmotion.net\/\",\"logo\":{\"@type\":\"ImageObject\",\"inLanguage\":\"en-US\",\"@id\":\"https:\/\/artmotion.net\/#\/schema\/logo\/image\/\",\"url\":\"https:\/\/artmotion.net\/wp-content\/uploads\/2023\/03\/Asset-1.png\",\"contentUrl\":\"https:\/\/artmotion.net\/wp-content\/uploads\/2023\/03\/Asset-1.png\",\"width\":409,\"height\":196,\"caption\":\"Artmotion\"},\"image\":{\"@id\":\"https:\/\/artmotion.net\/#\/schema\/logo\/image\/\"},\"sameAs\":[\"https:\/\/www.facebook.com\/artmotion.net\",\"https:\/\/www.instagram.com\/artmotionnet\/?hl=en\",\"https:\/\/www.linkedin.com\/company\/artmotionnet\/\",\"https:\/\/www.youtube.com\/channel\/UCn92HPrJzmSibnIAP1n-umA\"]}]}<\/script>\n<!-- \/ Yoast SEO plugin. -->","yoast_head_json":{"title":"Apliko p\u00ebr pun\u00eb - Artmotion","description":"Apliko p\u00ebr pozitat e pun\u00ebs n\u00eb Artmotion! Plot\u00ebso formularin me informacionin personal dhe p\u00ebrvoj\u00ebn t\u00ebnde profesionale dhe b\u00ebhu pjes\u00eb e nj\u00eb ekipi dinamik dhe inovativ q\u00eb ofron mund\u00ebsi t\u00eb shk\u00eblqyera karriere.","robots":{"index":"index","follow":"follow","max-snippet":"max-snippet:-1","max-image-preview":"max-image-preview:large","max-video-preview":"max-video-preview:-1"},"canonical":"https:\/\/artmotion.net\/en\/apliko-per-pune\/","og_locale":"en_US","og_type":"article","og_title":"Apliko p\u00ebr pun\u00eb - Artmotion","og_description":"Apliko p\u00ebr pozitat e pun\u00ebs n\u00eb Artmotion! Plot\u00ebso formularin me informacionin personal dhe p\u00ebrvoj\u00ebn t\u00ebnde profesionale dhe b\u00ebhu pjes\u00eb e nj\u00eb ekipi dinamik dhe inovativ q\u00eb ofron mund\u00ebsi t\u00eb shk\u00eblqyera karriere.","og_url":"https:\/\/artmotion.net\/en\/apliko-per-pune\/","og_site_name":"Artmotion","article_publisher":"https:\/\/www.facebook.com\/artmotion.net","article_modified_time":"2024-11-08T14:25:36+00:00","twitter_card":"summary_large_image","twitter_misc":{"Est. reading time":"1 minute"},"schema":{"@context":"https:\/\/schema.org","@graph":[{"@type":"WebPage","@id":"https:\/\/artmotion.net\/apliko-per-pune\/","url":"https:\/\/artmotion.net\/apliko-per-pune\/","name":"Apliko p\u00ebr pun\u00eb - Artmotion","isPartOf":{"@id":"https:\/\/artmotion.net\/#website"},"datePublished":"2023-11-09T15:12:36+00:00","dateModified":"2024-11-08T14:25:36+00:00","description":"Apliko p\u00ebr pozitat e pun\u00ebs n\u00eb Artmotion! Plot\u00ebso formularin me informacionin personal dhe p\u00ebrvoj\u00ebn t\u00ebnde profesionale dhe b\u00ebhu pjes\u00eb e nj\u00eb ekipi dinamik dhe inovativ q\u00eb ofron mund\u00ebsi t\u00eb shk\u00eblqyera karriere.","breadcrumb":{"@id":"https:\/\/artmotion.net\/apliko-per-pune\/#breadcrumb"},"inLanguage":"en-US","potentialAction":[{"@type":"ReadAction","target":["https:\/\/artmotion.net\/apliko-per-pune\/"]}]},{"@type":"BreadcrumbList","@id":"https:\/\/artmotion.net\/apliko-per-pune\/#breadcrumb","itemListElement":[{"@type":"ListItem","position":1,"name":"Home","item":"https:\/\/artmotion.net\/"},{"@type":"ListItem","position":2,"name":"Apliko p\u00ebr pun\u00eb"}]},{"@type":"WebSite","@id":"https:\/\/artmotion.net\/#website","url":"https:\/\/artmotion.net\/","name":"Artmotion","description":"Broadband &amp; Telecom","publisher":{"@id":"https:\/\/artmotion.net\/#organization"},"potentialAction":[{"@type":"SearchAction","target":{"@type":"EntryPoint","urlTemplate":"https:\/\/artmotion.net\/?s={search_term_string}"},"query-input":{"@type":"PropertyValueSpecification","valueRequired":true,"valueName":"search_term_string"}}],"inLanguage":"en-US"},{"@type":"Organization","@id":"https:\/\/artmotion.net\/#organization","name":"Artmotion","url":"https:\/\/artmotion.net\/","logo":{"@type":"ImageObject","inLanguage":"en-US","@id":"https:\/\/artmotion.net\/#\/schema\/logo\/image\/","url":"https:\/\/artmotion.net\/wp-content\/uploads\/2023\/03\/Asset-1.png","contentUrl":"https:\/\/artmotion.net\/wp-content\/uploads\/2023\/03\/Asset-1.png","width":409,"height":196,"caption":"Artmotion"},"image":{"@id":"https:\/\/artmotion.net\/#\/schema\/logo\/image\/"},"sameAs":["https:\/\/www.facebook.com\/artmotion.net","https:\/\/www.instagram.com\/artmotionnet\/?hl=en","https:\/\/www.linkedin.com\/company\/artmotionnet\/","https:\/\/www.youtube.com\/channel\/UCn92HPrJzmSibnIAP1n-umA"]}]}},"_links":{"self":[{"href":"https:\/\/artmotion.net\/en\/wp-json\/wp\/v2\/pages\/11759","targetHints":{"allow":["GET"]}}],"collection":[{"href":"https:\/\/artmotion.net\/en\/wp-json\/wp\/v2\/pages"}],"about":[{"href":"https:\/\/artmotion.net\/en\/wp-json\/wp\/v2\/types\/page"}],"author":[{"embeddable":true,"href":"https:\/\/artmotion.net\/en\/wp-json\/wp\/v2\/users\/1"}],"replies":[{"embeddable":true,"href":"https:\/\/artmotion.net\/en\/wp-json\/wp\/v2\/comments?post=11759"}],"version-history":[{"count":19,"href":"https:\/\/artmotion.net\/en\/wp-json\/wp\/v2\/pages\/11759\/revisions"}],"predecessor-version":[{"id":11780,"href":"https:\/\/artmotion.net\/en\/wp-json\/wp\/v2\/pages\/11759\/revisions\/11780"}],"wp:attachment":[{"href":"https:\/\/artmotion.net\/en\/wp-json\/wp\/v2\/media?parent=11759"}],"curies":[{"name":"wp","href":"https:\/\/api.w.org\/{rel}","templated":true}]}}