{"id":10225,"date":"2023-04-07T14:58:05","date_gmt":"2023-04-07T13:58:05","guid":{"rendered":"https:\/\/demoweb.artmotion.net\/?page_id=10225"},"modified":"2023-05-03T08:21:23","modified_gmt":"2023-05-03T07:21:23","slug":"abonohu","status":"publish","type":"page","link":"https:\/\/artmotion.net\/en\/abonohu\/","title":{"rendered":"Connect"},"content":{"rendered":"<div data-elementor-type=\"wp-page\" data-elementor-id=\"10225\" class=\"elementor elementor-10225\">\n\t\t\t\t\t\t<section class=\"elementor-section elementor-top-section elementor-element elementor-element-23ba879 elementor-section-full_width elementor-section-height-min-height elementor-section-items-top elementor-section-content-top elementor-section-height-default\" data-id=\"23ba879\" data-element_type=\"section\" data-settings=\"{&quot;background_background&quot;:&quot;classic&quot;}\">\n\t\t\t\t\t\t\t<div class=\"elementor-background-overlay\"><\/div>\n\t\t\t\t\t\t\t<div class=\"elementor-container elementor-column-gap-custom\">\n\t\t\t\t\t<div class=\"elementor-column elementor-col-100 elementor-top-column elementor-element elementor-element-3bbcad7 sc_inner_width_none sc_layouts_column_icons_position_left\" data-id=\"3bbcad7\" data-element_type=\"column\" data-settings=\"{&quot;background_background&quot;:&quot;gradient&quot;}\">\n\t\t\t<div class=\"elementor-widget-wrap elementor-element-populated\">\n\t\t\t\t\t\t<div class=\"elementor-element elementor-element-cc47ffa elementor-widget__width-initial sc_fly_static elementor-widget elementor-widget-spacer\" data-id=\"cc47ffa\" data-element_type=\"widget\" data-widget_type=\"spacer.default\">\n\t\t\t\t<div class=\"elementor-widget-container\">\n\t\t\t\t\t\t\t<div class=\"elementor-spacer\">\n\t\t\t<div class=\"elementor-spacer-inner\"><\/div>\n\t\t<\/div>\n\t\t\t\t\t\t<\/div>\n\t\t\t\t<\/div>\n\t\t\t\t\t<\/div>\n\t\t<\/div>\n\t\t\t\t\t<\/div>\n\t\t<\/section>\n\t\t\t\t<section class=\"elementor-section elementor-top-section elementor-element elementor-element-a6d7ef0 elementor-section-boxed elementor-section-height-default elementor-section-height-default elementor-invisible\" data-id=\"a6d7ef0\" data-element_type=\"section\" data-settings=\"{&quot;animation&quot;:&quot;fadeIn&quot;}\">\n\t\t\t\t\t\t<div class=\"elementor-container elementor-column-gap-extended\">\n\t\t\t\t\t<div class=\"elementor-column elementor-col-25 elementor-top-column elementor-element elementor-element-9fe4d1b sc_inner_width_none sc_layouts_column_icons_position_left elementor-invisible\" data-id=\"9fe4d1b\" data-element_type=\"column\" data-settings=\"{&quot;background_background&quot;:&quot;classic&quot;,&quot;animation&quot;:&quot;slideInLeft&quot;}\">\n\t\t\t<div class=\"elementor-widget-wrap elementor-element-populated\">\n\t\t\t\t\t\t<div class=\"elementor-element elementor-element-7168429 sc_fly_static elementor-widget elementor-widget-heading\" data-id=\"7168429\" data-element_type=\"widget\" data-widget_type=\"heading.default\">\n\t\t\t\t<div class=\"elementor-widget-container\">\n\t\t\t\t\t<h4 class=\"elementor-heading-title elementor-size-default\">Light Plus<\/h4>\t\t\t\t<\/div>\n\t\t\t\t<\/div>\n\t\t\t\t<div class=\"elementor-element elementor-element-3b45d7a sc_fly_static elementor-widget elementor-widget-text-editor\" data-id=\"3b45d7a\" data-element_type=\"widget\" data-widget_type=\"text-editor.default\">\n\t\t\t\t<div class=\"elementor-widget-container\">\n\t\t\t\t\t\t\t\t\t<p>P\u00ebr internet t\u00eb rehatsh\u00ebm<\/p>\t\t\t\t\t\t\t\t<\/div>\n\t\t\t\t<\/div>\n\t\t\t\t<div class=\"elementor-element elementor-element-e367915 sc_fly_static elementor-widget elementor-widget-heading\" data-id=\"e367915\" data-element_type=\"widget\" data-widget_type=\"heading.default\">\n\t\t\t\t<div class=\"elementor-widget-container\">\n\t\t\t\t\t<h4 class=\"elementor-heading-title elementor-size-default\">19.99\u20ac<\/h4>\t\t\t\t<\/div>\n\t\t\t\t<\/div>\n\t\t\t\t<div class=\"elementor-element elementor-element-93c2293 abonohuP elementor-widget__width-initial sc_fly_static elementor-widget elementor-widget-text-editor\" data-id=\"93c2293\" data-element_type=\"widget\" data-widget_type=\"text-editor.default\">\n\t\t\t\t<div class=\"elementor-widget-container\">\n\t\t\t\t\t\t\t\t\t<p class=\"abonohuabonohu\">\t\t<a\t\t\t\thref=\"javascript:void(0)\"\r\n\t\t\t\tclass=\"sgpb-show-popup sgpb-popup-id-6945\"\r\n\t\tdata-sgpbpopupid=\"6945\"\r\n\t\tdata-popup-event=\"click\"\r\n\t\t>\r\n\t\tConnect\t\t<\/a>\r\n\t\t<\/p>\t\t\t\t\t\t\t\t<\/div>\n\t\t\t\t<\/div>\n\t\t\t\t<div class=\"elementor-element elementor-element-22b902b sc_fly_static elementor-widget elementor-widget-text-editor\" data-id=\"22b902b\" data-element_type=\"widget\" data-widget_type=\"text-editor.default\">\n\t\t\t\t<div class=\"elementor-widget-container\">\n\t\t\t\t\t\t\t\t\t<p>119.95\u20ac 6 months <br \/>219.90\u20ac 12 mauj<\/p>\t\t\t\t\t\t\t\t<\/div>\n\t\t\t\t<\/div>\n\t\t\t\t\t<\/div>\n\t\t<\/div>\n\t\t\t\t<div class=\"elementor-column elementor-col-25 elementor-top-column elementor-element elementor-element-b3340d2 sc_inner_width_none sc_layouts_column_icons_position_left elementor-invisible\" data-id=\"b3340d2\" data-element_type=\"column\" data-settings=\"{&quot;background_background&quot;:&quot;classic&quot;,&quot;animation&quot;:&quot;slideInDown&quot;}\">\n\t\t\t<div class=\"elementor-widget-wrap elementor-element-populated\">\n\t\t\t\t\t\t<div class=\"elementor-element elementor-element-998f205 sc_fly_static elementor-widget elementor-widget-image\" data-id=\"998f205\" data-element_type=\"widget\" data-widget_type=\"image.default\">\n\t\t\t\t<div class=\"elementor-widget-container\">\n\t\t\t\t\t\t\t\t\t\t\t\t\t\t\t<img decoding=\"async\" width=\"100\" height=\"97\" src=\"https:\/\/artmotion.net\/wp-content\/uploads\/2023\/03\/Asset-5.png\" class=\"attachment-thumbnail size-thumbnail wp-image-8621\" alt=\"\" \/>\t\t\t\t\t\t\t\t\t\t\t\t\t\t\t<\/div>\n\t\t\t\t<\/div>\n\t\t\t\t<div class=\"elementor-element elementor-element-9fc8356 sc_fly_static elementor-widget elementor-widget-heading\" data-id=\"9fc8356\" data-element_type=\"widget\" data-widget_type=\"heading.default\">\n\t\t\t\t<div class=\"elementor-widget-container\">\n\t\t\t\t\t<h4 class=\"elementor-heading-title elementor-size-default\">Family Plus<\/h4>\t\t\t\t<\/div>\n\t\t\t\t<\/div>\n\t\t\t\t<div class=\"elementor-element elementor-element-52a512a sc_fly_static elementor-widget elementor-widget-text-editor\" data-id=\"52a512a\" data-element_type=\"widget\" data-widget_type=\"text-editor.default\">\n\t\t\t\t<div class=\"elementor-widget-container\">\n\t\t\t\t\t\t\t\t\t<p>P\u00ebr koh\u00ebn me familje<\/p>\t\t\t\t\t\t\t\t<\/div>\n\t\t\t\t<\/div>\n\t\t\t\t<div class=\"elementor-element elementor-element-8e35f28 sc_fly_static elementor-widget elementor-widget-heading\" data-id=\"8e35f28\" data-element_type=\"widget\" data-widget_type=\"heading.default\">\n\t\t\t\t<div class=\"elementor-widget-container\">\n\t\t\t\t\t<h4 class=\"elementor-heading-title elementor-size-default\">21.99\u20ac<\/h4>\t\t\t\t<\/div>\n\t\t\t\t<\/div>\n\t\t\t\t<div class=\"elementor-element elementor-element-d01e6f4 abonohuP elementor-widget__width-initial sc_fly_static elementor-widget elementor-widget-text-editor\" data-id=\"d01e6f4\" data-element_type=\"widget\" data-widget_type=\"text-editor.default\">\n\t\t\t\t<div class=\"elementor-widget-container\">\n\t\t\t\t\t\t\t\t\t<p class=\"abonohuabonohu\">\t\t<a\t\t\t\thref=\"javascript:void(0)\"\r\n\t\t\t\tclass=\"sgpb-show-popup sgpb-popup-id-6945\"\r\n\t\tdata-sgpbpopupid=\"6945\"\r\n\t\tdata-popup-event=\"click\"\r\n\t\t>\r\n\t\tConnect\t\t<\/a>\r\n\t\t<\/p>\t\t\t\t\t\t\t\t<\/div>\n\t\t\t\t<\/div>\n\t\t\t\t<div class=\"elementor-element elementor-element-5e6124e sc_fly_static elementor-widget elementor-widget-text-editor\" data-id=\"5e6124e\" data-element_type=\"widget\" data-widget_type=\"text-editor.default\">\n\t\t\t\t<div class=\"elementor-widget-container\">\n\t\t\t\t\t\t\t\t\t<p>131.95\u20ac 6 months<br \/>241.90\u20ac 12 months<\/p>\t\t\t\t\t\t\t\t<\/div>\n\t\t\t\t<\/div>\n\t\t\t\t\t<\/div>\n\t\t<\/div>\n\t\t\t\t<div class=\"elementor-column elementor-col-25 elementor-top-column elementor-element elementor-element-3980ca9 sc_inner_width_none sc_layouts_column_icons_position_left elementor-invisible\" data-id=\"3980ca9\" data-element_type=\"column\" data-settings=\"{&quot;background_background&quot;:&quot;classic&quot;,&quot;animation&quot;:&quot;slideInUp&quot;}\">\n\t\t\t<div class=\"elementor-widget-wrap elementor-element-populated\">\n\t\t\t\t\t\t<div class=\"elementor-element elementor-element-33f74e4 sc_fly_static elementor-widget elementor-widget-image\" data-id=\"33f74e4\" data-element_type=\"widget\" data-widget_type=\"image.default\">\n\t\t\t\t<div class=\"elementor-widget-container\">\n\t\t\t\t\t\t\t\t\t\t\t\t\t\t\t<img decoding=\"async\" width=\"100\" height=\"97\" src=\"https:\/\/artmotion.net\/wp-content\/uploads\/2023\/03\/Asset-5.png\" class=\"attachment-thumbnail size-thumbnail wp-image-8621\" alt=\"\" \/>\t\t\t\t\t\t\t\t\t\t\t\t\t\t\t<\/div>\n\t\t\t\t<\/div>\n\t\t\t\t<div class=\"elementor-element elementor-element-34908a7 sc_fly_static elementor-widget elementor-widget-heading\" data-id=\"34908a7\" data-element_type=\"widget\" data-widget_type=\"heading.default\">\n\t\t\t\t<div class=\"elementor-widget-container\">\n\t\t\t\t\t<h4 class=\"elementor-heading-title elementor-size-default\">Super Plus<\/h4>\t\t\t\t<\/div>\n\t\t\t\t<\/div>\n\t\t\t\t<div class=\"elementor-element elementor-element-fb9303f sc_fly_static elementor-widget elementor-widget-text-editor\" data-id=\"fb9303f\" data-element_type=\"widget\" data-widget_type=\"text-editor.default\">\n\t\t\t\t<div class=\"elementor-widget-container\">\n\t\t\t\t\t\t\t\t\t<p>Sport dhe Bigbrother<\/p>\t\t\t\t\t\t\t\t<\/div>\n\t\t\t\t<\/div>\n\t\t\t\t<div class=\"elementor-element elementor-element-79a30f6 sc_fly_static elementor-widget elementor-widget-heading\" data-id=\"79a30f6\" data-element_type=\"widget\" data-widget_type=\"heading.default\">\n\t\t\t\t<div class=\"elementor-widget-container\">\n\t\t\t\t\t<h4 class=\"elementor-heading-title elementor-size-default\">24.99\u20ac <\/h4>\t\t\t\t<\/div>\n\t\t\t\t<\/div>\n\t\t\t\t<div class=\"elementor-element elementor-element-9211af3 abonohuP elementor-widget__width-initial sc_fly_static elementor-widget elementor-widget-text-editor\" data-id=\"9211af3\" data-element_type=\"widget\" data-widget_type=\"text-editor.default\">\n\t\t\t\t<div class=\"elementor-widget-container\">\n\t\t\t\t\t\t\t\t\t<p class=\"abonohuabonohu\">\t\t<a\t\t\t\thref=\"javascript:void(0)\"\r\n\t\t\t\tclass=\"sgpb-show-popup sgpb-popup-id-6945\"\r\n\t\tdata-sgpbpopupid=\"6945\"\r\n\t\tdata-popup-event=\"click\"\r\n\t\t>\r\n\t\tConnect\t\t<\/a>\r\n\t\t<\/p>\t\t\t\t\t\t\t\t<\/div>\n\t\t\t\t<\/div>\n\t\t\t\t<div class=\"elementor-element elementor-element-e77e840 sc_fly_static elementor-widget elementor-widget-text-editor\" data-id=\"e77e840\" data-element_type=\"widget\" data-widget_type=\"text-editor.default\">\n\t\t\t\t<div class=\"elementor-widget-container\">\n\t\t\t\t\t\t\t\t\t<p>\u00a0<\/p><p>274.90\u20ac 12 months<\/p>\t\t\t\t\t\t\t\t<\/div>\n\t\t\t\t<\/div>\n\t\t\t\t\t<\/div>\n\t\t<\/div>\n\t\t\t\t<div class=\"elementor-column elementor-col-25 elementor-top-column elementor-element elementor-element-33141e0 sc_inner_width_none sc_layouts_column_icons_position_left elementor-invisible\" data-id=\"33141e0\" data-element_type=\"column\" data-settings=\"{&quot;background_background&quot;:&quot;classic&quot;,&quot;animation&quot;:&quot;slideInRight&quot;}\">\n\t\t\t<div class=\"elementor-widget-wrap elementor-element-populated\">\n\t\t\t\t\t\t<div class=\"elementor-element elementor-element-4a0ed95 sc_fly_static elementor-widget elementor-widget-image\" data-id=\"4a0ed95\" data-element_type=\"widget\" data-widget_type=\"image.default\">\n\t\t\t\t<div class=\"elementor-widget-container\">\n\t\t\t\t\t\t\t\t\t\t\t\t\t\t\t<img decoding=\"async\" width=\"100\" height=\"97\" src=\"https:\/\/artmotion.net\/wp-content\/uploads\/2023\/03\/Asset-5.png\" class=\"attachment-thumbnail size-thumbnail wp-image-8621\" alt=\"\" \/>\t\t\t\t\t\t\t\t\t\t\t\t\t\t\t<\/div>\n\t\t\t\t<\/div>\n\t\t\t\t<div class=\"elementor-element elementor-element-054666f sc_fly_static elementor-widget elementor-widget-heading\" data-id=\"054666f\" data-element_type=\"widget\" data-widget_type=\"heading.default\">\n\t\t\t\t<div class=\"elementor-widget-container\">\n\t\t\t\t\t<h4 class=\"elementor-heading-title elementor-size-default\">Premium Plus<\/h4>\t\t\t\t<\/div>\n\t\t\t\t<\/div>\n\t\t\t\t<div class=\"elementor-element elementor-element-80876f9 sc_fly_static elementor-widget elementor-widget-text-editor\" data-id=\"80876f9\" data-element_type=\"widget\" data-widget_type=\"text-editor.default\">\n\t\t\t\t<div class=\"elementor-widget-container\">\n\t\t\t\t\t\t\t\t\t<p>T\u00eb gjitha n\u00eb plus<\/p>\t\t\t\t\t\t\t\t<\/div>\n\t\t\t\t<\/div>\n\t\t\t\t<div class=\"elementor-element elementor-element-0f5c651 sc_fly_static elementor-widget elementor-widget-heading\" data-id=\"0f5c651\" data-element_type=\"widget\" data-widget_type=\"heading.default\">\n\t\t\t\t<div class=\"elementor-widget-container\">\n\t\t\t\t\t<h4 class=\"elementor-heading-title elementor-size-default\">29.99\u20ac<\/h4>\t\t\t\t<\/div>\n\t\t\t\t<\/div>\n\t\t\t\t<div class=\"elementor-element elementor-element-8d8c813 abonohuPr elementor-widget__width-initial sc_fly_static elementor-widget elementor-widget-text-editor\" data-id=\"8d8c813\" data-element_type=\"widget\" data-widget_type=\"text-editor.default\">\n\t\t\t\t<div class=\"elementor-widget-container\">\n\t\t\t\t\t\t\t\t\t<p class=\"abonohuabonohu\">\t\t<a\t\t\t\thref=\"javascript:void(0)\"\r\n\t\t\t\tclass=\"sgpb-show-popup sgpb-popup-id-6945\"\r\n\t\tdata-sgpbpopupid=\"6945\"\r\n\t\tdata-popup-event=\"click\"\r\n\t\t>\r\n\t\tConnect\t\t<\/a>\r\n\t\t<\/p>\t\t\t\t\t\t\t\t<\/div>\n\t\t\t\t<\/div>\n\t\t\t\t<div class=\"elementor-element elementor-element-3a10e38 sc_fly_static elementor-widget elementor-widget-text-editor\" data-id=\"3a10e38\" data-element_type=\"widget\" data-widget_type=\"text-editor.default\">\n\t\t\t\t<div class=\"elementor-widget-container\">\n\t\t\t\t\t\t\t\t\t<p>\u00a0<br \/>329.90\u20ac 12 months<\/p>\t\t\t\t\t\t\t\t<\/div>\n\t\t\t\t<\/div>\n\t\t\t\t<div class=\"elementor-element elementor-element-4c038d0 sc_fly_static elementor-widget elementor-widget-image\" data-id=\"4c038d0\" data-element_type=\"widget\" data-widget_type=\"image.default\">\n\t\t\t\t<div class=\"elementor-widget-container\">\n\t\t\t\t\t\t\t\t\t\t\t\t\t\t\t<img decoding=\"async\" width=\"99\" height=\"102\" src=\"https:\/\/artmotion.net\/wp-content\/uploads\/2023\/03\/Asset-15.png\" class=\"attachment-thumbnail size-thumbnail wp-image-8791\" alt=\"\" \/>\t\t\t\t\t\t\t\t\t\t\t\t\t\t\t<\/div>\n\t\t\t\t<\/div>\n\t\t\t\t\t<\/div>\n\t\t<\/div>\n\t\t\t\t\t<\/div>\n\t\t<\/section>\n\t\t\t\t<\/div>","protected":false},"excerpt":{"rendered":"<p>Pako Light Plus P\u00ebr internet t\u00eb rehatsh\u00ebm 19.99\u20ac 119.95\u20ac 6 muaj 219.90\u20ac 12 mauj Pako Family Plus P\u00ebr koh\u00ebn me familje 21.99\u20ac 131.95\u20ac 6 muaj 241.90\u20ac 12 muaj Pako Super Plus Sport dhe Bigbrother 24.99\u20ac 274.90\u20ac 12 muaj Premium Plus T\u00eb gjitha n\u00eb plus 29.99\u20ac 329.90\u20ac 12 muaj<\/p>","protected":false},"author":1,"featured_media":11027,"parent":0,"menu_order":0,"comment_status":"closed","ping_status":"closed","template":"","meta":{"inline_featured_image":false,"footnotes":""},"class_list":["post-10225","page","type-page","status-publish","has-post-thumbnail","hentry"],"acf":[],"yoast_head":"<!-- This site is optimized with the Yoast SEO plugin v26.1 - https:\/\/yoast.com\/wordpress\/plugins\/seo\/ -->\n<title>Abonohu - Artmotion<\/title>\n<meta name=\"description\" content=\"Abonohu: PAKOT LIGHT PLUS (19.99\u20ac), FAMILY PLUS (21.99\u20ac), SUPER PLUS (24.99\u20ac), PREMIUM PLUS (29.99\u20ac), VOD, Big Brother - INTERNET + TV + SPORT\" \/>\n<meta name=\"robots\" content=\"index, follow, max-snippet:-1, max-image-preview:large, max-video-preview:-1\" \/>\n<link rel=\"canonical\" href=\"https:\/\/artmotion.net\/en\/abonohu\/\" \/>\n<meta property=\"og:locale\" content=\"en_US\" \/>\n<meta property=\"og:type\" content=\"article\" \/>\n<meta property=\"og:title\" content=\"Abonohu - Artmotion\" \/>\n<meta property=\"og:description\" content=\"Abonohu: PAKOT LIGHT PLUS (19.99\u20ac), FAMILY PLUS (21.99\u20ac), SUPER PLUS (24.99\u20ac), PREMIUM PLUS (29.99\u20ac), VOD, Big Brother - INTERNET + TV + SPORT\" \/>\n<meta property=\"og:url\" content=\"https:\/\/artmotion.net\/en\/abonohu\/\" \/>\n<meta property=\"og:site_name\" content=\"Artmotion\" \/>\n<meta property=\"article:publisher\" content=\"https:\/\/www.facebook.com\/artmotion.net\" \/>\n<meta property=\"article:modified_time\" content=\"2023-05-03T07:21:23+00:00\" \/>\n<meta property=\"og:image\" content=\"https:\/\/artmotion.net\/wp-content\/uploads\/2023\/04\/og_img-1.jpg\" \/>\n\t<meta property=\"og:image:width\" content=\"1200\" \/>\n\t<meta property=\"og:image:height\" content=\"630\" \/>\n\t<meta property=\"og:image:type\" content=\"image\/jpeg\" \/>\n<meta name=\"twitter:card\" content=\"summary_large_image\" \/>\n<meta name=\"twitter:label1\" content=\"Est. reading time\" \/>\n\t<meta name=\"twitter:data1\" content=\"2 minutes\" \/>\n<script type=\"application\/ld+json\" class=\"yoast-schema-graph\">{\"@context\":\"https:\/\/schema.org\",\"@graph\":[{\"@type\":\"WebPage\",\"@id\":\"https:\/\/artmotion.net\/abonohu\/\",\"url\":\"https:\/\/artmotion.net\/abonohu\/\",\"name\":\"Abonohu - Artmotion\",\"isPartOf\":{\"@id\":\"https:\/\/artmotion.net\/#website\"},\"primaryImageOfPage\":{\"@id\":\"https:\/\/artmotion.net\/abonohu\/#primaryimage\"},\"image\":{\"@id\":\"https:\/\/artmotion.net\/abonohu\/#primaryimage\"},\"thumbnailUrl\":\"https:\/\/artmotion.net\/wp-content\/uploads\/2023\/04\/og_img-1.jpg\",\"datePublished\":\"2023-04-07T13:58:05+00:00\",\"dateModified\":\"2023-05-03T07:21:23+00:00\",\"description\":\"Abonohu: PAKOT LIGHT PLUS (19.99\u20ac), FAMILY PLUS (21.99\u20ac), SUPER PLUS (24.99\u20ac), PREMIUM PLUS (29.99\u20ac), VOD, Big Brother - INTERNET + TV + SPORT\",\"breadcrumb\":{\"@id\":\"https:\/\/artmotion.net\/abonohu\/#breadcrumb\"},\"inLanguage\":\"en-US\",\"potentialAction\":[{\"@type\":\"ReadAction\",\"target\":[\"https:\/\/artmotion.net\/abonohu\/\"]}]},{\"@type\":\"ImageObject\",\"inLanguage\":\"en-US\",\"@id\":\"https:\/\/artmotion.net\/abonohu\/#primaryimage\",\"url\":\"https:\/\/artmotion.net\/wp-content\/uploads\/2023\/04\/og_img-1.jpg\",\"contentUrl\":\"https:\/\/artmotion.net\/wp-content\/uploads\/2023\/04\/og_img-1.jpg\",\"width\":1200,\"height\":630,\"caption\":\"Artmotion - Tjeter nivel\"},{\"@type\":\"BreadcrumbList\",\"@id\":\"https:\/\/artmotion.net\/abonohu\/#breadcrumb\",\"itemListElement\":[{\"@type\":\"ListItem\",\"position\":1,\"name\":\"Home\",\"item\":\"https:\/\/artmotion.net\/\"},{\"@type\":\"ListItem\",\"position\":2,\"name\":\"Abonohu\"}]},{\"@type\":\"WebSite\",\"@id\":\"https:\/\/artmotion.net\/#website\",\"url\":\"https:\/\/artmotion.net\/\",\"name\":\"Artmotion\",\"description\":\"Broadband &amp; Telecom\",\"publisher\":{\"@id\":\"https:\/\/artmotion.net\/#organization\"},\"potentialAction\":[{\"@type\":\"SearchAction\",\"target\":{\"@type\":\"EntryPoint\",\"urlTemplate\":\"https:\/\/artmotion.net\/?s={search_term_string}\"},\"query-input\":{\"@type\":\"PropertyValueSpecification\",\"valueRequired\":true,\"valueName\":\"search_term_string\"}}],\"inLanguage\":\"en-US\"},{\"@type\":\"Organization\",\"@id\":\"https:\/\/artmotion.net\/#organization\",\"name\":\"Artmotion\",\"url\":\"https:\/\/artmotion.net\/\",\"logo\":{\"@type\":\"ImageObject\",\"inLanguage\":\"en-US\",\"@id\":\"https:\/\/artmotion.net\/#\/schema\/logo\/image\/\",\"url\":\"https:\/\/artmotion.net\/wp-content\/uploads\/2023\/03\/Asset-1.png\",\"contentUrl\":\"https:\/\/artmotion.net\/wp-content\/uploads\/2023\/03\/Asset-1.png\",\"width\":409,\"height\":196,\"caption\":\"Artmotion\"},\"image\":{\"@id\":\"https:\/\/artmotion.net\/#\/schema\/logo\/image\/\"},\"sameAs\":[\"https:\/\/www.facebook.com\/artmotion.net\",\"https:\/\/www.instagram.com\/artmotionnet\/?hl=en\",\"https:\/\/www.linkedin.com\/company\/artmotionnet\/\",\"https:\/\/www.youtube.com\/channel\/UCn92HPrJzmSibnIAP1n-umA\"]}]}<\/script>\n<!-- \/ Yoast SEO plugin. -->","yoast_head_json":{"title":"Abonohu - Artmotion","description":"Abonohu: PAKOT LIGHT PLUS (19.99\u20ac), FAMILY PLUS (21.99\u20ac), SUPER PLUS (24.99\u20ac), PREMIUM PLUS (29.99\u20ac), VOD, Big Brother - INTERNET + TV + SPORT","robots":{"index":"index","follow":"follow","max-snippet":"max-snippet:-1","max-image-preview":"max-image-preview:large","max-video-preview":"max-video-preview:-1"},"canonical":"https:\/\/artmotion.net\/en\/abonohu\/","og_locale":"en_US","og_type":"article","og_title":"Abonohu - Artmotion","og_description":"Abonohu: PAKOT LIGHT PLUS (19.99\u20ac), FAMILY PLUS (21.99\u20ac), SUPER PLUS (24.99\u20ac), PREMIUM PLUS (29.99\u20ac), VOD, Big Brother - INTERNET + TV + SPORT","og_url":"https:\/\/artmotion.net\/en\/abonohu\/","og_site_name":"Artmotion","article_publisher":"https:\/\/www.facebook.com\/artmotion.net","article_modified_time":"2023-05-03T07:21:23+00:00","og_image":[{"width":1200,"height":630,"url":"https:\/\/artmotion.net\/wp-content\/uploads\/2023\/04\/og_img-1.jpg","type":"image\/jpeg"}],"twitter_card":"summary_large_image","twitter_misc":{"Est. reading time":"2 minutes"},"schema":{"@context":"https:\/\/schema.org","@graph":[{"@type":"WebPage","@id":"https:\/\/artmotion.net\/abonohu\/","url":"https:\/\/artmotion.net\/abonohu\/","name":"Abonohu - Artmotion","isPartOf":{"@id":"https:\/\/artmotion.net\/#website"},"primaryImageOfPage":{"@id":"https:\/\/artmotion.net\/abonohu\/#primaryimage"},"image":{"@id":"https:\/\/artmotion.net\/abonohu\/#primaryimage"},"thumbnailUrl":"https:\/\/artmotion.net\/wp-content\/uploads\/2023\/04\/og_img-1.jpg","datePublished":"2023-04-07T13:58:05+00:00","dateModified":"2023-05-03T07:21:23+00:00","description":"Abonohu: PAKOT LIGHT PLUS (19.99\u20ac), FAMILY PLUS (21.99\u20ac), SUPER PLUS (24.99\u20ac), PREMIUM PLUS (29.99\u20ac), VOD, Big Brother - INTERNET + TV + SPORT","breadcrumb":{"@id":"https:\/\/artmotion.net\/abonohu\/#breadcrumb"},"inLanguage":"en-US","potentialAction":[{"@type":"ReadAction","target":["https:\/\/artmotion.net\/abonohu\/"]}]},{"@type":"ImageObject","inLanguage":"en-US","@id":"https:\/\/artmotion.net\/abonohu\/#primaryimage","url":"https:\/\/artmotion.net\/wp-content\/uploads\/2023\/04\/og_img-1.jpg","contentUrl":"https:\/\/artmotion.net\/wp-content\/uploads\/2023\/04\/og_img-1.jpg","width":1200,"height":630,"caption":"Artmotion - Tjeter nivel"},{"@type":"BreadcrumbList","@id":"https:\/\/artmotion.net\/abonohu\/#breadcrumb","itemListElement":[{"@type":"ListItem","position":1,"name":"Home","item":"https:\/\/artmotion.net\/"},{"@type":"ListItem","position":2,"name":"Abonohu"}]},{"@type":"WebSite","@id":"https:\/\/artmotion.net\/#website","url":"https:\/\/artmotion.net\/","name":"Artmotion","description":"Broadband &amp; Telecom","publisher":{"@id":"https:\/\/artmotion.net\/#organization"},"potentialAction":[{"@type":"SearchAction","target":{"@type":"EntryPoint","urlTemplate":"https:\/\/artmotion.net\/?s={search_term_string}"},"query-input":{"@type":"PropertyValueSpecification","valueRequired":true,"valueName":"search_term_string"}}],"inLanguage":"en-US"},{"@type":"Organization","@id":"https:\/\/artmotion.net\/#organization","name":"Artmotion","url":"https:\/\/artmotion.net\/","logo":{"@type":"ImageObject","inLanguage":"en-US","@id":"https:\/\/artmotion.net\/#\/schema\/logo\/image\/","url":"https:\/\/artmotion.net\/wp-content\/uploads\/2023\/03\/Asset-1.png","contentUrl":"https:\/\/artmotion.net\/wp-content\/uploads\/2023\/03\/Asset-1.png","width":409,"height":196,"caption":"Artmotion"},"image":{"@id":"https:\/\/artmotion.net\/#\/schema\/logo\/image\/"},"sameAs":["https:\/\/www.facebook.com\/artmotion.net","https:\/\/www.instagram.com\/artmotionnet\/?hl=en","https:\/\/www.linkedin.com\/company\/artmotionnet\/","https:\/\/www.youtube.com\/channel\/UCn92HPrJzmSibnIAP1n-umA"]}]}},"_links":{"self":[{"href":"https:\/\/artmotion.net\/en\/wp-json\/wp\/v2\/pages\/10225","targetHints":{"allow":["GET"]}}],"collection":[{"href":"https:\/\/artmotion.net\/en\/wp-json\/wp\/v2\/pages"}],"about":[{"href":"https:\/\/artmotion.net\/en\/wp-json\/wp\/v2\/types\/page"}],"author":[{"embeddable":true,"href":"https:\/\/artmotion.net\/en\/wp-json\/wp\/v2\/users\/1"}],"replies":[{"embeddable":true,"href":"https:\/\/artmotion.net\/en\/wp-json\/wp\/v2\/comments?post=10225"}],"version-history":[{"count":41,"href":"https:\/\/artmotion.net\/en\/wp-json\/wp\/v2\/pages\/10225\/revisions"}],"predecessor-version":[{"id":11245,"href":"https:\/\/artmotion.net\/en\/wp-json\/wp\/v2\/pages\/10225\/revisions\/11245"}],"wp:featuredmedia":[{"embeddable":true,"href":"https:\/\/artmotion.net\/en\/wp-json\/wp\/v2\/media\/11027"}],"wp:attachment":[{"href":"https:\/\/artmotion.net\/en\/wp-json\/wp\/v2\/media?parent=10225"}],"curies":[{"name":"wp","href":"https:\/\/api.w.org\/{rel}","templated":true}]}}